{"id":14775,"date":"2019-04-02T22:43:45","date_gmt":"2019-04-02T20:43:45","guid":{"rendered":"https:\/\/dev2.mgvpublications.com\/produkt\/simyaci\/"},"modified":"2022-04-08T06:25:12","modified_gmt":"2022-04-08T04:25:12","slug":"simyaci","status":"publish","type":"product","link":"https:\/\/mgvpublications.com\/de\/simyaci\/","title":{"rendered":"Simyac\u0131"},"content":{"rendered":"<p>\u00c7evirmen: \u00d6zdemir \u0130nce<br \/>Kapak: Ay\u015fe \u00c7elen Design<br \/>Yay\u0131n Tarihi: 28.09.2021<br \/>ISBN: 9789750726439<br \/>Dil: T\u00dcRK\u00c7E<br \/>Sayfa Say\u0131s\u0131: 184<br \/>Cilt Tipi: Karton Kapak<br \/>Ka\u011f\u0131t Cinsi: Kitap Ka\u011f\u0131d\u0131<br \/>Boyut: 12 x 19.5 cm<\/p>","protected":false},"excerpt":{"rendered":"<p>Simyac\u0131, Brezilyal\u0131 eski \u015fark\u0131 s\u00f6z\u00fc yazar\u0131 Paulo Coelho&#8217;nun, yay\u0131nland\u0131\u011f\u0131 1988 y\u0131l\u0131ndan bu yana d\u00fcnyay\u0131 birbirine katan, ele\u015ftirmenler taraf\u0131ndan bir `fenomen&#8217; olarak de\u011ferlendirilen \u00fc\u00e7\u00fcnc\u00fc roman\u0131. Simyac\u0131, alt\u0131 y\u0131lda k\u0131rk iki \u00fclkede yedi milyondan fazla satt\u0131. Bu, Gabriel Garcia Marquez&#8217;den bu yana g\u00f6r\u00fclmemi\u015f bir olay. Y\u00fcre\u011finde, \u00e7ocuklu\u011funu yitirmemi\u015f olan okurlar i\u00e7in bir `klasik&#8217; kimli\u011fi kazanan Simyac\u0131&#8217;y\u0131 Saint-Exupery&#8217;nin K\u00fc\u00e7\u00fck Prens&#8217;i ve Richard Bach&#8217;\u0131n Mart\u0131 Jonathan Livingston&#8217;u ile kar\u015f\u0131la\u015ft\u0131ranlar var (Publishers Weekly). Simyac\u0131, \u0130spanya&#8217;dan kalk\u0131p M\u0131s\u0131r Piramitlerinin eteklerinde hazinesini aramaya giden End\u00fcl\u00fcsl\u00fc \u00e7oban Santiago&#8217;nun masals\u0131 ya\u015fam\u0131n\u0131n felsefi \u00f6yk\u00fcs\u00fc. Sanki bir `nasihatn\u00e2me&#8217;: `Yazg\u0131na nas\u0131l egemen olacaks\u0131n, mutlulu\u011funu nas\u0131l kuracaks\u0131n?&#8217; sorular\u0131na yan\u0131t arayan bir hayat ve ahlak k\u0131lavuzu. Mistik bir peri masal\u0131na benzeyen roman\u0131n alt\u0131 y\u0131lda, yedi milyondan fazla okur bulmas\u0131n\u0131n gizi, ku\u015fkusuz, onun bu k\u0131lavuzluk niteli\u011finden kaynaklan\u0131yor. Simyac\u0131&#8217;y\u0131 okumak, herkes daha uykudayken, g\u00fcne\u015fin do\u011fu\u015funu seyretmek i\u00e7in \u015fafak vakti uyanmaya benziyor.<\/p>","protected":false},"featured_media":23275,"template":"","meta":{"spay_email":""},"product_cat":[168],"product_tag":[],"item":[369],"acf":[],"_links":{"self":[{"href":"https:\/\/mgvpublications.com\/de\/wp-json\/wp\/v2\/product\/14775"}],"collection":[{"href":"https:\/\/mgvpublications.com\/de\/wp-json\/wp\/v2\/product"}],"about":[{"href":"https:\/\/mgvpublications.com\/de\/wp-json\/wp\/v2\/types\/product"}],"wp:featuredmedia":[{"embeddable":true,"href":"https:\/\/mgvpublications.com\/de\/wp-json\/wp\/v2\/media\/23275"}],"wp:attachment":[{"href":"https:\/\/mgvpublications.com\/de\/wp-json\/wp\/v2\/media?parent=14775"}],"wp:term":[{"taxonomy":"product_cat","embeddable":true,"href":"https:\/\/mgvpublications.com\/de\/wp-json\/wp\/v2\/product_cat?post=14775"},{"taxonomy":"product_tag","embeddable":true,"href":"https:\/\/mgvpublications.com\/de\/wp-json\/wp\/v2\/product_tag?post=14775"},{"taxonomy":"item","embeddable":true,"href":"https:\/\/mgvpublications.com\/de\/wp-json\/wp\/v2\/item?post=14775"}],"curies":[{"name":"wp","href":"https:\/\/api.w.org\/{rel}","templated":true}]}}