{"id":14766,"date":"2019-04-02T22:43:44","date_gmt":"2019-04-02T20:43:44","guid":{"rendered":"https:\/\/dev2.mgvpublications.com\/produkt\/seytan-arkadaslik-istegi-gonderdi\/"},"modified":"2024-09-10T09:58:28","modified_gmt":"2024-09-10T07:58:28","slug":"seytan-arkadaslik-istegi-gonderdi","status":"publish","type":"product","link":"https:\/\/mgvpublications.com\/de\/seytan-arkadaslik-istegi-gonderdi\/","title":{"rendered":"\u015eeytan Arkada\u015fl\u0131k \u0130ste\u011fi G\u00f6nderdi"},"content":{"rendered":"<p>Yay\u0131n Tarihi 2017-01-19<br \/>\nISBN 6055000875<br \/>\nBask\u0131 Say\u0131s\u0131 1. Bask\u0131<br \/>\nDil T\u00dcRK\u00c7E<br \/>\nSayfa Say\u0131s\u0131 240<br \/>\nCilt Tipi Karton Kapak<br \/>\nKa\u011f\u0131t Cinsi Kitap Ka\u011f\u0131d\u0131<br \/>\nBoyut 13.5 x 21 cm<\/p>","protected":false},"excerpt":{"rendered":"<p>Kitap, -sizleri s\u0131kmadan- bakmaya al\u0131\u015f\u0131k olmad\u0131\u011f\u0131n\u0131z bir tarz ve \u00fcslupla hayat\u0131n bir\u00e7ok alan\u0131na dokunuyor.<br \/>\nKitab\u0131n dili ve \u00fcslubunun yan\u0131 s\u0131ra i\u00e7eri\u011findeki ilgin\u00e7likler ve kitaptaki T\u00fcrkiye&#8217;de ilk olma \u00f6zelli\u011fi ta\u015f\u0131yan baz\u0131 s\u00fcrprizler de sizleri \u015fa\u015f\u0131rtacak.<br \/>\nKitap hi\u00e7 bitmesin isteyeceksiniz\u2026<br \/>\nKitaptan dudak u\u00e7uklatan ba\u015fl\u0131klar:<\/p>","protected":false},"featured_media":14767,"template":"","meta":{"spay_email":""},"product_cat":[168],"product_tag":[],"item":[335],"acf":[],"_links":{"self":[{"href":"https:\/\/mgvpublications.com\/de\/wp-json\/wp\/v2\/product\/14766"}],"collection":[{"href":"https:\/\/mgvpublications.com\/de\/wp-json\/wp\/v2\/product"}],"about":[{"href":"https:\/\/mgvpublications.com\/de\/wp-json\/wp\/v2\/types\/product"}],"wp:featuredmedia":[{"embeddable":true,"href":"https:\/\/mgvpublications.com\/de\/wp-json\/wp\/v2\/media\/14767"}],"wp:attachment":[{"href":"https:\/\/mgvpublications.com\/de\/wp-json\/wp\/v2\/media?parent=14766"}],"wp:term":[{"taxonomy":"product_cat","embeddable":true,"href":"https:\/\/mgvpublications.com\/de\/wp-json\/wp\/v2\/product_cat?post=14766"},{"taxonomy":"product_tag","embeddable":true,"href":"https:\/\/mgvpublications.com\/de\/wp-json\/wp\/v2\/product_tag?post=14766"},{"taxonomy":"item","embeddable":true,"href":"https:\/\/mgvpublications.com\/de\/wp-json\/wp\/v2\/item?post=14766"}],"curies":[{"name":"wp","href":"https:\/\/api.w.org\/{rel}","templated":true}]}}