{"id":14754,"date":"2019-04-02T22:43:43","date_gmt":"2019-04-02T20:43:43","guid":{"rendered":"https:\/\/dev2.mgvpublications.com\/produkt\/satir-arasi-hikayeler\/"},"modified":"2022-03-08T22:48:00","modified_gmt":"2022-03-08T21:48:00","slug":"satir-arasi-hikayeler","status":"publish","type":"product","link":"https:\/\/mgvpublications.com\/de\/satir-arasi-hikayeler\/","title":{"rendered":"Sat\u0131r Aras\u0131 Hikayeler"},"content":{"rendered":"<p>Yay\u0131n Tarihi: 2017-11-04<br \/>\nISBN: 9759969486<br \/>\nBask\u0131 Say\u0131s\u0131: 1. Bask\u0131<br \/>\nDil: T\u00dcRK\u00c7E<br \/>\nCilt Tipi: Karton Kapak<br \/>\nKa\u011f\u0131t Cinsi: Kitap Ka\u011f\u0131d\u0131<br \/>\nBoyut: 13.5 x 19.5 cm<\/p>","protected":false},"excerpt":{"rendered":"<p>Vezir olman\u0131n adam olmaya yetmedi\u011fini hik\u00e2yelerden \u00f6\u011frendik, kimsenin yapt\u0131\u011f\u0131n\u0131n yan\u0131na k\u00e2r kalmayaca\u011f\u0131n\u0131, bir b\u00f6ce\u011fin bile sebepsiz yarat\u0131lmad\u0131\u011f\u0131n\u0131, her i\u015fte bir hay\u0131r oldu\u011funu, sevmeyi, sevilmeyi, c\u00f6mertli\u011fi, kahramanl\u0131\u011f\u0131, sayg\u0131y\u0131, adam olmay\u0131, incitmemeyi, hatta \u2018insan\u2019 olmay\u0131 hik\u00e2yelerden \u00f6\u011frendik.<\/p>\n<p>Bu miras yar\u0131nlara ta\u015f\u0131nmal\u0131yd\u0131. Kimi kal\u0131n ciltli kitaplar\u0131n sayfalar\u0131 aras\u0131nda saklanm\u0131\u015f, kimi dilden dile as\u0131rlard\u0131r dola\u015fagelen bu hikayeler asla unutulmamal\u0131yd\u0131. Yar\u0131nlar\u0131n \u00e7ocuklar\u0131 soba ba\u015f\u0131nda \u0131s\u0131nmay\u0131 bilmeseler de, m\u0131s\u0131rlar\u0131n \u00e7\u0131t\u0131rt\u0131s\u0131n\u0131 duymayacak olsalar da, en az\u0131ndan bu muhte\u015fem mirastan mahrum kalmamal\u0131yd\u0131lar\u2026<\/p>","protected":false},"featured_media":14755,"template":"","meta":{"spay_email":""},"product_cat":[166,168],"product_tag":[],"item":[354],"acf":[],"_links":{"self":[{"href":"https:\/\/mgvpublications.com\/de\/wp-json\/wp\/v2\/product\/14754"}],"collection":[{"href":"https:\/\/mgvpublications.com\/de\/wp-json\/wp\/v2\/product"}],"about":[{"href":"https:\/\/mgvpublications.com\/de\/wp-json\/wp\/v2\/types\/product"}],"wp:featuredmedia":[{"embeddable":true,"href":"https:\/\/mgvpublications.com\/de\/wp-json\/wp\/v2\/media\/14755"}],"wp:attachment":[{"href":"https:\/\/mgvpublications.com\/de\/wp-json\/wp\/v2\/media?parent=14754"}],"wp:term":[{"taxonomy":"product_cat","embeddable":true,"href":"https:\/\/mgvpublications.com\/de\/wp-json\/wp\/v2\/product_cat?post=14754"},{"taxonomy":"product_tag","embeddable":true,"href":"https:\/\/mgvpublications.com\/de\/wp-json\/wp\/v2\/product_tag?post=14754"},{"taxonomy":"item","embeddable":true,"href":"https:\/\/mgvpublications.com\/de\/wp-json\/wp\/v2\/item?post=14754"}],"curies":[{"name":"wp","href":"https:\/\/api.w.org\/{rel}","templated":true}]}}