{"id":14739,"date":"2019-04-02T22:43:43","date_gmt":"2019-04-02T20:43:43","guid":{"rendered":"https:\/\/dev2.mgvpublications.com\/produkt\/rabbani-hayat-ve-ilim\/"},"modified":"2022-03-08T22:47:57","modified_gmt":"2022-03-08T21:47:57","slug":"rabbani-hayat-ve-ilim","status":"publish","type":"product","link":"https:\/\/mgvpublications.com\/de\/rabbani-hayat-ve-ilim\/","title":{"rendered":"Rabbani Hayat ve \u0130lim"},"content":{"rendered":"<p>\u00c7evirmen: Sava\u015f Kocaba\u015f<br \/>\nYay\u0131n Tarihi 2008-04-25<br \/>\nISBN 9944047807<br \/>\nBask\u0131 Say\u0131s\u0131 1. Bask\u0131<br \/>\nDil T\u00dcRK\u00c7E<br \/>\nSayfa Say\u0131s\u0131 215<br \/>\nCilt Tipi Karton Kapak<br \/>\nKa\u011f\u0131t Cinsi Kitap Ka\u011f\u0131d\u0131<br \/>\nBoyut 13.5 x 21 cm<\/p>","protected":false},"excerpt":{"rendered":"<p>\u201cBu \u00e7al\u0131\u015fmada, Kur&#8217;an-\u0131 Kerim\u2019in muhkem ayetlerinden ve p\u00e2k S\u00fcnnet\u2019in sahih hadislerinden yararlanarak \u201ctasavvuf\u201du \u0130sl\u00e2m\u00ee temellerine d\u00f6nd\u00fcrmeye \u00e7al\u0131\u015faca\u011f\u0131m. Ger\u00e7ek tasavvufu, \u0130sl\u00e2m\u2019\u0131n tabiat\u0131ndan ve mutedilli\u011finden uzak yabanc\u0131 kaynaklardan ona bula\u015fan be\u015feri vehimler, hev\u00e2lar, ifratlar ve tefritler sebebiyle onun safl\u0131\u011f\u0131n\u0131 bozan ve \u00f6z\u00fcn\u00fc lekeleyen kirlerden ar\u0131nd\u0131rmaya gayret g\u00f6sterece\u011fim. \u2026\u0130sl\u00e2m\u2019da m\u00e2nevi hayat Eb\u00fb Bekir, \u00d6mer, Ali, Eb\u00fb Zerr, Eb\u00fb Derda, Selman, Abdullah b. Amr (r.ahm) ve ba\u015fka sahabeler gibi \u00e2bid ve z\u00e2hid kimseleri kapsad\u0131\u011f\u0131 gibi t\u00f6vbe eden g\u00fcnahkarlar\u0131 da kapsar. G\u00fcnahlar\u0131 ne kadar b\u00fcy\u00fck olursa olsun, nefislerine ne kadar \u00e7ok zulmetmi\u015f olurlarsa olsunlar rahmet kap\u0131s\u0131 \u00fczerlerine kapat\u0131lmaz. Allah\u2019\u0131n rahmeti her \u015feyi ku\u015fatm\u0131\u015ft\u0131r. \u201d<\/p>","protected":false},"featured_media":14740,"template":"","meta":{"spay_email":""},"product_cat":[174],"product_tag":[],"item":[428],"acf":[],"_links":{"self":[{"href":"https:\/\/mgvpublications.com\/de\/wp-json\/wp\/v2\/product\/14739"}],"collection":[{"href":"https:\/\/mgvpublications.com\/de\/wp-json\/wp\/v2\/product"}],"about":[{"href":"https:\/\/mgvpublications.com\/de\/wp-json\/wp\/v2\/types\/product"}],"wp:featuredmedia":[{"embeddable":true,"href":"https:\/\/mgvpublications.com\/de\/wp-json\/wp\/v2\/media\/14740"}],"wp:attachment":[{"href":"https:\/\/mgvpublications.com\/de\/wp-json\/wp\/v2\/media?parent=14739"}],"wp:term":[{"taxonomy":"product_cat","embeddable":true,"href":"https:\/\/mgvpublications.com\/de\/wp-json\/wp\/v2\/product_cat?post=14739"},{"taxonomy":"product_tag","embeddable":true,"href":"https:\/\/mgvpublications.com\/de\/wp-json\/wp\/v2\/product_tag?post=14739"},{"taxonomy":"item","embeddable":true,"href":"https:\/\/mgvpublications.com\/de\/wp-json\/wp\/v2\/item?post=14739"}],"curies":[{"name":"wp","href":"https:\/\/api.w.org\/{rel}","templated":true}]}}