{"id":14736,"date":"2019-04-02T22:43:42","date_gmt":"2019-04-02T20:43:42","guid":{"rendered":"https:\/\/dev2.mgvpublications.com\/produkt\/peygamberimizin-hayati-gencler-icin\/"},"modified":"2022-04-05T15:45:39","modified_gmt":"2022-04-05T13:45:39","slug":"peygamberimizin-hayati-gencler-icin","status":"publish","type":"product","link":"https:\/\/mgvpublications.com\/de\/peygamberimizin-hayati-gencler-icin\/","title":{"rendered":"Peygamberimizin Hayat\u0131 &#8211; Gen\u00e7ler \u0130\u00e7in"},"content":{"rendered":"<p>Yay\u0131n Tarihi: 20.05.2017<br \/>ISBN: 9786059494342<br \/>Dil: T\u00dcRK\u00c7E<br \/>Sayfa Say\u0131s\u0131: 320<br \/>Cilt Tipi: Karton Kapak<br \/>Ka\u011f\u0131t Cinsi: Kitap Ka\u011f\u0131d\u0131<br \/>Boyut: 13.5 x 21 cm<\/p>","protected":false},"excerpt":{"rendered":"<p>Peygamber&#8217;imizin hayat\u0131n\u0131n anla\u015f\u0131lmas\u0131 ve hadislerinin \u00f6\u011frenilmesi i\u00e7in uzun y\u0131llardan beri gayret sarf eden Ya\u015far Kandemir hoca efendinin \u00e7ocuklar ve gen\u00e7ler i\u00e7in kaleme ald\u0131\u011f\u0131 \u00e7al\u0131\u015fmas\u0131 yay\u0131nlan\u0131yor. Yay\u0131nevimizden \u00e7\u0131kan ba\u015fka bir\u00e7ok kitab\u0131n\u0131n yan\u0131 s\u0131ra Peygamberimizin Dilinden K\u0131ssalar, Hik\u00e2yelerle 40 Hadis, Hayat\u0131m\u0131za Peygamber Modeli, Peygamberimizden 101 Hat\u0131ra ve di\u011fer kitaplar\u0131yla birlikte de okunabilecek eser sahih kaynaklar do\u011frultusunda, ilk gen\u00e7lik \u00e7a\u011f\u0131n\u0131n dili dikkate al\u0131narak haz\u0131rlanm\u0131\u015ft\u0131r.<\/p>","protected":false},"featured_media":20156,"template":"","meta":{"spay_email":""},"product_cat":[174],"product_tag":[],"item":[363],"acf":[],"_links":{"self":[{"href":"https:\/\/mgvpublications.com\/de\/wp-json\/wp\/v2\/product\/14736"}],"collection":[{"href":"https:\/\/mgvpublications.com\/de\/wp-json\/wp\/v2\/product"}],"about":[{"href":"https:\/\/mgvpublications.com\/de\/wp-json\/wp\/v2\/types\/product"}],"wp:featuredmedia":[{"embeddable":true,"href":"https:\/\/mgvpublications.com\/de\/wp-json\/wp\/v2\/media\/20156"}],"wp:attachment":[{"href":"https:\/\/mgvpublications.com\/de\/wp-json\/wp\/v2\/media?parent=14736"}],"wp:term":[{"taxonomy":"product_cat","embeddable":true,"href":"https:\/\/mgvpublications.com\/de\/wp-json\/wp\/v2\/product_cat?post=14736"},{"taxonomy":"product_tag","embeddable":true,"href":"https:\/\/mgvpublications.com\/de\/wp-json\/wp\/v2\/product_tag?post=14736"},{"taxonomy":"item","embeddable":true,"href":"https:\/\/mgvpublications.com\/de\/wp-json\/wp\/v2\/item?post=14736"}],"curies":[{"name":"wp","href":"https:\/\/api.w.org\/{rel}","templated":true}]}}