{"id":14694,"date":"2019-04-02T22:43:40","date_gmt":"2019-04-02T20:43:40","guid":{"rendered":"https:\/\/dev2.mgvpublications.com\/produkt\/mutlu-bir-ailenin-kriterleri\/"},"modified":"2022-03-08T22:47:52","modified_gmt":"2022-03-08T21:47:52","slug":"mutlu-bir-ailenin-kriterleri","status":"publish","type":"product","link":"https:\/\/mgvpublications.com\/de\/mutlu-bir-ailenin-kriterleri\/","title":{"rendered":"Mutlu Bir Ailenin Kriterleri"},"content":{"rendered":"<p>Yay\u0131n Tarihi 2015-11-09<br \/>\nISBN 6055000585<br \/>\nBask\u0131 Say\u0131s\u0131 1. Bask\u0131<br \/>\nDil T\u00dcRK\u00c7E<br \/>\nSayfa Say\u0131s\u0131 336<br \/>\nCilt Tipi Karton Kapak<br \/>\nKa\u011f\u0131t Cinsi Kitap Ka\u011f\u0131d\u0131<br \/>\nBoyut 13.5 x 21 cm<\/p>","protected":false},"excerpt":{"rendered":"<p>Aile, toplumun \u00e7ekirde\u011fi ve sosyal hayata nefer haz\u0131rlayan ilk birim olmas\u0131 hasebiyle, onun temellerinin sa\u011flam at\u0131lmas\u0131 ve aile hayat\u0131n\u0131n, Yarat\u0131c\u0131n\u0131n murad\u0131na uygun s\u00fcrd\u00fcr\u00fclmesi gerekmektedir.<br \/>\nAilenin temel unsurlar\u0131 olan erkek ve kad\u0131n\u0131n da, y\u00fcce Allah\u2019\u0131n (c.c.) r\u0131zas\u0131n\u0131 kazanabilmesi ve mutlu bir aile olabilmesi, hak ve hakikat \u00fczere birbirleriyle uyum i\u00e7inde olmalar\u0131yla m\u00fcmk\u00fcnd\u00fcr.<br \/>\n\u0130\u015fte biz de, bu \u00e7al\u0131\u015fmam\u0131zda hep bunun ehemmiyetine odakland\u0131k, bunu vurgulamaya \u00e7al\u0131\u015ft\u0131k. Bu d\u00fc\u015f\u00fcnceyle haz\u0131rlanan eserden istifade edilece\u011fini \u00fcmit ediyoruz.<\/p>","protected":false},"featured_media":14695,"template":"","meta":{"spay_email":""},"product_cat":[171],"product_tag":[],"item":[335],"acf":[],"_links":{"self":[{"href":"https:\/\/mgvpublications.com\/de\/wp-json\/wp\/v2\/product\/14694"}],"collection":[{"href":"https:\/\/mgvpublications.com\/de\/wp-json\/wp\/v2\/product"}],"about":[{"href":"https:\/\/mgvpublications.com\/de\/wp-json\/wp\/v2\/types\/product"}],"wp:featuredmedia":[{"embeddable":true,"href":"https:\/\/mgvpublications.com\/de\/wp-json\/wp\/v2\/media\/14695"}],"wp:attachment":[{"href":"https:\/\/mgvpublications.com\/de\/wp-json\/wp\/v2\/media?parent=14694"}],"wp:term":[{"taxonomy":"product_cat","embeddable":true,"href":"https:\/\/mgvpublications.com\/de\/wp-json\/wp\/v2\/product_cat?post=14694"},{"taxonomy":"product_tag","embeddable":true,"href":"https:\/\/mgvpublications.com\/de\/wp-json\/wp\/v2\/product_tag?post=14694"},{"taxonomy":"item","embeddable":true,"href":"https:\/\/mgvpublications.com\/de\/wp-json\/wp\/v2\/item?post=14694"}],"curies":[{"name":"wp","href":"https:\/\/api.w.org\/{rel}","templated":true}]}}