{"id":14688,"date":"2019-04-02T22:43:39","date_gmt":"2019-04-02T20:43:39","guid":{"rendered":"https:\/\/dev2.mgvpublications.com\/produkt\/mumin-kimligimiz\/"},"modified":"2022-03-08T22:47:52","modified_gmt":"2022-03-08T21:47:52","slug":"mumin-kimligimiz","status":"publish","type":"product","link":"https:\/\/mgvpublications.com\/de\/mumin-kimligimiz\/","title":{"rendered":"M\u00fc&#8217;min Kimli\u011fimiz"},"content":{"rendered":"<p>Yay\u0131n Tarihi: 29.08.2019<br \/>ISBN: 9786056015854<br \/>Dil: T\u00dcRK\u00c7E<br \/>Sayfa Say\u0131s\u0131: 320<br \/>Cilt Tipi: Karton Kapak<br \/>Ka\u011f\u0131t Cinsi: 1. Hm. Ka\u011f\u0131t<br \/>Boyut: 13.5 x 21 cm<\/p>","protected":false},"excerpt":{"rendered":"<p>En g\u00fczel ameli kimin yapaca\u011f\u0131n\u0131 g\u00f6rmeyi dileyen Rabbimizin huzuruna g\u00f6t\u00fcrebilece\u011fimiz amellerimizle olu\u015fan kimli\u011fimizi bilmek, sahiplenmek ve y\u00fcceltmek arzumuzdur. U\u00e7lara dalmadan ve i\u00e7imize sinmeden kulluk meydan\u0131nda, bizden \u00f6nceki \u00fcmmetlerin ge\u00e7ti\u011fi imtihan badirelerinden ge\u00e7ece\u011fimizin \u015fuurunday\u0131z. \u00c7a\u011f\u0131m\u0131z\u0131n, &#8216;dinimizi, kimli\u011fimizi iyi bilen&#8217; g\u00fc\u00e7lerinin tezg\u00e2h\u0131na tak\u0131lmadan yol almak istiyoruz. En modern kuma\u015ftan sahabi gibi giyinmek istiyoruz. En g\u00fczel sofralarda, iyi g\u0131dalarla beslenmek ama nimet sahibinin \u015f\u00fckr\u00fcn\u00fc eda etmek istiyoruz. \u00dczerimize d\u00fc\u015fen ne ise onu yap\u0131p, kimli\u011fimize uygun ya\u015famak istiyoruz<\/p>","protected":false},"featured_media":20221,"template":"","meta":{"spay_email":""},"product_cat":[174],"product_tag":[],"item":[363],"acf":[],"_links":{"self":[{"href":"https:\/\/mgvpublications.com\/de\/wp-json\/wp\/v2\/product\/14688"}],"collection":[{"href":"https:\/\/mgvpublications.com\/de\/wp-json\/wp\/v2\/product"}],"about":[{"href":"https:\/\/mgvpublications.com\/de\/wp-json\/wp\/v2\/types\/product"}],"wp:featuredmedia":[{"embeddable":true,"href":"https:\/\/mgvpublications.com\/de\/wp-json\/wp\/v2\/media\/20221"}],"wp:attachment":[{"href":"https:\/\/mgvpublications.com\/de\/wp-json\/wp\/v2\/media?parent=14688"}],"wp:term":[{"taxonomy":"product_cat","embeddable":true,"href":"https:\/\/mgvpublications.com\/de\/wp-json\/wp\/v2\/product_cat?post=14688"},{"taxonomy":"product_tag","embeddable":true,"href":"https:\/\/mgvpublications.com\/de\/wp-json\/wp\/v2\/product_tag?post=14688"},{"taxonomy":"item","embeddable":true,"href":"https:\/\/mgvpublications.com\/de\/wp-json\/wp\/v2\/item?post=14688"}],"curies":[{"name":"wp","href":"https:\/\/api.w.org\/{rel}","templated":true}]}}