{"id":14685,"date":"2019-04-02T22:43:39","date_gmt":"2019-04-02T20:43:39","guid":{"rendered":"https:\/\/dev2.mgvpublications.com\/produkt\/muhtasar-hayatus-sahabe\/"},"modified":"2022-03-08T22:47:52","modified_gmt":"2022-03-08T21:47:52","slug":"muhtasar-hayatus-sahabe","status":"publish","type":"product","link":"https:\/\/mgvpublications.com\/de\/muhtasar-hayatus-sahabe\/","title":{"rendered":"Muhtasar Hayat\u00fcs Sahabe"},"content":{"rendered":"<p>\u00c7evirmen:\tMustafa Kasadar<br \/>\n\u00c7evirmen:\tRahmi Eyidenbilir<br \/>\n\u00c7evirmen:\tOsman Kara<br \/>\nYay\u0131n Tarihi\t2016-09-26<br \/>\nISBN\t6054411221<br \/>\nBask\u0131 Say\u0131s\u0131\t2. Bask\u0131<br \/>\nDil\tT\u00dcRK\u00c7E<br \/>\nSayfa Say\u0131s\u0131\t558<br \/>\nCilt Tipi\tCiltli<br \/>\nKa\u011f\u0131t Cinsi\t\u015eamuha Ka\u011f\u0131t<br \/>\nBoyut\t17 x 24 cm<\/p>","protected":false},"excerpt":{"rendered":"<p>Resulullah (sav) ve Ashab\u0131n\u0131n ya\u015fam\u0131\u015f oldu\u011fu \u0130slamiyeti kendi dilinden, en g\u00fczel \u015fekilde anlatan eser; b\u00fcy\u00fck alim M. Yusuf Kandehlevi&#8217;nin haz\u0131rlam\u0131\u015f oldu\u011fu Hayat\u00fc&#8217;s Sahabe isimli eseridir. Bu eser alan\u0131nda tart\u0131\u015fmas\u0131z \u00fcst\u00fcnl\u00fc\u011fe sahiptir. Ancak, yer yer tekrarlanan rivayetlerle hacmi b\u00fcy\u00fcm\u00fc\u015f, daha \u00e7ok istifade etmek zorla\u015fm\u0131\u015ft\u0131r. Bunun i\u00e7in eserin daha geni\u015f kitlelere ula\u015fmas\u0131 kolayla\u015ft\u0131r\u0131lm\u0131\u015ft\u0131r.<\/p>","protected":false},"featured_media":14686,"template":"","meta":{"spay_email":""},"product_cat":[174],"product_tag":[],"item":[],"acf":[],"_links":{"self":[{"href":"https:\/\/mgvpublications.com\/de\/wp-json\/wp\/v2\/product\/14685"}],"collection":[{"href":"https:\/\/mgvpublications.com\/de\/wp-json\/wp\/v2\/product"}],"about":[{"href":"https:\/\/mgvpublications.com\/de\/wp-json\/wp\/v2\/types\/product"}],"wp:featuredmedia":[{"embeddable":true,"href":"https:\/\/mgvpublications.com\/de\/wp-json\/wp\/v2\/media\/14686"}],"wp:attachment":[{"href":"https:\/\/mgvpublications.com\/de\/wp-json\/wp\/v2\/media?parent=14685"}],"wp:term":[{"taxonomy":"product_cat","embeddable":true,"href":"https:\/\/mgvpublications.com\/de\/wp-json\/wp\/v2\/product_cat?post=14685"},{"taxonomy":"product_tag","embeddable":true,"href":"https:\/\/mgvpublications.com\/de\/wp-json\/wp\/v2\/product_tag?post=14685"},{"taxonomy":"item","embeddable":true,"href":"https:\/\/mgvpublications.com\/de\/wp-json\/wp\/v2\/item?post=14685"}],"curies":[{"name":"wp","href":"https:\/\/api.w.org\/{rel}","templated":true}]}}