{"id":14670,"date":"2019-04-02T22:43:38","date_gmt":"2019-04-02T20:43:38","guid":{"rendered":"https:\/\/dev2.mgvpublications.com\/produkt\/mem-ile-zin\/"},"modified":"2025-04-27T00:30:21","modified_gmt":"2025-04-26T22:30:21","slug":"mem-ile-zin","status":"publish","type":"product","link":"https:\/\/mgvpublications.com\/de\/mem-ile-zin\/","title":{"rendered":"Mem ile Zin"},"content":{"rendered":"<p>Yay\u0131n Tarihi 2018-05-28<br \/>\nISBN 6052008270<br \/>\nBask\u0131 Say\u0131s\u0131 1. Bask\u0131<br \/>\nDil T\u00dcRK\u00c7E<br \/>\nSayfa Say\u0131s\u0131 133<br \/>\nCilt Tipi Karton Kapak<br \/>\nKa\u011f\u0131t Cinsi Kitap Ka\u011f\u0131d\u0131<br \/>\nBoyut 13.5 x 21 cm<\/p>","protected":false},"excerpt":{"rendered":"<p>Yery\u00fcz\u00fcne s\u0131\u011fmayan g\u00f6nl\u00fcyle, d\u00f6rt duvar aras\u0131na hepsedilen Mem, derin bir mutsuzluk kuyusuna d\u00fc\u015fm\u00fc\u015ft\u00fc.<br \/>\nOrada g\u00fcnlerce, haftalarca, aylarca umutsuz bir halde kal\u0131nca anlad\u0131, \u0130brahim (as) gibi bat\u0131nca kaybolan sevgiliye g\u00f6n\u00fcl vermemek gerekti\u011fini.<br \/>\nAc\u0131s\u0131 o denli b\u00fcy\u00fcd\u00fc, o denli b\u00fcy\u00fcd\u00fc ki art\u0131k k\u00fc\u00e7\u00fcc\u00fck bir keder hissetmemeye ba\u015flad\u0131.<br \/>\nSamed\u2019in aynas\u0131 olan Kalb\u2019i gittik\u00e7e safla\u015ft\u0131, ar\u0131nd\u0131.<br \/>\nVe nihayet Ger\u00e7ek Sevgili\u2019ye \u00e7evirdi y\u00fcz\u00fcn\u00fc.<br \/>\nSadece Allah\u2019\u0131 zikirle me\u015fgul olmaya ba\u015flad\u0131\u2026<\/p>","protected":false},"featured_media":14671,"template":"","meta":{"spay_email":""},"product_cat":[166],"product_tag":[],"item":[335],"acf":[],"_links":{"self":[{"href":"https:\/\/mgvpublications.com\/de\/wp-json\/wp\/v2\/product\/14670"}],"collection":[{"href":"https:\/\/mgvpublications.com\/de\/wp-json\/wp\/v2\/product"}],"about":[{"href":"https:\/\/mgvpublications.com\/de\/wp-json\/wp\/v2\/types\/product"}],"wp:featuredmedia":[{"embeddable":true,"href":"https:\/\/mgvpublications.com\/de\/wp-json\/wp\/v2\/media\/14671"}],"wp:attachment":[{"href":"https:\/\/mgvpublications.com\/de\/wp-json\/wp\/v2\/media?parent=14670"}],"wp:term":[{"taxonomy":"product_cat","embeddable":true,"href":"https:\/\/mgvpublications.com\/de\/wp-json\/wp\/v2\/product_cat?post=14670"},{"taxonomy":"product_tag","embeddable":true,"href":"https:\/\/mgvpublications.com\/de\/wp-json\/wp\/v2\/product_tag?post=14670"},{"taxonomy":"item","embeddable":true,"href":"https:\/\/mgvpublications.com\/de\/wp-json\/wp\/v2\/item?post=14670"}],"curies":[{"name":"wp","href":"https:\/\/api.w.org\/{rel}","templated":true}]}}