{"id":14664,"date":"2019-04-02T22:43:37","date_gmt":"2019-04-02T20:43:37","guid":{"rendered":"https:\/\/dev2.mgvpublications.com\/produkt\/masal-kuyusu\/"},"modified":"2022-03-08T22:47:49","modified_gmt":"2022-03-08T21:47:49","slug":"masal-kuyusu","status":"publish","type":"product","link":"https:\/\/mgvpublications.com\/de\/masal-kuyusu\/","title":{"rendered":"Masal Kuyusu"},"content":{"rendered":"<p>Yay\u0131n Tarihi 2018-03-12<br \/>\nISBN 6054952007<br \/>\nBask\u0131 Say\u0131s\u0131 4. Bask\u0131<br \/>\nDil T\u00dcRK\u00c7E<br \/>\nSayfa Say\u0131s\u0131 94<br \/>\nCilt Tipi Karton Kapak<br \/>\nKa\u011f\u0131t Cinsi Kitap Ka\u011f\u0131d\u0131<br \/>\nBoyut 13.5 x 21 cm<\/p>","protected":false},"excerpt":{"rendered":"<p>Evvel zaman i\u00e7inde kasaban\u0131n birinde \u00e7ok derin bir kuyu varm\u0131\u015f.O kadar derinmi\u015f ki hi\u00e7 kimse inmeye cesaret edemezmi\u015f. Kuyunun da sihirli oldu\u011fu da y\u0131llardan beri s\u00f6ylenegelirmi\u015f. \u201cS\u00f6z var, icraat yok\u201d ger\u00e7e\u011fi o zaman bile ge\u00e7erliymi\u015f. Kasaban\u0131n gen\u00e7lerini bir merakt\u0131r sarm\u0131\u015f. Ama ne merak? Yatsan yatamaz, kalksan kalkamazs\u0131n denecek t\u00fcrden bir merak. Kasaban\u0131n ya\u015fl\u0131lar\u0131n\u0131n t\u00fcm uyar\u0131lar\u0131na ra\u011fmen kuyunun s\u0131rr\u0131n\u0131 ara\u015ft\u0131rmaya karar vermi\u015fler.<\/p>","protected":false},"featured_media":14665,"template":"","meta":{"spay_email":""},"product_cat":[172],"product_tag":[],"item":[335],"acf":[],"_links":{"self":[{"href":"https:\/\/mgvpublications.com\/de\/wp-json\/wp\/v2\/product\/14664"}],"collection":[{"href":"https:\/\/mgvpublications.com\/de\/wp-json\/wp\/v2\/product"}],"about":[{"href":"https:\/\/mgvpublications.com\/de\/wp-json\/wp\/v2\/types\/product"}],"wp:featuredmedia":[{"embeddable":true,"href":"https:\/\/mgvpublications.com\/de\/wp-json\/wp\/v2\/media\/14665"}],"wp:attachment":[{"href":"https:\/\/mgvpublications.com\/de\/wp-json\/wp\/v2\/media?parent=14664"}],"wp:term":[{"taxonomy":"product_cat","embeddable":true,"href":"https:\/\/mgvpublications.com\/de\/wp-json\/wp\/v2\/product_cat?post=14664"},{"taxonomy":"product_tag","embeddable":true,"href":"https:\/\/mgvpublications.com\/de\/wp-json\/wp\/v2\/product_tag?post=14664"},{"taxonomy":"item","embeddable":true,"href":"https:\/\/mgvpublications.com\/de\/wp-json\/wp\/v2\/item?post=14664"}],"curies":[{"name":"wp","href":"https:\/\/api.w.org\/{rel}","templated":true}]}}