{"id":14655,"date":"2019-04-02T22:43:37","date_gmt":"2019-04-02T20:43:37","guid":{"rendered":"https:\/\/dev2.mgvpublications.com\/produkt\/kurani-anlamada-yontem\/"},"modified":"2022-03-08T22:47:48","modified_gmt":"2022-03-08T21:47:48","slug":"kurani-anlamada-yontem","status":"publish","type":"product","link":"https:\/\/mgvpublications.com\/de\/kurani-anlamada-yontem\/","title":{"rendered":"Kur&#8217;an&#8217;\u0131 Anlamada Y\u00f6ntem"},"content":{"rendered":"<p>\u00c7evirmen:\tYrd. Do\u00e7. Dr. Mehmet Nurullah Akta\u015f<br \/>\nYay\u0131n Tarihi\t2015-05-11<br \/>\nISBN\t6059102261<br \/>\nBask\u0131 Say\u0131s\u0131\t1. Bask\u0131<br \/>\nDil\tT\u00dcRK\u00c7E<br \/>\nCilt Tipi\tKarton Kapak<br \/>\nKa\u011f\u0131t Cinsi\tKitap Ka\u011f\u0131d\u0131<br \/>\nBoyut\t16 x 24 cm<\/p>","protected":false},"excerpt":{"rendered":"<p>\u00dcmmetimiz asr-\u0131 saadet d\u00f6neminde Kur&#8217;\u00e2n&#8217;la ileti\u015fimi en iyi \u015fekilde ger\u00e7ekle\u015ftirdi. Onu iyi anlad\u0131. Maksatlar\u0131n\u0131 iyi kavrad\u0131. B\u00fcy\u00fck \u00f6l\u00e7\u00fcde hayat\u0131n farkl\u0131 alanlar\u0131nda onu iyi uygulad\u0131 ve insanlar\u0131 basiretle ona davet etti.  Bunun en iyi \u00f6rne\u011fi sahabelerdir. \u00d6yle ki Kur&#8217;\u00e2n onlar\u0131n hayat\u0131n\u0131 tamamen de\u011fi\u015ftirdi. Onlar\u0131 cahiliyye sap\u0131kl\u0131\u011f\u0131ndan \u0130slam&#8217;\u0131n do\u011fru yoluna ta\u015f\u0131d\u0131. Onlar\u0131 karanl\u0131klardan ayd\u0131nl\u0131\u011fa \u00e7\u0131kard\u0131. Kur&#8217;\u00e2n neslinden say\u0131lan talebeleri (tabi\u00fbn) ve talebelerinin talebeleri (etba-i tabi\u00fbn) en g\u00fczel bir \u015fekilde onlara uydu. Allah o nesillerle kullar\u0131 hidayete erdirdi, memleketleri fethettirdi, onlara yery\u00fcz\u00fcnde h\u00e2kimiyet bah\u015fetti. Onlar da yery\u00fcz\u00fcnde adalet, ihsan, ilim ve iman medeniyetini ikame ettiler. Bu nesilden sonra gelenler Kur&#8217;\u00e2n&#8217;\u0131 terk ettiler; harflerini ezberleyip ahk\u00e2m\u0131n\u0131 g\u00f6rmezden geldiler. Onunla sa\u011fl\u0131kl\u0131 bir ileti\u015fim kurmad\u0131lar. Hakk\u0131yla anlamad\u0131lar. Teberr\u00fcken onu ta\u015f\u0131y\u0131p duvarlar\u0131n\u0131 ayetleriyle s\u00fcsledilerse de bereketin O&#8217;na uymakta ve ahk\u00e2m\u0131n\u0131 uygulamakta oldu\u011funu unuttular.  \u00dcmmeti, i\u00e7inde bulundu\u011fu yokluktan, geri kalm\u0131\u015fl\u0131ktan, b\u00f6l\u00fck p\u00f6r\u00e7\u00fck ya\u015famaktan kurtarman\u0131n yolu Kur&#8217;\u00e2n&#8217;a d\u00f6nmekle m\u00fcmk\u00fcnd\u00fcr. Hidayete giden temel ta\u015flar, O&#8217;ndad\u0131r.  Tabi olunacak rehber O&#8217;dur.  Rehber olarak Kur&#8217;\u00e2n yeter&#8230;<\/p>","protected":false},"featured_media":14656,"template":"","meta":{"spay_email":""},"product_cat":[174],"product_tag":[],"item":[428],"acf":[],"_links":{"self":[{"href":"https:\/\/mgvpublications.com\/de\/wp-json\/wp\/v2\/product\/14655"}],"collection":[{"href":"https:\/\/mgvpublications.com\/de\/wp-json\/wp\/v2\/product"}],"about":[{"href":"https:\/\/mgvpublications.com\/de\/wp-json\/wp\/v2\/types\/product"}],"wp:featuredmedia":[{"embeddable":true,"href":"https:\/\/mgvpublications.com\/de\/wp-json\/wp\/v2\/media\/14656"}],"wp:attachment":[{"href":"https:\/\/mgvpublications.com\/de\/wp-json\/wp\/v2\/media?parent=14655"}],"wp:term":[{"taxonomy":"product_cat","embeddable":true,"href":"https:\/\/mgvpublications.com\/de\/wp-json\/wp\/v2\/product_cat?post=14655"},{"taxonomy":"product_tag","embeddable":true,"href":"https:\/\/mgvpublications.com\/de\/wp-json\/wp\/v2\/product_tag?post=14655"},{"taxonomy":"item","embeddable":true,"href":"https:\/\/mgvpublications.com\/de\/wp-json\/wp\/v2\/item?post=14655"}],"curies":[{"name":"wp","href":"https:\/\/api.w.org\/{rel}","templated":true}]}}