{"id":14652,"date":"2019-04-02T22:43:37","date_gmt":"2019-04-02T20:43:37","guid":{"rendered":"https:\/\/dev2.mgvpublications.com\/produkt\/kuran-ve-sunnet-isiginda-davet-ve-davetci\/"},"modified":"2022-03-08T22:47:48","modified_gmt":"2022-03-08T21:47:48","slug":"kuran-ve-sunnet-isiginda-davet-ve-davetci","status":"publish","type":"product","link":"https:\/\/mgvpublications.com\/de\/kuran-ve-sunnet-isiginda-davet-ve-davetci\/","title":{"rendered":"Kur&#8217;an ve S\u00fcnnet I\u015f\u0131\u011f\u0131nda Davet ve Davet\u00e7i"},"content":{"rendered":"<p>ISBN 6054818990<br \/>\nBask\u0131 Say\u0131s\u0131 1. Bask\u0131<br \/>\nDil T\u00dcRK\u00c7E<br \/>\nSayfa Say\u0131s\u0131 278<br \/>\nCilt Tipi Karton Kapak<br \/>\nKa\u011f\u0131t Cinsi Kitap Ka\u011f\u0131d\u0131<br \/>\nBoyut 13.5 x 21 cm<\/p>","protected":false},"excerpt":{"rendered":"<p>Her \u015feyi Allah (cc) r\u0131zas\u0131 i\u00e7in yapan, gaye olarak onun r\u0131zas\u0131n\u0131 se\u00e7en ve bu yolda tebli\u011f ve davet vazifesini bilin\u00e7li bir \u015fekilde yerine getiren toplum, mutlulu\u011fun s\u0131rr\u0131na erer.<\/p>\n<p>Kur\u00b4an-\u0131 Kerim, insanlara tebli\u011f edilmek \u00fczere indirilmi\u015ftir. Hz. Muhammed (sav), bu yolda her t\u00fcrl\u00fc s\u0131k\u0131nt\u0131ya g\u00f6\u011f\u00fcs gererek, gerekti\u011fi gibi bu vazifeyi yerine getirdi.<\/p>\n<p>Davet\u00e7i; Kur\u00b4an ve S\u00fcnnete uyan, kar\u015f\u0131l\u0131\u011f\u0131n\u0131 da sadece Allah\u00b4tan bekleyen, ihl\u00e2sla ve b\u00fct\u00fcn g\u00fcc\u00fcyle bu g\u00f6revi yerine getirme gayretinde oland\u0131r.<\/p>","protected":false},"featured_media":14653,"template":"","meta":{"spay_email":""},"product_cat":[174],"product_tag":[],"item":[],"acf":[],"_links":{"self":[{"href":"https:\/\/mgvpublications.com\/de\/wp-json\/wp\/v2\/product\/14652"}],"collection":[{"href":"https:\/\/mgvpublications.com\/de\/wp-json\/wp\/v2\/product"}],"about":[{"href":"https:\/\/mgvpublications.com\/de\/wp-json\/wp\/v2\/types\/product"}],"wp:featuredmedia":[{"embeddable":true,"href":"https:\/\/mgvpublications.com\/de\/wp-json\/wp\/v2\/media\/14653"}],"wp:attachment":[{"href":"https:\/\/mgvpublications.com\/de\/wp-json\/wp\/v2\/media?parent=14652"}],"wp:term":[{"taxonomy":"product_cat","embeddable":true,"href":"https:\/\/mgvpublications.com\/de\/wp-json\/wp\/v2\/product_cat?post=14652"},{"taxonomy":"product_tag","embeddable":true,"href":"https:\/\/mgvpublications.com\/de\/wp-json\/wp\/v2\/product_tag?post=14652"},{"taxonomy":"item","embeddable":true,"href":"https:\/\/mgvpublications.com\/de\/wp-json\/wp\/v2\/item?post=14652"}],"curies":[{"name":"wp","href":"https:\/\/api.w.org\/{rel}","templated":true}]}}