{"id":14649,"date":"2019-04-02T22:43:37","date_gmt":"2019-04-02T20:43:37","guid":{"rendered":"https:\/\/dev2.mgvpublications.com\/produkt\/kucuk-prens\/"},"modified":"2022-04-07T11:52:57","modified_gmt":"2022-04-07T09:52:57","slug":"kucuk-prens","status":"publish","type":"product","link":"https:\/\/mgvpublications.com\/de\/kucuk-prens\/","title":{"rendered":"K\u00fc\u00e7\u00fck Prens"},"content":{"rendered":"<p>Bas\u0131m Y\u0131l\u0131: Ocak 2018<br \/>\nKitab\u0131n Ad\u0131: K\u00fc\u00e7\u00fck Prens<br \/>\nYazar: Antoine de Saint-Exup\u00eary<br \/>\nSayfa Say\u0131s\u0131: 113<br \/>\nBask\u0131 \u00d6zellikleri: Karton Kapak, 1. Hamur<br \/>\nEbat: 13 x 19 cm<br \/>\nISBN:978-605-2008-15-7<\/p>","protected":false},"excerpt":{"rendered":"<p>&#8216;-Elveda, dedi.<\/p>\n<p>&#8211; Elveda, dedi tilki. \u0130\u015fte sana s\u0131rr\u0131m\u0131 a\u00e7\u0131kl\u0131yorum. Gayet basit bir s\u0131r: Yaln\u0131zca kalbi ile bakan ger\u00e7e\u011fi g\u00f6rebilir.Aslolan asla g\u00f6zle g\u00f6r\u00fclmez.K\u00fc\u00e7\u00fck Prens unutmak i\u00e7in \u2018\u2019 Aslolan asla g\u00f6zle g\u00f6r\u00fclmez.\u2019\u2019 diye tekrarlad\u0131.<\/p>\n<p>-G\u00fcl\u00fcn\u00fc senin i\u00e7in \u00f6nemli k\u0131lan onun i\u00e7in harcad\u0131\u011f\u0131n zamand\u0131r. K\u00fc\u00e7\u00fck Prens unutmak i\u00e7in \u2018\u2019 U\u011fruna harcad\u0131\u011f\u0131n zamand\u0131r.\u2019\u2019 diye tekrarlad\u0131.<\/p>\n<p>-\u0130nsanlar bu ger\u00e7e\u011fi unuttu. Ama sen unutmamal\u0131s\u0131n.Evcille\u015ftirdi\u011fin \u015feyin sorumlusu her zaman sensin.G\u00fcl\u00fcnden sen sorumlusun. K\u00fc\u00e7\u00fck Prens unutmamak i\u00e7in \u2018\u2019 G\u00fcl\u00fcmden ben sorumluyum.\u2019\u2019 Diye tekrarlad\u0131.<\/p>","protected":false},"featured_media":14650,"template":"","meta":{"spay_email":""},"product_cat":[167],"product_tag":[],"item":[335],"acf":[],"_links":{"self":[{"href":"https:\/\/mgvpublications.com\/de\/wp-json\/wp\/v2\/product\/14649"}],"collection":[{"href":"https:\/\/mgvpublications.com\/de\/wp-json\/wp\/v2\/product"}],"about":[{"href":"https:\/\/mgvpublications.com\/de\/wp-json\/wp\/v2\/types\/product"}],"wp:featuredmedia":[{"embeddable":true,"href":"https:\/\/mgvpublications.com\/de\/wp-json\/wp\/v2\/media\/14650"}],"wp:attachment":[{"href":"https:\/\/mgvpublications.com\/de\/wp-json\/wp\/v2\/media?parent=14649"}],"wp:term":[{"taxonomy":"product_cat","embeddable":true,"href":"https:\/\/mgvpublications.com\/de\/wp-json\/wp\/v2\/product_cat?post=14649"},{"taxonomy":"product_tag","embeddable":true,"href":"https:\/\/mgvpublications.com\/de\/wp-json\/wp\/v2\/product_tag?post=14649"},{"taxonomy":"item","embeddable":true,"href":"https:\/\/mgvpublications.com\/de\/wp-json\/wp\/v2\/item?post=14649"}],"curies":[{"name":"wp","href":"https:\/\/api.w.org\/{rel}","templated":true}]}}