{"id":14643,"date":"2019-04-02T22:43:36","date_gmt":"2019-04-02T20:43:36","guid":{"rendered":"https:\/\/dev2.mgvpublications.com\/produkt\/kisa-ortadogu-tarihi\/"},"modified":"2022-03-23T14:46:55","modified_gmt":"2022-03-23T13:46:55","slug":"kisa-ortadogu-tarihi","status":"publish","type":"product","link":"https:\/\/mgvpublications.com\/de\/kisa-ortadogu-tarihi\/","title":{"rendered":"K\u0131sa Ortado\u011fu Tarihi"},"content":{"rendered":"<p>Yay\u0131n Tarihi: 05.10.2020<br \/>ISBN: 9786050822625<br \/>Dil: T\u00dcRK\u00c7E<br \/>Sayfa Say\u0131s\u0131: 336<br \/>Cilt Tipi: Karton Kapak<br \/>Ka\u011f\u0131t Cinsi: Kitap Ka\u011f\u0131d\u0131<br \/>Boyut: 13.5 x 21 cm<\/p>","protected":false},"excerpt":{"rendered":"<p>K\u0131sa D\u00fcnya Tarihi ile ba\u015flayan KISA TAR\u0130H serisi K\u0131sa Ortado\u011fu Tarihi ile devam ediyor\u2026 \u0130lk insan, ilk tohum, ilk \u015fehir, ilk din, ilk sava\u015f, ilk imparatorluk\u2026 S\u00fcmerler, Akadlar, Persler, M\u0131s\u0131rl\u0131lar, Romal\u0131lar\u2026 Yahudiler, Hristiyanlar, M\u00fcsl\u00fcmanlar\u2026 Mekke, Medine, Kud\u00fcs, \u015eam, Ba\u011fdat, Kahire\u2026 T\u00fcrkler, \u0130ranl\u0131lar, Araplar, \u0130ngilizler, Frans\u0131zlar, Ruslar, Amerikal\u0131lar\u2026 S\u00fcnniler, \u015eiiler, Ha\u015fha\u015filer, Maruniler, Bat\u0131niler, Hariciler, Yezidiler, Aleviler\u2026 Yavuz Sultan Selim, \u015eah \u0130smail, Napolyon, Sultan Abd\u00fclhamid, Arabistanl\u0131 Lawrence, Gertrude Bell, Emir Faysal, \u015eerif H\u00fcseyin, Atat\u00fcrk, Churchill, Nas\u0131r, Arafat, Saddam, M\u00fcbarek\u2026 Peygamberler, azizler, k\u00f6leler, krallar, imparatorlar, diktat\u00f6rler, devrimciler, \u015feyhler, emirler, hainler ve kahramanlar\u2026 Petrol, halifelik, sava\u015flar, darbeler, isyanlar\u2026 K\u0131sacas\u0131 kutsala ve d\u00fcnyaya dair ne varsa burada. BURASI, ORTADO\u011eU&#8230; DO\u011eUMUN, \u00d6L\u00dcM\u00dcN, S\u0130YASET\u0130N, PETROL\u00dcN, \u0130HANET\u0130N VE HATTA KIYAMET\u0130N BE\u015e\u0130\u011e\u0130&#8230; ORTADO\u011eU\u2019YU H\u0130\u00c7 B\u00d6YLE OKUMADINIZ\u2026<\/p>","protected":false},"featured_media":22002,"template":"","meta":{"spay_email":""},"product_cat":[170],"product_tag":[],"item":[360],"acf":[],"_links":{"self":[{"href":"https:\/\/mgvpublications.com\/de\/wp-json\/wp\/v2\/product\/14643"}],"collection":[{"href":"https:\/\/mgvpublications.com\/de\/wp-json\/wp\/v2\/product"}],"about":[{"href":"https:\/\/mgvpublications.com\/de\/wp-json\/wp\/v2\/types\/product"}],"wp:featuredmedia":[{"embeddable":true,"href":"https:\/\/mgvpublications.com\/de\/wp-json\/wp\/v2\/media\/22002"}],"wp:attachment":[{"href":"https:\/\/mgvpublications.com\/de\/wp-json\/wp\/v2\/media?parent=14643"}],"wp:term":[{"taxonomy":"product_cat","embeddable":true,"href":"https:\/\/mgvpublications.com\/de\/wp-json\/wp\/v2\/product_cat?post=14643"},{"taxonomy":"product_tag","embeddable":true,"href":"https:\/\/mgvpublications.com\/de\/wp-json\/wp\/v2\/product_tag?post=14643"},{"taxonomy":"item","embeddable":true,"href":"https:\/\/mgvpublications.com\/de\/wp-json\/wp\/v2\/item?post=14643"}],"curies":[{"name":"wp","href":"https:\/\/api.w.org\/{rel}","templated":true}]}}