{"id":14634,"date":"2019-04-02T22:43:35","date_gmt":"2019-04-02T20:43:35","guid":{"rendered":"https:\/\/dev2.mgvpublications.com\/produkt\/kendini-arayan-kadin\/"},"modified":"2022-04-08T06:22:43","modified_gmt":"2022-04-08T04:22:43","slug":"kendini-arayan-kadin","status":"publish","type":"product","link":"https:\/\/mgvpublications.com\/de\/kendini-arayan-kadin\/","title":{"rendered":"Kendini Arayan Kad\u0131n"},"content":{"rendered":"<p>Yay\u0131n Tarihi: 26.10.2019<br \/>ISBN: 9789756401781<br \/>Dil: T\u00dcRK\u00c7E<br \/>Sayfa Say\u0131s\u0131: 152<br \/>Cilt Tipi: Karton Kapak<br \/>Ka\u011f\u0131t Cinsi: Kitap Ka\u011f\u0131d\u0131<br \/>Boyut: 13.5 x 21 cm<\/p>","protected":false},"excerpt":{"rendered":"<p>Kendini Arayan Adam, D\u00fczceli Mehmet, Aysel, Halit Ertu\u011frul&#8217;un en \u00e7ok okunan fla\u015f eserleri. \u015eimdi bunlara elinizde tuttu\u011funuz eser ekleniyor: Kendini Arayan Kad\u0131n. T\u0131pk\u0131 di\u011ferlerinde oldu\u011fu gibi, bu kitapta da, kendinizi bulacak, yeni bir heyecan duyacak, d\u00fcnyaya daha farkl\u0131 bakacaks\u0131n\u0131z. Nil\u00fcfer&#8217;in hayat\u0131, d\u00fc\u015ft\u00fc\u011f\u00fc yanl\u0131\u015fl\u0131klar, kendini bulma m\u00fccadelesi, ya\u015fad\u0131\u011f\u0131 sars\u0131nt\u0131lar, kendine uzat\u0131lacak bir el aramas\u0131 hepimizi \u00fczecek ve d\u00fc\u015f\u00fcnd\u00fcrecek. Kitab\u0131 okuyunca, \u00e7evrenizdeki Nil\u00fcfer&#8217;leri farkedecek ve onun gibilere ula\u015fman\u0131n vazifelerimizden biri oldu\u011funu hissedeceksiniz.<\/p>","protected":false},"featured_media":23224,"template":"","meta":{"spay_email":""},"product_cat":[168],"product_tag":[],"item":[732],"acf":[],"_links":{"self":[{"href":"https:\/\/mgvpublications.com\/de\/wp-json\/wp\/v2\/product\/14634"}],"collection":[{"href":"https:\/\/mgvpublications.com\/de\/wp-json\/wp\/v2\/product"}],"about":[{"href":"https:\/\/mgvpublications.com\/de\/wp-json\/wp\/v2\/types\/product"}],"wp:featuredmedia":[{"embeddable":true,"href":"https:\/\/mgvpublications.com\/de\/wp-json\/wp\/v2\/media\/23224"}],"wp:attachment":[{"href":"https:\/\/mgvpublications.com\/de\/wp-json\/wp\/v2\/media?parent=14634"}],"wp:term":[{"taxonomy":"product_cat","embeddable":true,"href":"https:\/\/mgvpublications.com\/de\/wp-json\/wp\/v2\/product_cat?post=14634"},{"taxonomy":"product_tag","embeddable":true,"href":"https:\/\/mgvpublications.com\/de\/wp-json\/wp\/v2\/product_tag?post=14634"},{"taxonomy":"item","embeddable":true,"href":"https:\/\/mgvpublications.com\/de\/wp-json\/wp\/v2\/item?post=14634"}],"curies":[{"name":"wp","href":"https:\/\/api.w.org\/{rel}","templated":true}]}}