{"id":14628,"date":"2019-04-02T22:43:35","date_gmt":"2019-04-02T20:43:35","guid":{"rendered":"https:\/\/dev2.mgvpublications.com\/produkt\/kayi-vi-osmanli-tarihi\/"},"modified":"2022-03-08T22:47:44","modified_gmt":"2022-03-08T21:47:44","slug":"kayi-vi-osmanli-tarihi","status":"publish","type":"product","link":"https:\/\/mgvpublications.com\/de\/kayi-vi-osmanli-tarihi\/","title":{"rendered":"Kay\u0131 -VI Osmanl\u0131 Tarihi"},"content":{"rendered":"<p>Yay\u0131n Tarihi 2018-11-05<br \/>\nISBN 6050817782<br \/>\nBask\u0131 Say\u0131s\u0131 10. Bask\u0131<br \/>\nDil T\u00dcRK\u00c7E<br \/>\nSayfa Say\u0131s\u0131 368<br \/>\nCilt Tipi Karton Kapak<br \/>\nKa\u011f\u0131t Cinsi Kitap Ka\u011f\u0131d\u0131<br \/>\nBoyut 13.5 x 21 cm<\/p>","protected":false},"excerpt":{"rendered":"<p>17. asr\u0131n son yirmi y\u0131l\u0131na girildi\u011finde Osmanl\u0131 Devleti g\u00fcc\u00fcn\u00fcn ve kudretinin zirvesinde, d\u00fcnya siyasetinde etkin bir \u015fekilde h\u00fckm\u00fcn\u00fc icra ediyordu. D\u00fcnyada yenemeyecekleri hi\u00e7bir devlet yoktu.<\/p>\n<p>Y\u0131llard\u0131r bir\u00e7ok tarih\u00e7i yeti\u015ftiren ve yapt\u0131\u011f\u0131 televizyon programlar\u0131yla tarihi yediden yetmi\u015fe herkese sevdiren Prof. Dr. Ahmet \u015eim\u015firgil, tamamen ilm\u00ee kaynaklardan beslenerek her ya\u015ftan tarih severin kolayl\u0131kla okuyup anlayabilece\u011fi bir \u00fcslupla KAYI dizisini yazm\u0131\u015f ve tarihimizi s\u0131k\u0131\u015ft\u0131\u011f\u0131 bu alandan kurtarm\u0131\u015ft\u0131r. \u00d6nyarg\u0131s\u0131z ve objektif bir \u015fekilde okuyucunun de\u011ferlendirmesine sunulan bu serinin hedefi; Osmanl\u0131 \u0130mparatorlu\u011fu\u2019nun kurulu\u015fundan y\u0131k\u0131l\u0131\u015f\u0131na kadar siyas\u00ee, sosyal, iktisad\u00ee ve imar\u00ee t\u00fcm ser\u00fcvenini ve Osmanl\u0131 padi\u015fahlar\u0131 hakk\u0131nda bilinen ger\u00e7ekleri ak\u0131c\u0131, anla\u015f\u0131l\u0131r, merak uyand\u0131r\u0131c\u0131 ve roman tad\u0131nda bir \u00fcslupla yorumlamakt\u0131r.<\/p>","protected":false},"featured_media":14629,"template":"","meta":{"spay_email":""},"product_cat":[170],"product_tag":[],"item":[360],"acf":[],"_links":{"self":[{"href":"https:\/\/mgvpublications.com\/de\/wp-json\/wp\/v2\/product\/14628"}],"collection":[{"href":"https:\/\/mgvpublications.com\/de\/wp-json\/wp\/v2\/product"}],"about":[{"href":"https:\/\/mgvpublications.com\/de\/wp-json\/wp\/v2\/types\/product"}],"wp:featuredmedia":[{"embeddable":true,"href":"https:\/\/mgvpublications.com\/de\/wp-json\/wp\/v2\/media\/14629"}],"wp:attachment":[{"href":"https:\/\/mgvpublications.com\/de\/wp-json\/wp\/v2\/media?parent=14628"}],"wp:term":[{"taxonomy":"product_cat","embeddable":true,"href":"https:\/\/mgvpublications.com\/de\/wp-json\/wp\/v2\/product_cat?post=14628"},{"taxonomy":"product_tag","embeddable":true,"href":"https:\/\/mgvpublications.com\/de\/wp-json\/wp\/v2\/product_tag?post=14628"},{"taxonomy":"item","embeddable":true,"href":"https:\/\/mgvpublications.com\/de\/wp-json\/wp\/v2\/item?post=14628"}],"curies":[{"name":"wp","href":"https:\/\/api.w.org\/{rel}","templated":true}]}}