{"id":14616,"date":"2019-04-02T22:43:34","date_gmt":"2019-04-02T20:43:34","guid":{"rendered":"https:\/\/dev2.mgvpublications.com\/produkt\/kalbimin-ustunde-bir-avuc-gunes\/"},"modified":"2022-03-08T22:47:41","modified_gmt":"2022-03-08T21:47:41","slug":"kalbimin-ustunde-bir-avuc-gunes","status":"publish","type":"product","link":"https:\/\/mgvpublications.com\/de\/kalbimin-ustunde-bir-avuc-gunes\/","title":{"rendered":"Kalbimin \u00dcst\u00fcnde Bir Avu\u00e7 G\u00fcne\u015f"},"content":{"rendered":"<p>Yay\u0131n Tarihi 2014-12-01<br \/>\nISBN 9757013297<br \/>\nBask\u0131 Say\u0131s\u0131 4. Bask\u0131<br \/>\nDil T\u00dcRK\u00c7E<br \/>\nSayfa Say\u0131s\u0131 72<br \/>\nCilt Tipi Karton Kapak<br \/>\nKa\u011f\u0131t Cinsi Kitap Ka\u011f\u0131d\u0131<br \/>\nBoyut 13.5 x 21 cm<\/p>","protected":false},"excerpt":{"rendered":"<p>Nuri Pakdil\u2019in di\u011fer tiyatro eserlerinde oldu\u011fu gibi, \u2018Kalbimin \u00dcst\u00fcnde Bir Avu\u00e7 G\u00fcne\u015f\u2019te de, t\u00fcm gerilim Tanr\u0131tan\u0131mazl\u0131k sorunu \u00fczerine kurulu. \u00c7a\u011f\u0131n her \u00e7\u0131kmaz\u0131n\u0131n temelinde hep Tanr\u0131tan\u0131mazl\u0131k sorunu yok mu? Tanr\u0131\u2019y\u0131 unuttu \u00e7a\u011f\u0131n insan\u0131, en \u00e7ok da Tanr\u0131\u2019y\u0131 unuttu. \u0130\u015fte burda \u00e7\u0131k\u0131yor tiyatronun \u00f6zg\u00f6revi: Tanr\u0131\u2019y\u0131 insana yeniden duyumsatmak. Yeniden insan\u0131 g\u00f6\u011fe bakt\u0131rmak, g\u00f6kle yer aras\u0131nda ili\u015fkiler kurdurmak. \/ Baha Yavuz<\/p>\n<p>Nuri Pakdil\u2019in hemen her eseri, T\u00fcrk edebiyat\u0131nda yenilenmenin mu\u015ftusunu ta\u015f\u0131yor, edebiyat\u0131m\u0131zda yar\u0131n\u0131n boyutlar\u0131n\u0131 ku\u015fat\u0131yor. Nuri Pakdil, edebiyat\u0131n deneme, an\u0131, \u00e7eviri, \u015fiir dallar\u0131nda oldu\u011fu gibi, tiyatro dal\u0131nda da ba\u015far\u0131l\u0131 eserler veriyor. Nuri Pakdil\u2019in insan ve toplum ger\u00e7eklerine de\u011finen, yerli d\u00fc\u015f\u00fcnceden kaynaklanan, bat\u0131l\u0131 \u00f6z ve bi\u00e7im \u00f6zelliklerini ger\u00e7ekten kavrayan tiyatro eserlerinin ilk \u00f6rne\u011fi \u2018Umut\u2019tu. Bunu, \u2018Korku\u2019, \u2018Put Yap\u0131mevleri\u2019, \u2018Kalbimin \u00dcst\u00fcnde Bir Avu\u00e7 G\u00fcne\u015f\u2019, \u2018Bir \u00d6ld\u00fcrme T\u00f6reni\u2019, \u2018Belge\u2019 ve \u2018Bak\u0131r D\u00f6nemi\u2019 izledi.<\/p>\n<p>Bu kitaplar\u0131n bize tuttu\u011fu aynada, karanl\u0131ktan karanl\u0131\u011fa nas\u0131l ko\u015ftu\u011fumuzu g\u00f6rd\u00fck. Bu kitaplar bize, insan\u0131n Tanr\u0131\u2019y\u0131 unutmas\u0131na ba\u011fl\u0131 olarak ya\u015fad\u0131\u011f\u0131 tedirginli\u011fi, d\u00fc\u015ft\u00fc\u011f\u00fc bunal\u0131m\u0131 anlatt\u0131. \u015eematik bir \u00f6zg\u00fcrl\u00fc\u011f\u00fcn insana bir\u015fey kazand\u0131rmad\u0131\u011f\u0131n\u0131 hat\u0131rlatt\u0131. Bu kitaplarla, tiyatromuzun, nas\u0131l b\u00fcy\u00fck boyutlara ula\u015ft\u0131\u011f\u0131na tan\u0131kl\u0131k ediyoruz. \/ Mehmet Emin<\/p>","protected":false},"featured_media":14617,"template":"","meta":{"spay_email":""},"product_cat":[168],"product_tag":[],"item":[408],"acf":[],"_links":{"self":[{"href":"https:\/\/mgvpublications.com\/de\/wp-json\/wp\/v2\/product\/14616"}],"collection":[{"href":"https:\/\/mgvpublications.com\/de\/wp-json\/wp\/v2\/product"}],"about":[{"href":"https:\/\/mgvpublications.com\/de\/wp-json\/wp\/v2\/types\/product"}],"wp:featuredmedia":[{"embeddable":true,"href":"https:\/\/mgvpublications.com\/de\/wp-json\/wp\/v2\/media\/14617"}],"wp:attachment":[{"href":"https:\/\/mgvpublications.com\/de\/wp-json\/wp\/v2\/media?parent=14616"}],"wp:term":[{"taxonomy":"product_cat","embeddable":true,"href":"https:\/\/mgvpublications.com\/de\/wp-json\/wp\/v2\/product_cat?post=14616"},{"taxonomy":"product_tag","embeddable":true,"href":"https:\/\/mgvpublications.com\/de\/wp-json\/wp\/v2\/product_tag?post=14616"},{"taxonomy":"item","embeddable":true,"href":"https:\/\/mgvpublications.com\/de\/wp-json\/wp\/v2\/item?post=14616"}],"curies":[{"name":"wp","href":"https:\/\/api.w.org\/{rel}","templated":true}]}}