{"id":14155,"date":"2021-01-09T00:46:15","date_gmt":"2021-01-08T23:46:15","guid":{"rendered":"https:\/\/dev2.mgvpublications.com\/produkt\/dil-belasi\/"},"modified":"2022-03-08T22:47:40","modified_gmt":"2022-03-08T21:47:40","slug":"dil-belasi","status":"publish","type":"product","link":"https:\/\/mgvpublications.com\/de\/dil-belasi\/","title":{"rendered":"Dil Belas\u0131"},"content":{"rendered":"<div>Derleyici: Muhammed Hakan \u00d6ner<\/div>\n<div>Yay\u0131n Tarihi: 22.03.2010<\/div>\n<div>ISBN: 9786055455668<\/div>\n<div>Dil: T\u00dcRK\u00c7E<\/div>\n<div>Sayfa Say\u0131s\u0131: 248<\/div>\n<div>Cilt Tipi: Karton Kapak<\/div>\n<div>Ka\u011f\u0131t Cinsi: Kitap Ka\u011f\u0131d\u0131<\/div>\n<div>Boyut: 13.5 x 21 cm<\/div>","protected":false},"excerpt":{"rendered":"<p>Eser, b\u00fcy\u00fck \u0130slam alimi \u0130mam Gazali&#8217;ye ait \u0130hya&#8217;dan bir b\u00f6l\u00fcm\u00fcn terc\u00fcmesidir. \u0130\u00e7inde her insan\u0131n cennete veya cehenneme gitmesinde en \u00f6nemli sebep olan dilin afet ve hastal\u0131klar\u0131 i\u015flenmektedir.<br \/>\nEserde, dilin yirmi \u00e7e\u015fit hastal\u0131\u011f\u0131ndan ve dille d\u00fc\u015f\u00fclen tehlikelerden bahsedilmekte, tespitten sonra tedavi yollar\u0131 g\u00f6sterilmektedir.<br \/>\nG\u00fcn\u00fcm\u00fcz insan\u0131n en fazla m\u00fcptela oldu\u011fu yersiz, gereksiz ve \u00f6l\u00e7\u00fcs\u00fcz konu\u015fma hastal\u0131\u011f\u0131na kesin ila\u00e7 olacak bir kitap.<\/p>","protected":false},"featured_media":16191,"template":"","meta":{"spay_email":""},"product_cat":[232],"product_tag":[],"item":[687],"acf":[],"_links":{"self":[{"href":"https:\/\/mgvpublications.com\/de\/wp-json\/wp\/v2\/product\/14155"}],"collection":[{"href":"https:\/\/mgvpublications.com\/de\/wp-json\/wp\/v2\/product"}],"about":[{"href":"https:\/\/mgvpublications.com\/de\/wp-json\/wp\/v2\/types\/product"}],"wp:featuredmedia":[{"embeddable":true,"href":"https:\/\/mgvpublications.com\/de\/wp-json\/wp\/v2\/media\/16191"}],"wp:attachment":[{"href":"https:\/\/mgvpublications.com\/de\/wp-json\/wp\/v2\/media?parent=14155"}],"wp:term":[{"taxonomy":"product_cat","embeddable":true,"href":"https:\/\/mgvpublications.com\/de\/wp-json\/wp\/v2\/product_cat?post=14155"},{"taxonomy":"product_tag","embeddable":true,"href":"https:\/\/mgvpublications.com\/de\/wp-json\/wp\/v2\/product_tag?post=14155"},{"taxonomy":"item","embeddable":true,"href":"https:\/\/mgvpublications.com\/de\/wp-json\/wp\/v2\/item?post=14155"}],"curies":[{"name":"wp","href":"https:\/\/api.w.org\/{rel}","templated":true}]}}