{"id":14107,"date":"2021-01-08T23:06:09","date_gmt":"2021-01-08T22:06:09","guid":{"rendered":"https:\/\/dev2.mgvpublications.com\/?post_type=product&#038;p=14107"},"modified":"2022-03-08T22:47:40","modified_gmt":"2022-03-08T21:47:40","slug":"is-yasaminda-100-kanguru-sistem-liderligi","status":"publish","type":"product","link":"https:\/\/mgvpublications.com\/de\/is-yasaminda-100-kanguru-sistem-liderligi\/","title":{"rendered":"\u0130\u015f Ya\u015fam\u0131nda 100 Kanguru Sistem Liderli\u011fi"},"content":{"rendered":"<table>\n<tbody>\n<tr>\n<td>Yay\u0131n Tarihi:<\/td>\n<td>01.03.2019<\/td>\n<\/tr>\n<tr>\n<td>ISBN:<\/td>\n<td>9789756093078<\/td>\n<\/tr>\n<tr>\n<td>Dil:<\/td>\n<td>T\u00dcRK\u00c7E<\/td>\n<\/tr>\n<tr>\n<td>Sayfa Say\u0131s\u0131:<\/td>\n<td>293<\/td>\n<\/tr>\n<tr>\n<td>Cilt Tipi:<\/td>\n<td>Karton Kapak<\/td>\n<\/tr>\n<tr>\n<td>Ka\u011f\u0131t Cinsi:<\/td>\n<td>1. Hm. Ka\u011f\u0131t<\/td>\n<\/tr>\n<tr>\n<td>Boyut:<\/td>\n<td>14 x 21 cm<\/td>\n<\/tr>\n<\/tbody>\n<\/table>","protected":false},"excerpt":{"rendered":"<p>&#8220;\u015eerif \u0130zg\u00f6ren&#8217;in ba\u015f\u0131na ge\u00e7ti\u011fi kurumlarda yaratt\u0131\u011f\u0131 mucizeleri bilen biri oldu\u011fum i\u00e7in, kitab\u0131n sat\u0131r aralar\u0131n\u0131 bile de\u011ferlendirmeye \u00e7al\u0131\u015ft\u0131m, i\u015f ya\u015fam\u0131yla ilgili \u00e7ok de\u011ferli bir ba\u015fucu kitab\u0131.&#8221;<br \/>\n&#8211; Attilla Okumu\u015f<br \/>\nJumbo Genel M\u00fcd\u00fcr\u00fc<\/p>\n<p>&#8220;\u0130nan\u0131lmaz, harikulade! Arkan\u0131zda \u015fa\u015fk\u0131n ve \u00e7ok etkilenmi\u015f bir dinleyici kitlesi b\u0131rakt\u0131n\u0131z.&#8221;<br \/>\n&#8211; Mike West<br \/>\nYazar\u0131n 27 May\u0131s 99&#8217;da \u0130ngiltere&#8217;de y\u00f6neticilere yapt\u0131\u011f\u0131 konu\u015fma sonras\u0131 g\u00f6nderdi\u011fi faks<\/p>\n<p>&#8220;Y\u00f6netici-\u00e7al\u0131\u015fan, devlette g\u00f6rev yapan herkesin i\u015f hayat\u0131na ba\u015flarken okumas\u0131 gereken bir kitap.&#8221;<br \/>\n&#8211; \u00d6zcan Kutay<br \/>\nSanayi Bakanl\u0131\u011f\u0131 Avrupa Toplulu\u011fu Dai. B\u015fk.<\/p>\n<p>&#8220;\u00c7al\u0131\u015ft\u0131\u011f\u0131m \u015firket \u00e7ok k\u00f6t\u00fc durumdayken, \u015eerif Bey genel m\u00fcd\u00fcr olarak geldi; alt\u0131 ay sonra inan\u0131lmaz bir ba\u015far\u0131y\u0131 hep beraber yakalad\u0131k. Beni etkileyen en \u00f6nemli \u00f6zelli\u011fi insan ili\u015fkilerindeki ba\u015far\u0131s\u0131 oldu.&#8221;<br \/>\n&#8211; Emel \u00c7elikkanat<\/p>\n<p>Bug\u00fcne kadar okudu\u011fum en iyi y\u00f6netim kitab\u0131<br \/>\n&#8211; Hv. Tu\u011fgen. \u015eerif Sarao\u011flu<\/p>\n<p>Ger\u00e7ekten bak\u0131\u015f a\u00e7\u0131m\u0131 \u00e7ok etkileyen bir kitap oldu. Piramit liderli\u011fini uyguluyorum.<br \/>\n&#8211; K\u00fcr\u015fat \u00d6zkan<br \/>\nGeneral Electrics T\u00fcrkiye &amp; \u00d6n Asya \u015eefi.<\/p>","protected":false},"featured_media":14607,"template":"","meta":{"spay_email":""},"product_cat":[1187],"product_tag":[],"item":[686],"acf":[],"_links":{"self":[{"href":"https:\/\/mgvpublications.com\/de\/wp-json\/wp\/v2\/product\/14107"}],"collection":[{"href":"https:\/\/mgvpublications.com\/de\/wp-json\/wp\/v2\/product"}],"about":[{"href":"https:\/\/mgvpublications.com\/de\/wp-json\/wp\/v2\/types\/product"}],"wp:featuredmedia":[{"embeddable":true,"href":"https:\/\/mgvpublications.com\/de\/wp-json\/wp\/v2\/media\/14607"}],"wp:attachment":[{"href":"https:\/\/mgvpublications.com\/de\/wp-json\/wp\/v2\/media?parent=14107"}],"wp:term":[{"taxonomy":"product_cat","embeddable":true,"href":"https:\/\/mgvpublications.com\/de\/wp-json\/wp\/v2\/product_cat?post=14107"},{"taxonomy":"product_tag","embeddable":true,"href":"https:\/\/mgvpublications.com\/de\/wp-json\/wp\/v2\/product_tag?post=14107"},{"taxonomy":"item","embeddable":true,"href":"https:\/\/mgvpublications.com\/de\/wp-json\/wp\/v2\/item?post=14107"}],"curies":[{"name":"wp","href":"https:\/\/api.w.org\/{rel}","templated":true}]}}