{"id":14081,"date":"2021-01-08T21:34:44","date_gmt":"2021-01-08T20:34:44","guid":{"rendered":"https:\/\/dev2.mgvpublications.com\/produkt\/ofke-kuslari-orkestrasi\/"},"modified":"2022-06-19T14:16:18","modified_gmt":"2022-06-19T12:16:18","slug":"ofke-kuslari-orkestrasi","status":"publish","type":"product","link":"https:\/\/mgvpublications.com\/de\/ofke-kuslari-orkestrasi\/","title":{"rendered":"\u00d6fke Ku\u015flar\u0131 Orkestras\u0131"},"content":{"rendered":"<p>Yay\u0131n Tarihi: 17.10.2019<br \/>ISBN: 9786052297476<br \/>Dil: T\u00dcRK\u00c7E<br \/>Sayfa Say\u0131s\u0131: 36<br \/>Cilt Tipi: Karton Kapak<br \/>Ka\u011f\u0131t Cinsi: 1. Hm. Ka\u011f\u0131t<br \/>Boyut: 22 x 20 cm<\/p>","protected":false},"excerpt":{"rendered":"<p>Duygular\u0131m\u0131z bizlere u\u011frayan misafirlerdir, t\u0131pk\u0131 \u00f6fke ku\u015flar\u0131 orkestras\u0131 gibi. Hi\u00e7 duygular\u0131n\u0131n i\u00e7inde bir yerlerde s\u0131k\u0131\u015f\u0131p kald\u0131\u011f\u0131n\u0131 ve seni bo\u011fdu\u011funu hissetti\u011fin oldu mu? \u00d6yleyse bazen \u00e7ok \u00f6fkelenen Ali\u015f&#8217;in, \u00f6fkesiyle sava\u015fmay\u0131 b\u0131rakt\u0131\u011f\u0131 zaman nas\u0131l g\u00fczel bir orkestra \u015fefine d\u00f6n\u00fc\u015ft\u00fc\u011f\u00fcn\u00fc g\u00f6rmek i\u00e7in kitab\u0131n i\u00e7ine bakmaya ne dersin?<\/p>","protected":false},"featured_media":23108,"template":"","meta":{"spay_email":""},"product_cat":[172],"product_tag":[],"item":[1085],"acf":[],"_links":{"self":[{"href":"https:\/\/mgvpublications.com\/de\/wp-json\/wp\/v2\/product\/14081"}],"collection":[{"href":"https:\/\/mgvpublications.com\/de\/wp-json\/wp\/v2\/product"}],"about":[{"href":"https:\/\/mgvpublications.com\/de\/wp-json\/wp\/v2\/types\/product"}],"wp:featuredmedia":[{"embeddable":true,"href":"https:\/\/mgvpublications.com\/de\/wp-json\/wp\/v2\/media\/23108"}],"wp:attachment":[{"href":"https:\/\/mgvpublications.com\/de\/wp-json\/wp\/v2\/media?parent=14081"}],"wp:term":[{"taxonomy":"product_cat","embeddable":true,"href":"https:\/\/mgvpublications.com\/de\/wp-json\/wp\/v2\/product_cat?post=14081"},{"taxonomy":"product_tag","embeddable":true,"href":"https:\/\/mgvpublications.com\/de\/wp-json\/wp\/v2\/product_tag?post=14081"},{"taxonomy":"item","embeddable":true,"href":"https:\/\/mgvpublications.com\/de\/wp-json\/wp\/v2\/item?post=14081"}],"curies":[{"name":"wp","href":"https:\/\/api.w.org\/{rel}","templated":true}]}}