{"id":14044,"date":"2021-01-08T14:29:46","date_gmt":"2021-01-08T13:29:46","guid":{"rendered":"https:\/\/dev2.mgvpublications.com\/produkt\/ashab-i-suffe\/"},"modified":"2022-03-08T22:47:40","modified_gmt":"2022-03-08T21:47:40","slug":"ashab-i-suffe","status":"publish","type":"product","link":"https:\/\/mgvpublications.com\/de\/ashab-i-suffe\/","title":{"rendered":"Ashab-\u0131 Suffe"},"content":{"rendered":"<p>Yay\u0131n Tarihi: 22.07.2020<br \/>ISBN: 9786057689610<br \/>Dil: T\u00dcRK\u00c7E<br \/>Sayfa Say\u0131s\u0131: 566<br \/>Cilt Tipi: Karton Kapak<br \/>Ka\u011f\u0131t Cinsi: Kitap Ka\u011f\u0131d\u0131<br \/>Boyut: 21 x 13.5 cm<\/p>","protected":false},"excerpt":{"rendered":"<p>Ash\u00e2b-\u0131 Suffe, ilk emri \u201cOku!\u201d olan bir dinin ve \u00f6l\u00fcm tehdidi alt\u0131nda bile ilme \u00f6ncelik veren bir peygamberin g\u00fczide talebeleridir. \u201cOku!\u201d emriyle ba\u015flayan bu e\u015fsiz ink\u0131l\u00e2p, Allah Res\u00fbl\u00fc\u2019n\u00fcn (sas) ola\u011fan\u00fcst\u00fc \u00e7abalar\u0131yla zirveye ula\u015ft\u0131 ve Suffe Ash\u00e2b\u0131 ile hayat buldu. Allah ve Res\u00fbl\u00fc\u2019n\u00fcn mesaj\u0131n\u0131 en iyi \u015fekilde i\u00e7selle\u015ftiren Ash\u00e2b-\u0131 Suffe, Kur\u2019\u00e2n ve s\u00fcnneti \u00f6\u011frenerek ya\u015famay\u0131 hayatlar\u0131n\u0131n gayesi yapt\u0131lar. H\u00e2l, hareket ve ya\u015fant\u0131lar\u0131yla k\u0131yamete kadar gelecek nesillere \u00f6rnek oldular. Daha d\u00fcne kadar okumay\u0131 ve yazmay\u0131 ak\u0131llar\u0131ndan bile ge\u00e7irmeyen bir toplumun fertleri iken \u0130sl\u00e2m ile hayat bulan sah\u00e2b\u00eeler, o g\u00fcnden sonra ilim ve irfan a\u015f\u0131\u011f\u0131 oldular ve hayatlar\u0131n\u0131 buna adad\u0131lar. Bu insanlar, g\u00f6k kubbenin alt\u0131nda ya\u015fayan en bahtiyar insanlard\u0131. Rehberleri, Kur\u2019\u00e2n; okullar\u0131, Mescid-i Nebev\u00ee; \u00f6\u011fretmenleri, peygamberlerin serveri olan Hz. Muhammed (sas) idi. Bu kitap; ak\u0131c\u0131 ve sade bir \u00fcslupla istifadenize sunulmu\u015f olup en sevgilinin en \u00f6zel \u00f6\u011frencilerini yak\u0131ndan tan\u0131mak, manen onlar\u0131n \u00f6n\u00fcne diz \u00f6n\u00fcne \u00e7\u00f6k\u00fcp talebeleri olmak, nebev\u00ee ilim ve irfanla tan\u0131\u015fmak i\u00e7in haz\u0131rland\u0131.<\/p>","protected":false},"featured_media":22487,"template":"","meta":{"spay_email":""},"product_cat":[174],"product_tag":[],"item":[426],"acf":[],"_links":{"self":[{"href":"https:\/\/mgvpublications.com\/de\/wp-json\/wp\/v2\/product\/14044"}],"collection":[{"href":"https:\/\/mgvpublications.com\/de\/wp-json\/wp\/v2\/product"}],"about":[{"href":"https:\/\/mgvpublications.com\/de\/wp-json\/wp\/v2\/types\/product"}],"wp:featuredmedia":[{"embeddable":true,"href":"https:\/\/mgvpublications.com\/de\/wp-json\/wp\/v2\/media\/22487"}],"wp:attachment":[{"href":"https:\/\/mgvpublications.com\/de\/wp-json\/wp\/v2\/media?parent=14044"}],"wp:term":[{"taxonomy":"product_cat","embeddable":true,"href":"https:\/\/mgvpublications.com\/de\/wp-json\/wp\/v2\/product_cat?post=14044"},{"taxonomy":"product_tag","embeddable":true,"href":"https:\/\/mgvpublications.com\/de\/wp-json\/wp\/v2\/product_tag?post=14044"},{"taxonomy":"item","embeddable":true,"href":"https:\/\/mgvpublications.com\/de\/wp-json\/wp\/v2\/item?post=14044"}],"curies":[{"name":"wp","href":"https:\/\/api.w.org\/{rel}","templated":true}]}}