{"id":14042,"date":"2021-01-08T14:23:03","date_gmt":"2021-01-08T13:23:03","guid":{"rendered":"https:\/\/dev2.mgvpublications.com\/produkt\/siret-i-nebi-evcezus-siyer-li-hayril-beser\/"},"modified":"2022-03-08T22:47:40","modified_gmt":"2022-03-08T21:47:40","slug":"siret-i-nebi-evcezus-siyer-li-hayril-beser","status":"publish","type":"product","link":"https:\/\/mgvpublications.com\/de\/siret-i-nebi-evcezus-siyer-li-hayril-beser\/","title":{"rendered":"Siret-i Nebi Evcezu\u2019s-Siyer Li Hayri\u2019l-Be\u015fer"},"content":{"rendered":"<table>\n<tbody>\n<tr>\n<td>\u00c7evirmen:<\/td>\n<td><a href=\"https:\/\/www.kitapyurdu.com\/yazar\/semih-ozdemir\/225027.html\" target=\"_blank\" rel=\"noopener\">Semih \u00d6zdemir<\/a><\/td>\n<\/tr>\n<tr>\n<td>Yay\u0131n Tarihi:<\/td>\n<td>16.05.2020<\/td>\n<\/tr>\n<tr>\n<td>Orijinal Ad\u0131:<\/td>\n<td>Evcezu\u2019s-Siyer Li Hayri\u2019l-Be\u015fer<\/td>\n<\/tr>\n<tr>\n<td>ISBN:<\/td>\n<td>9786057689795<\/td>\n<\/tr>\n<tr>\n<td>Dil:<\/td>\n<td>ARAP\u00c7A,T\u00dcRK\u00c7E<\/td>\n<\/tr>\n<tr>\n<td>Sayfa Say\u0131s\u0131:<\/td>\n<td>82<\/td>\n<\/tr>\n<tr>\n<td>Cilt Tipi:<\/td>\n<td>Karton Kapak<\/td>\n<\/tr>\n<tr>\n<td>Ka\u011f\u0131t Cinsi:<\/td>\n<td>Kitap Ka\u011f\u0131d\u0131<\/td>\n<\/tr>\n<tr>\n<td>Boyut:<\/td>\n<td>15 x 19 cm<\/td>\n<\/tr>\n<\/tbody>\n<\/table>\n<p>&nbsp;<\/p>","protected":false},"excerpt":{"rendered":"<p>Siyer sadece bir insan\u0131n hayat\u0131n\u0131 de\u011fil, insanl\u0131\u011f\u0131n nas\u0131l hayat buldu\u011funu ve bulaca\u011f\u0131n\u0131 anlat\u0131r. Dolay\u0131s\u0131yla siyere g\u00f6re \u015fekillenmemi\u015f bir hayat, \u0131zd\u0131raba mahk\u00fbmdur. Allah\u2019a [celle cel\u00e2luhu] itaat O\u2019nu sevmekten, O\u2019nu sevmek Res\u00fblullah\u2019a [sallall\u00e2hu aleyhi ve sellem] itaatten, Res\u00fblullah\u2019a itaat onu sevmekten, onu sevmek de onu tan\u0131maktan ge\u00e7er. Elinizdeki bu kitap i\u015fte bu ilk ad\u0131m\u0131 atmaya yard\u0131mc\u0131 olur. Erken d\u00f6nemin en b\u00fcy\u00fck dilcisi say\u0131lan \u0130bn F\u00e2ris (v. 395\/1004) taraf\u0131ndan kaleme al\u0131nan bu eser, Res\u00fblullah\u2019\u0131n [sallall\u00e2hu aleyhi ve sellem] m\u00fcbarek siyerini anlatan en k\u0131sa ve \u00f6zl\u00fc eserlerden biridir.<\/p>","protected":false},"featured_media":14604,"template":"","meta":{"spay_email":""},"product_cat":[174],"product_tag":[],"item":[426],"acf":[],"_links":{"self":[{"href":"https:\/\/mgvpublications.com\/de\/wp-json\/wp\/v2\/product\/14042"}],"collection":[{"href":"https:\/\/mgvpublications.com\/de\/wp-json\/wp\/v2\/product"}],"about":[{"href":"https:\/\/mgvpublications.com\/de\/wp-json\/wp\/v2\/types\/product"}],"wp:featuredmedia":[{"embeddable":true,"href":"https:\/\/mgvpublications.com\/de\/wp-json\/wp\/v2\/media\/14604"}],"wp:attachment":[{"href":"https:\/\/mgvpublications.com\/de\/wp-json\/wp\/v2\/media?parent=14042"}],"wp:term":[{"taxonomy":"product_cat","embeddable":true,"href":"https:\/\/mgvpublications.com\/de\/wp-json\/wp\/v2\/product_cat?post=14042"},{"taxonomy":"product_tag","embeddable":true,"href":"https:\/\/mgvpublications.com\/de\/wp-json\/wp\/v2\/product_tag?post=14042"},{"taxonomy":"item","embeddable":true,"href":"https:\/\/mgvpublications.com\/de\/wp-json\/wp\/v2\/item?post=14042"}],"curies":[{"name":"wp","href":"https:\/\/api.w.org\/{rel}","templated":true}]}}