{"id":14036,"date":"2021-01-08T14:13:07","date_gmt":"2021-01-08T13:13:07","guid":{"rendered":"https:\/\/dev2.mgvpublications.com\/produkt\/peygamberimizin-sas-kizlari-ve-torunlari\/"},"modified":"2022-03-08T22:47:40","modified_gmt":"2022-03-08T21:47:40","slug":"peygamberimizin-sas-kizlari-ve-torunlari","status":"publish","type":"product","link":"https:\/\/mgvpublications.com\/de\/peygamberimizin-sas-kizlari-ve-torunlari\/","title":{"rendered":"Peygamberimizin (Sas) K\u0131zlar\u0131 ve Torunlar\u0131"},"content":{"rendered":"<p>Yay\u0131n Tarihi: 03.10.2019<br \/>ISBN: 9786057689085<br \/>Dil: T\u00dcRK\u00c7E<br \/>Sayfa Say\u0131s\u0131: 285<br \/>Cilt Tipi: Karton Kapak<br \/>Ka\u011f\u0131t Cinsi: Kitap Ka\u011f\u0131d\u0131<br \/>Boyut: 13.5 x 21 cm<\/p>","protected":false},"excerpt":{"rendered":"<p>Onlar \u00c2lemlerin efendisinin (sas) hane-i saadetlerinde d\u00fcnyaya g\u00f6zlerini a\u00e7t\u0131lar.\u00c7ocukluk ve gen\u00e7lik y\u0131llar\u0131n\u0131 Kutlu hanede ge\u00e7irdiler. Hz. Hatice gibi erdemin zirvesinde bir annenin terbiyesinde yeti\u015fdiler. H\u00fcz\u00fcn ve Sevin\u00e7lerini G\u00f6n\u00fcller Sultan\u0131\u2019yla payla\u015ft\u0131lar. Onun y\u00fcce ahlak\u0131n\u0131 hayatlar\u0131na rehber edindiler.<\/p>","protected":false},"featured_media":20195,"template":"","meta":{"spay_email":""},"product_cat":[174],"product_tag":[],"item":[426],"acf":[],"_links":{"self":[{"href":"https:\/\/mgvpublications.com\/de\/wp-json\/wp\/v2\/product\/14036"}],"collection":[{"href":"https:\/\/mgvpublications.com\/de\/wp-json\/wp\/v2\/product"}],"about":[{"href":"https:\/\/mgvpublications.com\/de\/wp-json\/wp\/v2\/types\/product"}],"wp:featuredmedia":[{"embeddable":true,"href":"https:\/\/mgvpublications.com\/de\/wp-json\/wp\/v2\/media\/20195"}],"wp:attachment":[{"href":"https:\/\/mgvpublications.com\/de\/wp-json\/wp\/v2\/media?parent=14036"}],"wp:term":[{"taxonomy":"product_cat","embeddable":true,"href":"https:\/\/mgvpublications.com\/de\/wp-json\/wp\/v2\/product_cat?post=14036"},{"taxonomy":"product_tag","embeddable":true,"href":"https:\/\/mgvpublications.com\/de\/wp-json\/wp\/v2\/product_tag?post=14036"},{"taxonomy":"item","embeddable":true,"href":"https:\/\/mgvpublications.com\/de\/wp-json\/wp\/v2\/item?post=14036"}],"curies":[{"name":"wp","href":"https:\/\/api.w.org\/{rel}","templated":true}]}}