{"id":14021,"date":"2021-01-08T13:52:21","date_gmt":"2021-01-08T12:52:21","guid":{"rendered":"https:\/\/dev2.mgvpublications.com\/produkt\/nicin-namaz\/"},"modified":"2022-03-08T22:47:37","modified_gmt":"2022-03-08T21:47:37","slug":"nicin-namaz","status":"publish","type":"product","link":"https:\/\/mgvpublications.com\/de\/nicin-namaz\/","title":{"rendered":"Ni\u00e7in Namaz"},"content":{"rendered":"<table>\n<tbody>\n<tr>\n<td>Yay\u0131n Tarihi:<\/td>\n<td>15.03.2018<\/td>\n<\/tr>\n<tr>\n<td>ISBN:<\/td>\n<td>9786052375563<\/td>\n<\/tr>\n<tr>\n<td>Dil:<\/td>\n<td>T\u00dcRK\u00c7E<\/td>\n<\/tr>\n<tr>\n<td>Sayfa Say\u0131s\u0131:<\/td>\n<td>204<\/td>\n<\/tr>\n<tr>\n<td>Cilt Tipi:<\/td>\n<td>Karton Kapak<\/td>\n<\/tr>\n<tr>\n<td>Ka\u011f\u0131t Cinsi:<\/td>\n<td>Kitap Ka\u011f\u0131d\u0131<\/td>\n<\/tr>\n<tr>\n<td>Boyut:<\/td>\n<td>13.5 x 21<\/td>\n<\/tr>\n<\/tbody>\n<\/table>","protected":false},"excerpt":{"rendered":"<p>\u201cK\u00e2inatta en yu\u0308ksek hakikat imand\u0131r, imandan sonra namazd\u0131r.\u201d<br \/>\n\u00c7u\u0308nku\u0308 namaz k\u0131lan insanla k\u0131lmayan insan, namaz k\u0131lan milletle k\u0131lmayan millet aras\u0131ndaki fark; \u00f6lu\u0308lerle diriler aras\u0131ndaki fark kadard\u0131r. Ben, milletimin \u00f6lu\u0308 de\u011fil, diri olmas\u0131n\u0131; Allah\u2019a isyan eden millet de\u011fil, itaat eden bir millet olmas\u0131n\u0131 istiyorum. Mu\u0308slu\u0308man\u0131m diyen herkesin gayesi bu olmal\u0131d\u0131r. Her Mu\u0308slu\u0308man, herkes benim k\u0131bleme d\u00f6nsu\u0308n, herkes benim ibadet etti\u011fim Allah\u2019a ibadet etsin gayesini ta\u015f\u0131mal\u0131d\u0131r. Bunun i\u00e7in ya\u015famal\u0131d\u0131r, gerekirse bunun i\u00e7in \u00f6lmelidir. Bu, Allah\u2019\u0131n insanlara verdi\u011fi en bu\u0308yu\u0308k g\u00f6rev ve Mu\u0308slu\u0308manlar u\u0308zerindeki en bu\u0308yu\u0308k hakk\u0131d\u0131r.<\/p>","protected":false},"featured_media":14601,"template":"","meta":{"spay_email":""},"product_cat":[174],"product_tag":[],"item":[426],"acf":[],"_links":{"self":[{"href":"https:\/\/mgvpublications.com\/de\/wp-json\/wp\/v2\/product\/14021"}],"collection":[{"href":"https:\/\/mgvpublications.com\/de\/wp-json\/wp\/v2\/product"}],"about":[{"href":"https:\/\/mgvpublications.com\/de\/wp-json\/wp\/v2\/types\/product"}],"wp:featuredmedia":[{"embeddable":true,"href":"https:\/\/mgvpublications.com\/de\/wp-json\/wp\/v2\/media\/14601"}],"wp:attachment":[{"href":"https:\/\/mgvpublications.com\/de\/wp-json\/wp\/v2\/media?parent=14021"}],"wp:term":[{"taxonomy":"product_cat","embeddable":true,"href":"https:\/\/mgvpublications.com\/de\/wp-json\/wp\/v2\/product_cat?post=14021"},{"taxonomy":"product_tag","embeddable":true,"href":"https:\/\/mgvpublications.com\/de\/wp-json\/wp\/v2\/product_tag?post=14021"},{"taxonomy":"item","embeddable":true,"href":"https:\/\/mgvpublications.com\/de\/wp-json\/wp\/v2\/item?post=14021"}],"curies":[{"name":"wp","href":"https:\/\/api.w.org\/{rel}","templated":true}]}}