{"id":14016,"date":"2021-01-08T13:46:05","date_gmt":"2021-01-08T12:46:05","guid":{"rendered":"https:\/\/dev2.mgvpublications.com\/produkt\/hz-hatice-bint-huveylid-peygamber-evinin-hanimlari-1\/"},"modified":"2022-05-08T15:51:50","modified_gmt":"2022-05-08T13:51:50","slug":"hz-hatice-bint-huveylid-peygamber-evinin-hanimlari-1","status":"publish","type":"product","link":"https:\/\/mgvpublications.com\/de\/hz-hatice-bint-huveylid-peygamber-evinin-hanimlari-1\/","title":{"rendered":"Hz. Hatice Bint Huveylid \/ Peygamber Evinin Han\u0131mlar\u0131 1"},"content":{"rendered":"<p>Yay\u0131n Tarihi: 28.06.2019<br \/>ISBN: 9786057558862<br \/>Dil: T\u00dcRK\u00c7E<br \/>Sayfa Say\u0131s\u0131: 144<br \/>Cilt Tipi: Karton Kapak<br \/>Ka\u011f\u0131t Cinsi: Kitap Ka\u011f\u0131d\u0131<br \/>Boyut: 11.5 x 19 cm<\/p>","protected":false},"excerpt":{"rendered":"<p>\u201cZaman\u0131ndaki kad\u0131nlar\u0131n hay\u0131rl\u0131s\u0131 \u0130mr\u00e2n k\u0131z\u0131 Meryem\u2019dir. Bu \u00fcmmetin kad\u0131nlar\u0131n\u0131n hay\u0131rl\u0131s\u0131 da Hatice\u2019dir.\u201d [Hz. Muhammed (sas)] Hz. Peygamber (sas), her hususta oldu\u011fu gibi aile hayat\u0131nda da insanl\u0131\u011fa g\u00fczel bir \u00f6rnektir. Onun aile hayat\u0131n\u0131 \u00f6\u011frenmek ve e\u015fleri hakk\u0131nda bilgi sahibi olmak aile hayat\u0131n\u0131n \u00f6rnekli\u011fini anlamada bize yard\u0131mc\u0131 olacakt\u0131r. Hz. Hatice (ra), Hz. Peygamber\u2019in (sas) di\u011fer han\u0131mlar\u0131 aras\u0131nda onunla peygamber olmadan \u00f6nce evlenen tek han\u0131md\u0131r. Ahlak\u0131ndan ve karakterinden etkilenmi\u015f ve ona \u00e7ok de\u011fer vermi\u015ftir. O, mutlu zamanlar\u0131nda oldu\u011fu gibi s\u0131k\u0131nt\u0131l\u0131 anlar\u0131nda da Hz. Peygamber\u2019in (sas) yan\u0131ndayd\u0131. Hz. Peygamber (sas) de kar\u015f\u0131la\u015ft\u0131\u011f\u0131 s\u0131k\u0131nt\u0131lar\u0131n \u00fcstesinden onun dostlu\u011fu, verdi\u011fi destek, huzur ve s\u00fck\u00fbnu ile gelmi\u015ftir. Hz. Hatice\u2019nin (ra) vefat\u0131na kadar Hz. Peygamber (sas) ba\u015fka bir kad\u0131nla evlenmemi\u015ftir. Hz. Hatice\u2019nin (ra) vefat\u0131ndan sonra da onu hep muhabbetle y\u00e2d edip hat\u0131ras\u0131n\u0131 ya\u015fatm\u0131\u015ft\u0131r.<\/p>","protected":false},"featured_media":22480,"template":"","meta":{"spay_email":""},"product_cat":[174],"product_tag":[],"item":[426],"acf":[],"_links":{"self":[{"href":"https:\/\/mgvpublications.com\/de\/wp-json\/wp\/v2\/product\/14016"}],"collection":[{"href":"https:\/\/mgvpublications.com\/de\/wp-json\/wp\/v2\/product"}],"about":[{"href":"https:\/\/mgvpublications.com\/de\/wp-json\/wp\/v2\/types\/product"}],"wp:featuredmedia":[{"embeddable":true,"href":"https:\/\/mgvpublications.com\/de\/wp-json\/wp\/v2\/media\/22480"}],"wp:attachment":[{"href":"https:\/\/mgvpublications.com\/de\/wp-json\/wp\/v2\/media?parent=14016"}],"wp:term":[{"taxonomy":"product_cat","embeddable":true,"href":"https:\/\/mgvpublications.com\/de\/wp-json\/wp\/v2\/product_cat?post=14016"},{"taxonomy":"product_tag","embeddable":true,"href":"https:\/\/mgvpublications.com\/de\/wp-json\/wp\/v2\/product_tag?post=14016"},{"taxonomy":"item","embeddable":true,"href":"https:\/\/mgvpublications.com\/de\/wp-json\/wp\/v2\/item?post=14016"}],"curies":[{"name":"wp","href":"https:\/\/api.w.org\/{rel}","templated":true}]}}