{"id":14012,"date":"2021-01-08T13:38:46","date_gmt":"2021-01-08T12:38:46","guid":{"rendered":"https:\/\/dev2.mgvpublications.com\/produkt\/istihbaratin-kisa-tarihi-golge-oyunu\/"},"modified":"2022-03-08T22:47:37","modified_gmt":"2022-03-08T21:47:37","slug":"istihbaratin-kisa-tarihi-golge-oyunu","status":"publish","type":"product","link":"https:\/\/mgvpublications.com\/de\/istihbaratin-kisa-tarihi-golge-oyunu\/","title":{"rendered":"\u0130stihbarat\u0131n K\u0131sa Tarihi: G\u00f6lge Oyunu"},"content":{"rendered":"<table>\n<tbody>\n<tr>\n<td>Yay\u0131n Tarihi:<\/td>\n<td>05.11.2019<\/td>\n<\/tr>\n<tr>\n<td>ISBN:<\/td>\n<td>9786050830774<\/td>\n<\/tr>\n<tr>\n<td>Dil:<\/td>\n<td>T\u00dcRK\u00c7E<\/td>\n<\/tr>\n<tr>\n<td>Sayfa Say\u0131s\u0131:<\/td>\n<td>304<\/td>\n<\/tr>\n<tr>\n<td>Cilt Tipi:<\/td>\n<td>Karton Kapak<\/td>\n<\/tr>\n<tr>\n<td>Ka\u011f\u0131t Cinsi:<\/td>\n<td>Kitap Ka\u011f\u0131d\u0131<\/td>\n<\/tr>\n<tr>\n<td>Boyut:<\/td>\n<td>13.5 x 21<\/td>\n<\/tr>\n<\/tbody>\n<\/table>\n<p>&nbsp;<\/p>","protected":false},"excerpt":{"rendered":"<p>\u0130nsano\u011flu, tarih boyunca hep \u00f6tekileri merak etmi\u015f ve onlar hakk\u0131nda bilgi sahibi olmaya gayret etmi\u015ftir. Bu nedenle istihbarat\u0131n ortaya \u00e7\u0131k\u0131\u015f\u0131 insanl\u0131\u011f\u0131n ba\u015flang\u0131c\u0131na kadar g\u00f6t\u00fcr\u00fclebilir. Her topluluk kendi varl\u0131\u011f\u0131n\u0131 korumak ve di\u011ferlerine \u00fcst\u00fcnl\u00fck kurmak i\u00e7in \u00f6tekiler hakk\u0131nda bilgi sahibi olmaya ve onlar\u0131n te\u015febb\u00fcslerini engellemeye \u00e7al\u0131\u015fm\u0131\u015ft\u0131r. Dolay\u0131s\u0131yla tarihin her devrinde istihbarat ve istihbarat\u00e7\u0131lar toplumlar\u0131n vazge\u00e7ilmez bir par\u00e7as\u0131 olagelmi\u015ftir.<\/p>\n<div class=\"top-block\">\n<div class=\"pr_description\">\n<div id=\"description_text\" class=\"readmore-js-section readmore-js-expanded\"><span class=\"info__text\">\u0130lkin Ba\u015far \u00d6zal, kaleme ald\u0131\u011f\u0131<em>\u00a0\u0130stihbarat\u0131n K\u0131sa Tarihi \/ G\u00d6LGE OYUNU<\/em>\u00a0isimli \u00e7al\u0131\u015fmas\u0131yla istihbarat tarihine ait bilgi yuma\u011f\u0131n\u0131 adeta halla\u00e7 pamu\u011fu gibi elden ge\u00e7iriyor.<\/p>\n<p>F\u0131rat Nehri\u2019nin k\u0131y\u0131s\u0131nda bulunan antik d\u00f6nemden kalma bir kil tablet hangi istihbarat olay\u0131n\u0131 ayd\u0131nlat\u0131yordu?<br \/>\nAsurlular\u0131n kurdu\u011fu ticaret merkezlerinin istihbarat faaliyetleri ile ne ili\u015fkisi vard\u0131?<br \/>\nRoma, Yunan ve Pers medeniyetlerinde istihbarat\u0131n \u00f6nemi neydi?<br \/>\n\u00dc\u00e7 semavi dinin Peygamberleri inananlar\u0131n\u0131 korumak i\u00e7in hangi istihbarat y\u00f6ntemlerine ba\u015fvuruyordu?<br \/>\nKardinal Richeliu\u2019den Casanova\u2019ya modern \u00f6ncesi d\u00f6nemde Avrupa\u2019daki istihbarat m\u00fccadelelerinde neler ya\u015fand\u0131?<br \/>\nAmerikan \u0130\u00e7 Sava\u015f\u0131\u2019nda kad\u0131nlar\u0131n ve zencilerin rol\u00fc neydi?<br \/>\nFransa\u2019daki Dreyfus Meselesi\u2019nin istihbarat tarihindeki \u00f6nemi neydi?<br \/>\nBirinci D\u00fcnya Sava\u015f\u0131\u2019nda ne t\u00fcr istihbarat m\u00fccadeleleri ya\u015fanm\u0131\u015ft\u0131?<br \/>\n\u0130stihbarat tarihi a\u00e7\u0131s\u0131ndan \u0130kinci D\u00fcnya Sava\u015f\u0131\u2019n\u0131n \u00f6nemi neydi?<br \/>\nSo\u011fuk Sava\u015f s\u00fcrecinde istihbarat faaliyetlerinin ula\u015ft\u0131\u011f\u0131 nokta neresiydi?<br \/>\n21. y\u00fczy\u0131lda istihbarat faaliyetleri hangi noktaya evirildi?<br \/>\n\u0130lkin Ba\u015far \u00d6zal, bu sorular\u0131\u00a0<em>\u0130stihbarat\u0131n K\u0131sa Tarihi<\/em>\u00a0\/\u00a0<em>G\u00d6LGE OYUNU<\/em>\u00a0kitab\u0131yla cevapl\u0131yor ve tarih boyunca perde arkas\u0131nda kalan faaliyetlere \u0131\u015f\u0131k tutuyor.<br \/>\n<\/span><\/div>\n<\/div>\n<\/div>\n<div class=\"bottom-block\">\n<div class=\"pr_attributes\"><\/div>\n<\/div>","protected":false},"featured_media":14597,"template":"","meta":{"spay_email":""},"product_cat":[170],"product_tag":[],"item":[360],"acf":[],"_links":{"self":[{"href":"https:\/\/mgvpublications.com\/de\/wp-json\/wp\/v2\/product\/14012"}],"collection":[{"href":"https:\/\/mgvpublications.com\/de\/wp-json\/wp\/v2\/product"}],"about":[{"href":"https:\/\/mgvpublications.com\/de\/wp-json\/wp\/v2\/types\/product"}],"wp:featuredmedia":[{"embeddable":true,"href":"https:\/\/mgvpublications.com\/de\/wp-json\/wp\/v2\/media\/14597"}],"wp:attachment":[{"href":"https:\/\/mgvpublications.com\/de\/wp-json\/wp\/v2\/media?parent=14012"}],"wp:term":[{"taxonomy":"product_cat","embeddable":true,"href":"https:\/\/mgvpublications.com\/de\/wp-json\/wp\/v2\/product_cat?post=14012"},{"taxonomy":"product_tag","embeddable":true,"href":"https:\/\/mgvpublications.com\/de\/wp-json\/wp\/v2\/product_tag?post=14012"},{"taxonomy":"item","embeddable":true,"href":"https:\/\/mgvpublications.com\/de\/wp-json\/wp\/v2\/item?post=14012"}],"curies":[{"name":"wp","href":"https:\/\/api.w.org\/{rel}","templated":true}]}}