{"id":14010,"date":"2021-01-08T13:35:32","date_gmt":"2021-01-08T12:35:32","guid":{"rendered":"https:\/\/dev2.mgvpublications.com\/produkt\/kisa-ikinci-dunya-savasi-tarihi\/"},"modified":"2022-03-08T22:47:36","modified_gmt":"2022-03-08T21:47:36","slug":"kisa-ikinci-dunya-savasi-tarihi","status":"publish","type":"product","link":"https:\/\/mgvpublications.com\/de\/kisa-ikinci-dunya-savasi-tarihi\/","title":{"rendered":"K\u0131sa \u0130kinci D\u00fcnya Sava\u015f\u0131 Tarihi"},"content":{"rendered":"<table>\n<tbody>\n<tr>\n<td>Yay\u0131n Tarihi:<\/td>\n<td>30.04.2019<\/td>\n<\/tr>\n<tr>\n<td>ISBN:<\/td>\n<td>9786050827248<\/td>\n<\/tr>\n<tr>\n<td>Dil:<\/td>\n<td>T\u00dcRK\u00c7E<\/td>\n<\/tr>\n<tr>\n<td>Sayfa Say\u0131s\u0131:<\/td>\n<td>624<\/td>\n<\/tr>\n<tr>\n<td>Cilt Tipi:<\/td>\n<td>Karton Kapak<\/td>\n<\/tr>\n<tr>\n<td>Ka\u011f\u0131t Cinsi:<\/td>\n<td>Kitap Ka\u011f\u0131d\u0131<\/td>\n<\/tr>\n<tr>\n<td>Boyut:<\/td>\n<td>13.5 x 21 &#8220;]<\/td>\n<\/tr>\n<\/tbody>\n<\/table>","protected":false},"excerpt":{"rendered":"<p>\u0130kinci D\u00fcnya Sava\u015f\u0131 d\u00fcnya sava\u015f tarihinin bilan\u00e7osu en a\u011f\u0131r sava\u015f\u0131d\u0131r.<br \/>\nCephe ve cephe gerisi ayr\u0131m\u0131 anlam\u0131n\u0131 yitirmi\u015f, \u015fehirler ve siviller bombalanm\u0131\u015f, y\u0131k\u0131lmaz denilen hatlar, a\u015f\u0131lmaz denilen barikatlar d\u00fc\u015fm\u00fc\u015f, istihbarat ve teknoloji sava\u015flar\u0131 \u00e7at\u0131\u015fmalar\u0131n gidi\u015fat\u0131n\u0131 derinden etkilemi\u015f, insanl\u0131k Nazi vah\u015feti ve soyk\u0131r\u0131m kavram\u0131 ile tan\u0131\u015fm\u0131\u015f ve sava\u015f\u0131 neticelendiren de yine sivilleri hedef alan atom bombalar\u0131 olmu\u015ftur.<br \/>\nT\u00fcrkiye sava\u015f d\u0131\u015f\u0131 kalma ba\u015far\u0131s\u0131 sayesinde bu a\u011f\u0131r bedeli \u00f6demekten kurtulmu\u015ftur belki ama 1945 sonras\u0131 d\u00fcnyay\u0131 \u015fekillendiren So\u011fuk Sava\u015f da \u0130kinci D\u00fcnya Sava\u015f\u0131\u2019n\u0131n bir sonucudur.<\/p>\n<p>\u0130lkin Ba\u015far \u00d6zal \u201cK\u0131sa \u0130kinci D\u00fcnya Sava\u015f\u0131 Tarihi\u201d kitab\u0131nda, iki d\u00fcnya sava\u015f\u0131 aras\u0131 d\u00f6nemi ve bu sava\u015fa yol a\u00e7an zemini ayr\u0131nt\u0131l\u0131 bi\u00e7imde inceledikten sonra sava\u015f\u0131n t\u00fcm cephelerini ayr\u0131 ayr\u0131 ele al\u0131yor.<br \/>\nSava\u015f\u0131n gidi\u015fat\u0131n\u0131 belirleyen teknoloji m\u00fccadelesini, istihbarat sava\u015flar\u0131n\u0131, taktik ve strateji oyunlar\u0131n\u0131 ak\u0131c\u0131 bir dille metne yediriyor.<br \/>\n\u0130kinci D\u00fcnya Sava\u015f\u0131\u2019n\u0131 ba\u015f\u0131ndan sonuna t\u00fcm cepheleri ve ayr\u0131nt\u0131lar\u0131 ile ele alan kitap, s\u0131\u011f bir kronoloji d\u00fczeni i\u00e7inde akmak yerine kar\u015f\u0131l\u0131kl\u0131 ba\u011flant\u0131lar\u0131 kurarak her cepheyi a\u00e7\u0131k ve anla\u015f\u0131l\u0131r bi\u00e7imde analiz ediyor. [koo_icon name=&#8221;undefined&#8221; color=&#8221;&#8221; size=&#8221;&#8221;]<\/p>","protected":false},"featured_media":14596,"template":"","meta":{"spay_email":""},"product_cat":[170],"product_tag":[],"item":[360],"acf":[],"_links":{"self":[{"href":"https:\/\/mgvpublications.com\/de\/wp-json\/wp\/v2\/product\/14010"}],"collection":[{"href":"https:\/\/mgvpublications.com\/de\/wp-json\/wp\/v2\/product"}],"about":[{"href":"https:\/\/mgvpublications.com\/de\/wp-json\/wp\/v2\/types\/product"}],"wp:featuredmedia":[{"embeddable":true,"href":"https:\/\/mgvpublications.com\/de\/wp-json\/wp\/v2\/media\/14596"}],"wp:attachment":[{"href":"https:\/\/mgvpublications.com\/de\/wp-json\/wp\/v2\/media?parent=14010"}],"wp:term":[{"taxonomy":"product_cat","embeddable":true,"href":"https:\/\/mgvpublications.com\/de\/wp-json\/wp\/v2\/product_cat?post=14010"},{"taxonomy":"product_tag","embeddable":true,"href":"https:\/\/mgvpublications.com\/de\/wp-json\/wp\/v2\/product_tag?post=14010"},{"taxonomy":"item","embeddable":true,"href":"https:\/\/mgvpublications.com\/de\/wp-json\/wp\/v2\/item?post=14010"}],"curies":[{"name":"wp","href":"https:\/\/api.w.org\/{rel}","templated":true}]}}