{"id":14002,"date":"2021-01-08T13:22:52","date_gmt":"2021-01-08T12:22:52","guid":{"rendered":"https:\/\/dev2.mgvpublications.com\/produkt\/varolusun-taniklari\/"},"modified":"2022-03-08T22:47:36","modified_gmt":"2022-03-08T21:47:36","slug":"varolusun-taniklari","status":"publish","type":"product","link":"https:\/\/mgvpublications.com\/de\/varolusun-taniklari\/","title":{"rendered":"Varolu\u015fun Tan\u0131klar\u0131"},"content":{"rendered":"<table>\n<tbody>\n<tr>\n<td>Yay\u0131n Tarihi:<\/td>\n<td>17.05.2013<\/td>\n<\/tr>\n<tr>\n<td>ISBN:<\/td>\n<td>9789944195942<\/td>\n<\/tr>\n<tr>\n<td>Dil:<\/td>\n<td>T\u00dcRK\u00c7E<\/td>\n<\/tr>\n<tr>\n<td>Sayfa Say\u0131s\u0131:<\/td>\n<td>334<\/td>\n<\/tr>\n<tr>\n<td>Cilt Tipi:<\/td>\n<td>Karton Kapak<\/td>\n<\/tr>\n<tr>\n<td>Ka\u011f\u0131t Cinsi:<\/td>\n<td>Kitap Ka\u011f\u0131d\u0131<\/td>\n<\/tr>\n<tr>\n<td>Boyut:<\/td>\n<td>13.5 x 21 cm<\/td>\n<\/tr>\n<\/tbody>\n<\/table>\n<p>&nbsp;<\/p>","protected":false},"excerpt":{"rendered":"<p>Yay\u0131n Tarihi: 17.05.2013 ISBN: 9789944195942 Dil: T\u00dcRK\u00c7E Sayfa Say\u0131s\u0131: 334 Cilt Tipi: Karton Kapak Ka\u011f\u0131t Cinsi: Kitap Ka\u011f\u0131d\u0131 Boyut: 13.5 x 21 cm &nbsp;<\/p>","protected":false},"featured_media":14592,"template":"","meta":{"spay_email":""},"product_cat":[174],"product_tag":[],"item":[937],"acf":[],"_links":{"self":[{"href":"https:\/\/mgvpublications.com\/de\/wp-json\/wp\/v2\/product\/14002"}],"collection":[{"href":"https:\/\/mgvpublications.com\/de\/wp-json\/wp\/v2\/product"}],"about":[{"href":"https:\/\/mgvpublications.com\/de\/wp-json\/wp\/v2\/types\/product"}],"wp:featuredmedia":[{"embeddable":true,"href":"https:\/\/mgvpublications.com\/de\/wp-json\/wp\/v2\/media\/14592"}],"wp:attachment":[{"href":"https:\/\/mgvpublications.com\/de\/wp-json\/wp\/v2\/media?parent=14002"}],"wp:term":[{"taxonomy":"product_cat","embeddable":true,"href":"https:\/\/mgvpublications.com\/de\/wp-json\/wp\/v2\/product_cat?post=14002"},{"taxonomy":"product_tag","embeddable":true,"href":"https:\/\/mgvpublications.com\/de\/wp-json\/wp\/v2\/product_tag?post=14002"},{"taxonomy":"item","embeddable":true,"href":"https:\/\/mgvpublications.com\/de\/wp-json\/wp\/v2\/item?post=14002"}],"curies":[{"name":"wp","href":"https:\/\/api.w.org\/{rel}","templated":true}]}}