{"id":13984,"date":"2021-01-08T12:15:56","date_gmt":"2021-01-08T11:15:56","guid":{"rendered":"https:\/\/dev2.mgvpublications.com\/produkt\/umut-ve-sorumluluk-2\/"},"modified":"2022-03-08T22:47:34","modified_gmt":"2022-03-08T21:47:34","slug":"umut-ve-sorumluluk-2","status":"publish","type":"product","link":"https:\/\/mgvpublications.com\/de\/umut-ve-sorumluluk-2\/","title":{"rendered":"Umut ve Sorumluluk"},"content":{"rendered":"<table>\n<tbody>\n<tr>\n<td>Yay\u0131n Tarihi:<\/td>\n<td>11.11.2017<\/td>\n<\/tr>\n<tr>\n<td>ISBN:<\/td>\n<td>9789754737752<\/td>\n<\/tr>\n<tr>\n<td>Dil:<\/td>\n<td>T\u00dcRK\u00c7E<\/td>\n<\/tr>\n<tr>\n<td>Sayfa Say\u0131s\u0131:<\/td>\n<td>364<\/td>\n<\/tr>\n<tr>\n<td>Cilt Tipi:<\/td>\n<td>Karton Kapak<\/td>\n<\/tr>\n<tr>\n<td>Ka\u011f\u0131t Cinsi:<\/td>\n<td>Kitap Ka\u011f\u0131d\u0131<\/td>\n<\/tr>\n<tr>\n<td>Boyut:<\/td>\n<td>13.5 x 21 cm<\/td>\n<\/tr>\n<\/tbody>\n<\/table>\n<p>&nbsp;<\/p>","protected":false},"excerpt":{"rendered":"<p><em>Umut ve Sorumluluk,<\/em>\u00a0siyas\u00ee ve k\u00fclt\u00fcrel meselelere titizlikle e\u011filen Atasoy M\u00fcft\u00fco\u011flu\u2019nun ele\u015ftirel merak\u0131n\u0131 diri tutmas\u0131n\u0131n yan\u0131nda ele\u015ftirel mesafesini korumas\u0131n\u0131n h\u00e2s\u0131las\u0131 olan s\u00f6yle\u015fileri i\u00e7eriyor.<\/p>\n<p>Kitapta son y\u0131llarda b\u00fct\u00fcn d\u00fcnyada politika analizlerinde s\u0131k\u00e7a kullan\u0131lan, neoliberalizm, pop\u00fclizm, emperyalizm, sek\u00fcler kesinlikler, postkolonyalizm gibi kavramlara da at\u0131flar s\u00f6z konusu. Meseleler genellikle \u0130sl\u00e2m d\u00fcnyas\u0131n\u0131n kar\u015f\u0131 kar\u015f\u0131ya kald\u0131\u011f\u0131 sorunlarla birlikte tart\u0131\u015f\u0131l\u0131yor. Metinlerde, bir tarih felsefesine sahip olarak umutlu olman\u0131n de\u011feri; zihinsel s\u00f6m\u00fcrge durumundan kurtulman\u0131n gereklili\u011fi; neonurculuk ele\u015ftirisi; d\u00fcnyada ve T\u00fcrkiye\u2019de \u0130sl\u00e2mc\u0131l\u0131k ba\u011flam\u0131ndaki geli\u015fmeler \u00f6ne \u00e7\u0131k\u0131yor. Her hal\u00fck\u00e2rda s\u00f6yle\u015filer, yirmi birinci y\u00fczy\u0131l\u0131n ilk \u00e7eyre\u011finin politik alt\u00fcst olu\u015flar\u0131n\u0131 anlamland\u0131rmaya \u00e7al\u0131\u015fman\u0131n \u00f6tesine uzanan bir bak\u0131\u015fa sahip.<br \/>\nAtasoy M\u00fcft\u00fco\u011flu, b\u00fcy\u00fck umutlar\u0131n gerekli k\u0131ld\u0131\u011f\u0131 d\u00fcnya g\u00f6r\u00fc\u015f\u00fcn\u00fc, politik anlay\u0131\u015f\u0131, \u201cruhu\u201d anlamaya \u00e7al\u0131\u015f\u0131rken herkesi sorumluluk almaya davet ediyor. De\u011fi\u015fik tarihlerde farkl\u0131 ba\u011flamlarda yap\u0131lan s\u00f6yle\u015filer farkl\u0131 deneyimlere bakarak, canl\u0131 bir \u00f6rneklemin i\u00e7inden konu\u015fuyor. Bu haliyle\u00a0<em>Umut ve Sorumluluk,<\/em>\u00a0\u015fimdinin ger\u00e7ekliklerini ciddiye alarak d\u00f6n\u00fc\u015ft\u00fcrme \u00e7a\u011fr\u0131s\u0131 niteli\u011finde.<\/p>","protected":false},"featured_media":14589,"template":"","meta":{"spay_email":""},"product_cat":[168],"product_tag":[],"item":[389],"acf":[],"_links":{"self":[{"href":"https:\/\/mgvpublications.com\/de\/wp-json\/wp\/v2\/product\/13984"}],"collection":[{"href":"https:\/\/mgvpublications.com\/de\/wp-json\/wp\/v2\/product"}],"about":[{"href":"https:\/\/mgvpublications.com\/de\/wp-json\/wp\/v2\/types\/product"}],"wp:featuredmedia":[{"embeddable":true,"href":"https:\/\/mgvpublications.com\/de\/wp-json\/wp\/v2\/media\/14589"}],"wp:attachment":[{"href":"https:\/\/mgvpublications.com\/de\/wp-json\/wp\/v2\/media?parent=13984"}],"wp:term":[{"taxonomy":"product_cat","embeddable":true,"href":"https:\/\/mgvpublications.com\/de\/wp-json\/wp\/v2\/product_cat?post=13984"},{"taxonomy":"product_tag","embeddable":true,"href":"https:\/\/mgvpublications.com\/de\/wp-json\/wp\/v2\/product_tag?post=13984"},{"taxonomy":"item","embeddable":true,"href":"https:\/\/mgvpublications.com\/de\/wp-json\/wp\/v2\/item?post=13984"}],"curies":[{"name":"wp","href":"https:\/\/api.w.org\/{rel}","templated":true}]}}