{"id":13975,"date":"2021-01-08T11:56:57","date_gmt":"2021-01-08T10:56:57","guid":{"rendered":"https:\/\/dev2.mgvpublications.com\/produkt\/islamin-siyasi-yorumu-2\/"},"modified":"2022-03-08T22:47:33","modified_gmt":"2022-03-08T21:47:33","slug":"islamin-siyasi-yorumu-2","status":"publish","type":"product","link":"https:\/\/mgvpublications.com\/de\/islamin-siyasi-yorumu-2\/","title":{"rendered":"\u0130slam&#8217;\u0131n Siyasi Yorumu"},"content":{"rendered":"<table>\n<tbody>\n<tr>\n<td>Kapak:<\/td>\n<td><a href=\"https:\/\/www.kitapyurdu.com\/yazar\/gunan-mergen\/43382.html\" target=\"_blank\" rel=\"noopener\">G\u00fcnan Mergen<\/a><\/td>\n<\/tr>\n<tr>\n<td>ISBN:<\/td>\n<td>9789758514960<\/td>\n<\/tr>\n<tr>\n<td>Dil:<\/td>\n<td>T\u00dcRK\u00c7E<\/td>\n<\/tr>\n<tr>\n<td>Sayfa Say\u0131s\u0131:<\/td>\n<td>128<\/td>\n<\/tr>\n<tr>\n<td>Cilt Tipi:<\/td>\n<td>Karton Kapak<\/td>\n<\/tr>\n<tr>\n<td>Ka\u011f\u0131t Cinsi:<\/td>\n<td>Kitap Ka\u011f\u0131d\u0131<\/td>\n<\/tr>\n<tr>\n<td>Boyut:<\/td>\n<td>13 x 19.5 cm<\/td>\n<\/tr>\n<\/tbody>\n<\/table>\n<p>&nbsp;<\/p>","protected":false},"excerpt":{"rendered":"<div class=\"top-block\">\n<div class=\"pr_description\">\n<div id=\"description_text\"><span class=\"info__text\">Elinizdeki bu kitapta \u00e7a\u011f\u0131m\u0131z\u0131n b\u00fcy\u00fck g\u00fc\u00e7l\u00fc Ehl \u0130 S\u00fcnnet alimi Ebu&#8217;l Hasan en Nedvi dostu Mevdudi&#8217;nin a\u015f\u0131r\u0131 hatal\u0131 isabetsiz d\u00fc\u015f\u00fcnce ve g\u00f6r\u00fc\u015flerini tenkit edip d\u00fczeltmektedir.<br \/>\n<\/span><\/div>\n<\/div>\n<\/div>\n<div class=\"bottom-block\">\n<div class=\"pr_attributes\"><\/div>\n<\/div>","protected":false},"featured_media":14587,"template":"","meta":{"spay_email":""},"product_cat":[174],"product_tag":[],"item":[833],"acf":[],"_links":{"self":[{"href":"https:\/\/mgvpublications.com\/de\/wp-json\/wp\/v2\/product\/13975"}],"collection":[{"href":"https:\/\/mgvpublications.com\/de\/wp-json\/wp\/v2\/product"}],"about":[{"href":"https:\/\/mgvpublications.com\/de\/wp-json\/wp\/v2\/types\/product"}],"wp:featuredmedia":[{"embeddable":true,"href":"https:\/\/mgvpublications.com\/de\/wp-json\/wp\/v2\/media\/14587"}],"wp:attachment":[{"href":"https:\/\/mgvpublications.com\/de\/wp-json\/wp\/v2\/media?parent=13975"}],"wp:term":[{"taxonomy":"product_cat","embeddable":true,"href":"https:\/\/mgvpublications.com\/de\/wp-json\/wp\/v2\/product_cat?post=13975"},{"taxonomy":"product_tag","embeddable":true,"href":"https:\/\/mgvpublications.com\/de\/wp-json\/wp\/v2\/product_tag?post=13975"},{"taxonomy":"item","embeddable":true,"href":"https:\/\/mgvpublications.com\/de\/wp-json\/wp\/v2\/item?post=13975"}],"curies":[{"name":"wp","href":"https:\/\/api.w.org\/{rel}","templated":true}]}}