{"id":13967,"date":"2021-01-08T11:45:16","date_gmt":"2021-01-08T10:45:16","guid":{"rendered":"https:\/\/dev2.mgvpublications.com\/produkt\/beyin-sizsiniz-2-2\/"},"modified":"2022-03-08T22:47:33","modified_gmt":"2022-03-08T21:47:33","slug":"beyin-sizsiniz-2-2","status":"publish","type":"product","link":"https:\/\/mgvpublications.com\/de\/beyin-sizsiniz-2-2\/","title":{"rendered":"Beyin Sizsiniz 2"},"content":{"rendered":"<table>\n<tbody>\n<tr>\n<td>Yay\u0131n Tarihi:<\/td>\n<td>12.03.2020<\/td>\n<\/tr>\n<tr>\n<td>ISBN:<\/td>\n<td>9786056997594<\/td>\n<\/tr>\n<tr>\n<td>Dil:<\/td>\n<td>T\u00dcRK\u00c7E<\/td>\n<\/tr>\n<tr>\n<td>Sayfa Say\u0131s\u0131:<\/td>\n<td>264<\/td>\n<\/tr>\n<tr>\n<td>Cilt Tipi:<\/td>\n<td>Karton Kapak<\/td>\n<\/tr>\n<tr>\n<td>Ka\u011f\u0131t Cinsi:<\/td>\n<td>Kitap Ka\u011f\u0131d\u0131<\/td>\n<\/tr>\n<tr>\n<td>Boyut:<\/td>\n<td>13.5 x 21 cm<\/td>\n<\/tr>\n<\/tbody>\n<\/table>","protected":false},"excerpt":{"rendered":"<div class=\"top-block\">\n<div class=\"pr_description\">\n<div id=\"description_text\" class=\"readmore-js-section readmore-js-expanded\"><span class=\"info__text\">Bilim ve teknoloji, g\u00fcn\u00fcm\u00fczde \u00e7ok h\u0131zl\u0131 ve ba\u015f d\u00f6nd\u00fcr\u00fcc\u00fc bir seviyede ilerliyor, yeni kap\u0131lar, hayalleri zorlayan ufuklar a\u00e7\u0131yor \u00f6n\u00fcm\u00fcze&#8230;<br \/>\nBeyin bir bilgisayar gibi y\u00fcklenebilir h\u00e2le getirilebilecektir. \u0130stedi\u011fimiz bilgiyi, kitaplar\u0131 ve hatta her t\u00fcrl\u00fc tecr\u00fcbeyi bir mikro\u00e7ipe yerle\u015ftirerek beynimize implant etmek m\u00fcmk\u00fcn olunca, b\u00fct\u00fcn beyinler her t\u00fcrl\u00fc bilgiyi ihtiva edebilecektir. Hatta istedi\u011fimiz yabanc\u0131 lisan\u0131 \u00f6\u011frenebilece\u011fiz.<br \/>\nDaha da \u00f6tesi var&#8230; \u00c7ok yak\u0131n bir gelecekte, d\u00fcnyadaki b\u00fct\u00fcn beyinler birbirleri ile ileti\u015fime ge\u00e7erek gerek bilgi gerek tecr\u00fcbe payla\u015f\u0131m\u0131nda bulunabileceklerdir!<br \/>\nYa tasar\u0131m bebekleri! Ismarlama bebekler&#8230;<br \/>\nGeli\u015fen embriyo teknolojisi, genetik m\u00fchendisli\u011fi, N\u00f6roteknoloji ve N\u00f6rokuantoloji, insanl\u0131\u011f\u0131 bir ba\u015fka boyuta ta\u015f\u0131yabilir duruma geldi. Bu sayede, \u0131smarlama bebeklerin ayak seslerini duyar olduk! Genetik d\u00fczenlemeler ile anne ve babalar\u0131n \u00fcst\u00fcn zek\u00e2l\u0131, uzun boylu, ye\u015fil g\u00f6zl\u00fc, sar\u0131\u015f\u0131n, g\u00fc\u00e7l\u00fc, kuvvetli, kabiliyetli, hastal\u0131klara diren\u00e7li, sanatk\u00e2r ruhlu m\u00fckemmel bebekler sipari\u015f edebildikleri; suyun alt\u0131nda saatlerce kalan insanlar\u0131n tasarland\u0131\u011f\u0131 veya insanlar\u0131n \u00e7ok daha uzun \u00f6m\u00fcrl\u00fc, uzun uzay yolculu\u011funa dayan\u0131kl\u0131 ve diren\u00e7li, hastal\u0131klardan ar\u0131nd\u0131r\u0131lm\u0131\u015f, sa\u011fl\u0131kl\u0131 hatta \u00f6l\u00fcms\u00fcz \u201c<em>\u00fcst\u00fcn insan \u0131rk\u0131<\/em>\u201dn\u0131n ya\u015fad\u0131\u011f\u0131 bir d\u00fcnya ger\u00e7ekten de var olabilir!<br \/>\nL\u00e2kin faydalar\u0131n\u0131n yan\u0131nda, bunun \u00e7ok korkutucu ve deh\u015fet\u00e2miz bir\u00e7ok y\u00f6n\u00fc vard\u0131r. S\u00fcper biyonik varl\u0131k h\u00e2line getirilen beyinler, gelecekte \u015fimdiden tahayy\u00fcl edemeyece\u011fimiz boyutlarda s\u0131k\u0131nt\u0131lara, tehlikelere ve hatta felaketlere de neden olabilir.<br \/>\nHer \u015feyin tedbirini \u015fimdiden almak gerek.<br \/>\nYoksa, \u201cB\u0131rak\u0131n beynimiz ve genlerimiz bize kals\u0131n!\u201d demek i\u00e7in \u00e7ok ge\u00e7 olabilir!<br \/>\nTabii klasik matematik, fizik, zaman ve mek\u00e2n kavramlar\u0131n\u0131 alt\u00fcst eden\u00a0<em>Kuantum<\/em>&#8230; Bu \u00e7er\u00e7evede; \u201cKonnektom, Laniakea, Epigenetik, Tanr\u0131sal Bir Par\u00e7ac\u0131k Beyin, N\u00f6robilim, N\u00f6rokuantum, N\u00f6roteknoloji, N\u00f6rofilozofi, Yapay Zek\u00e2, Androidler, Atomalt\u0131 \u00c2lem, Leptonlar, Kuarklar, Tanr\u0131 Par\u00e7ac\u0131\u011f\u0131 Bozonlar, Gravitonlar, Sicim Teorileri, Titre\u015fen Evren, \u0130deler \u00c2lemi, G\u00f6lgeler, Kurgulanm\u0131\u015f Bilgisayar Oyunundan Farks\u0131z Olan bir K\u00e2inat, Holografik Beyin, Holistik Evren, Holistik \u0130nsan, Holistik Mahl\u00fbkat, \u0130ll\u00fczyonla Ge\u00e7en \u00d6m\u00fcr, \u00dctopya, Ba\u011flant\u0131sall\u0131k Matemati\u011fi, Kutsal Kitaplarla ilgileri, Teolojik Yorumlar\u0131, Kur\u2019\u00e2n\u00ee Perspektiften D\u00fc\u015f\u00fcnceleri\u201d ve \u00e7ok daha fazlas\u0131 bu kitapta&#8230;<br \/>\nHepsi s\u0131rlanm\u0131\u015f ve bu kitab\u0131n i\u00e7ine saklanm\u0131\u015f, okurlar\u0131n\u0131n d\u00fc\u015f\u00fcnce ve hayal boyutu oran\u0131nda gizlenmi\u015f! Okurlar\u0131n\u0131n ferasetini de heyecanla merak ediyor bu kitap&#8230;<br \/>\n<\/span><\/div>\n<\/div>\n<\/div>\n<div class=\"bottom-block\">\n<div class=\"pr_attributes\"><\/div>\n<\/div>","protected":false},"featured_media":14584,"template":"","meta":{"spay_email":""},"product_cat":[216],"product_tag":[],"item":[915],"acf":[],"_links":{"self":[{"href":"https:\/\/mgvpublications.com\/de\/wp-json\/wp\/v2\/product\/13967"}],"collection":[{"href":"https:\/\/mgvpublications.com\/de\/wp-json\/wp\/v2\/product"}],"about":[{"href":"https:\/\/mgvpublications.com\/de\/wp-json\/wp\/v2\/types\/product"}],"wp:featuredmedia":[{"embeddable":true,"href":"https:\/\/mgvpublications.com\/de\/wp-json\/wp\/v2\/media\/14584"}],"wp:attachment":[{"href":"https:\/\/mgvpublications.com\/de\/wp-json\/wp\/v2\/media?parent=13967"}],"wp:term":[{"taxonomy":"product_cat","embeddable":true,"href":"https:\/\/mgvpublications.com\/de\/wp-json\/wp\/v2\/product_cat?post=13967"},{"taxonomy":"product_tag","embeddable":true,"href":"https:\/\/mgvpublications.com\/de\/wp-json\/wp\/v2\/product_tag?post=13967"},{"taxonomy":"item","embeddable":true,"href":"https:\/\/mgvpublications.com\/de\/wp-json\/wp\/v2\/item?post=13967"}],"curies":[{"name":"wp","href":"https:\/\/api.w.org\/{rel}","templated":true}]}}