{"id":13965,"date":"2021-01-08T11:31:11","date_gmt":"2021-01-08T10:31:11","guid":{"rendered":"https:\/\/dev2.mgvpublications.com\/produkt\/musluman-saati-islamda-gunler-aylar-kandiller-ve-bayramlar\/"},"modified":"2022-09-14T11:42:30","modified_gmt":"2022-09-14T09:42:30","slug":"musluman-saati-islamda-gunler-aylar-kandiller-ve-bayramlar","status":"publish","type":"product","link":"https:\/\/mgvpublications.com\/de\/musluman-saati-islamda-gunler-aylar-kandiller-ve-bayramlar\/","title":{"rendered":"M\u00fcsl\u00fcman Saati &#038; \u0130slam&#8217;da G\u00fcnler, Aylar, Kandiller ve Bayramlar"},"content":{"rendered":"<table>\n<tbody>\n<tr>\n<td>\u00c7evirmen:<\/td>\n<td><a href=\"https:\/\/www.kitapyurdu.com\/yazar\/dilara-yabul\/209949.html\" target=\"_blank\" rel=\"noopener\">Dilara Yabul<\/a><\/td>\n<\/tr>\n<tr>\n<td>Editor:<\/td>\n<td><a href=\"https:\/\/www.kitapyurdu.com\/yazar\/hande-yildirim-onsoz\/227591.html\" target=\"_blank\" rel=\"noopener\">Hande Y\u0131ld\u0131r\u0131m \u00d6ns\u00f6z<\/a><\/td>\n<\/tr>\n<tr>\n<td>Yay\u0131n Tarihi:<\/td>\n<td>11.07.2020<\/td>\n<\/tr>\n<tr>\n<td>Orijinal Ad\u0131:<\/td>\n<td>Das islamische jahr: Zeiten und Feste<\/td>\n<\/tr>\n<tr>\n<td>ISBN:<\/td>\n<td>9786257949125<\/td>\n<\/tr>\n<tr>\n<td>Dil:<\/td>\n<td>T\u00dcRK\u00c7E<\/td>\n<\/tr>\n<tr>\n<td>Sayfa Say\u0131s\u0131:<\/td>\n<td>152<\/td>\n<\/tr>\n<tr>\n<td>Cilt Tipi:<\/td>\n<td>Karton Kapak<\/td>\n<\/tr>\n<tr>\n<td>Ka\u011f\u0131t Cinsi:<\/td>\n<td>Kitap Ka\u011f\u0131d\u0131<\/td>\n<\/tr>\n<tr>\n<td>Boyut:<\/td>\n<td>13.5 x 21 cm<\/td>\n<\/tr>\n<\/tbody>\n<\/table>\n<p>[koo_icon name=&#8221;undefined&#8221; color=&#8221;&#8221; size=&#8221;&#8221;]<\/p>","protected":false},"excerpt":{"rendered":"<div class=\"top-block\">\n<div class=\"pr_description\">\n<div id=\"description_text\" class=\"readmore-js-section readmore-js-expanded\"><span class=\"info__text\"><em>M\u00fcsl\u00fcman Saati<\/em>, Annemarie Schimmel&#8217;in M\u00fcsl\u00fcmanlar\u0131n Hicret ile birlikte kabul ve t\u00fcm m\u00fcbarek vakitlerini bu milada g\u00f6re idrak ettikleri hicr\u00ee takvimin olduk\u00e7a detayl\u0131 bir incelemesidir. Schimmel, bu tematik \u00e7al\u0131\u015fmas\u0131n\u0131 y\u0131llar, aylar, haftalar ve g\u00fcnler olarak tasnif ederken haftan\u0131n g\u00fcnlerinin manev\u00ee \u00f6nemini a\u00e7\u0131kl\u0131yor. Yas ay\u0131 Muharrem&#8217;i, Mevlid ay\u0131 Rebi\u00fclevvel&#8217;i, Mirac ay\u0131 Receb&#8217;i, \u00dc\u00e7 Aylar&#8217;\u0131n ortas\u0131 \u015eaban&#8217;\u0131, oru\u00e7 ay\u0131 ve on bir ay\u0131n sultan\u0131 Ramazan&#8217;\u0131, Hac ay\u0131 Zilkade&#8217;yi ve Kurban Bayram\u0131&#8217;n\u0131 olduk\u00e7a detayl\u0131 bir \u015fekilde, d\u00fcnya M\u00fcsl\u00fcmanlar\u0131n\u0131n din \u00fczerine kurulu gelenekleri \u00f6zelinde ve ak\u0131c\u0131 tasavvuf\u00ee ne\u015fvesiyle, Hakk ehlinden beyitler e\u015fli\u011finde ele al\u0131yor.<\/p>\n<p>Schimmel, &#8220;Dehre s\u00f6vmeyiniz \u00e7\u00fcnk\u00fc ben dehrim!&#8221; hadis-i kuds\u00eesinin \u00f6nemi ve derinli\u011fi \u00e7er\u00e7evesinde, \u0130slam&#8217;da zaman\u0131n d\u00f6ng\u00fcselli\u011fini ve bu dairev\u00ee hareketin tasavvuf\u00ee kavramsalla\u015ft\u0131rmas\u0131n\u0131 vaz\u0131h bir \u015fekilde ortaya koyuyor.<br \/>\n<\/span><\/div>\n<\/div>\n<\/div>\n<div class=\"bottom-block\">\n<div class=\"pr_attributes\"><\/div>\n<\/div>","protected":false},"featured_media":14583,"template":"","meta":{"spay_email":""},"product_cat":[174],"product_tag":[],"item":[767],"acf":[],"_links":{"self":[{"href":"https:\/\/mgvpublications.com\/de\/wp-json\/wp\/v2\/product\/13965"}],"collection":[{"href":"https:\/\/mgvpublications.com\/de\/wp-json\/wp\/v2\/product"}],"about":[{"href":"https:\/\/mgvpublications.com\/de\/wp-json\/wp\/v2\/types\/product"}],"wp:featuredmedia":[{"embeddable":true,"href":"https:\/\/mgvpublications.com\/de\/wp-json\/wp\/v2\/media\/14583"}],"wp:attachment":[{"href":"https:\/\/mgvpublications.com\/de\/wp-json\/wp\/v2\/media?parent=13965"}],"wp:term":[{"taxonomy":"product_cat","embeddable":true,"href":"https:\/\/mgvpublications.com\/de\/wp-json\/wp\/v2\/product_cat?post=13965"},{"taxonomy":"product_tag","embeddable":true,"href":"https:\/\/mgvpublications.com\/de\/wp-json\/wp\/v2\/product_tag?post=13965"},{"taxonomy":"item","embeddable":true,"href":"https:\/\/mgvpublications.com\/de\/wp-json\/wp\/v2\/item?post=13965"}],"curies":[{"name":"wp","href":"https:\/\/api.w.org\/{rel}","templated":true}]}}