{"id":13953,"date":"2021-01-07T23:25:09","date_gmt":"2021-01-07T22:25:09","guid":{"rendered":"https:\/\/dev2.mgvpublications.com\/produkt\/bilim-tarihi-sohbetleri-2\/"},"modified":"2025-04-26T19:25:37","modified_gmt":"2025-04-26T17:25:37","slug":"bilim-tarihi-sohbetleri-2","status":"publish","type":"product","link":"https:\/\/mgvpublications.com\/de\/bilim-tarihi-sohbetleri-2\/","title":{"rendered":"Bilim Tarihi Sohbetleri"},"content":{"rendered":"<p>Yay\u0131n Tarihi: 26.03.2019<br \/>\nISBN: 9789753524957<br \/>\nDil: T\u00dcRK\u00c7E<br \/>\nSayfa Say\u0131s\u0131: 224<br \/>\nCilt Tipi: Karton Kapak<br \/>\nKa\u011f\u0131t Cinsi: Kitap Ka\u011f\u0131d\u0131<br \/>\nBoyut: 13.5 x 21 cm<\/p>","protected":false},"excerpt":{"rendered":"<p>D\u00fcnya bilim tarih\u00e7ili\u011finin tart\u0131\u015fmas\u0131z en \u00f6nemli isimlerinden biri merhum Fuat Sezgin\u2019di. Derinlikli, uzun y\u0131llara dayanan \u00e7al\u0131\u015fmalar\u0131, sahih bak\u0131\u015f a\u00e7\u0131s\u0131yla bilim tarihinin insanl\u0131\u011f\u0131n ortak mal\u0131 oldu\u011funu, bug\u00fcnk\u00fc Bat\u0131 biliminin \u0130sl\u00e2m medeniyetinin g\u00fc\u00e7l\u00fc tesirleriyle do\u011fdu\u011funu ortaya koydu. Sefer Turan\u2019\u0131n s\u00f6yle\u015fiyle \u015fekillendirdi\u011fi Bilim Tarihi Sohbetleri \u0130sl\u00e2m bilimler tarihinin en \u00f6nemli isimlerinden Fuat Sezgin\u2019in hayat\u0131, an\u0131lar\u0131, ayn\u0131 zamanda bilimler tarihine duyulan tutkunun kitab\u0131\u2026 Ya\u015fad\u0131klar\u0131n\u0131 d\u00f6nemin toplumsal ve siyasal panoramas\u0131n\u0131 \u00e7izerek anlatan Sezgin, 1940\u2019larda ad\u0131m att\u0131\u011f\u0131 \u00fcniversitede yava\u015f yava\u015f yazma eserlerin ve bilimler tarihinin s\u0131n\u0131rs\u0131z d\u00fcnyas\u0131na yolculu\u011funu, al\u0131\u015f\u0131ld\u0131k kal\u0131plar\u0131n d\u0131\u015f\u0131na \u00e7\u0131kan \u00f6\u011frenme \u015fevkini g\u00f6zler \u00f6n\u00fcne seriyor. Ne var ki akademik ara\u015ft\u0131rmalar\u0131yla ses getiren Sezgin, 27 May\u0131s 1960 askeri darbesi s\u0131ras\u0131nda y\u00fcr\u00fct\u00fclen tasfiye sonucunda k\u00fcrs\u00fcs\u00fc elinden al\u0131nan bilim adamlar\u0131m\u0131zdan biri olmaktan kurtulamayacakt\u0131r. Fuat Sezgin, kitaptaki s\u00f6yle\u015filerde sadece ge\u00e7ti\u011fi bu yollar\u0131 anlatmakla kalm\u0131yor, bak\u0131\u015f a\u00e7\u0131s\u0131na y\u00f6n veren bilimler tarihi alan\u0131ndaki geli\u015fmeleri de t\u00fcm ayr\u0131nt\u0131lar\u0131yla sunuyor. Bir yandan icatlar, bulu\u015flar hakk\u0131nda muazzam bir sohbete \u015fahitlik ederken di\u011fer yandan bilimler tarihine, Hellmut Ritter, Carl Brockelmann, George Sarton, Franz Rosenthal gibi isimlere, oryantalist ara\u015ft\u0131rmalardan \u0130sl\u00e2m \u00e2leminin ahvaline, \u0130sl\u00e2m k\u00fclt\u00fcr \u00e7evresinde M\u00fcsl\u00fcman bilginler taraf\u0131ndan yap\u0131lm\u0131\u015f aletlerin modellerinin sergilendi\u011fi m\u00fczelere uzanan kapsaml\u0131 bir d\u00f6k\u00fcm\u00fcn sunulmas\u0131na da tan\u0131k oluyoruz. Sefer Turan\u2019\u0131n Bilim Tarihi Sohbetleri, sadece bir insan\u0131n hik\u00e2yesini anlatm\u0131yor; insanlar\u0131n yapt\u0131klar\u0131 iyi i\u015flerle kendi hayatlar\u0131n\u0131 oldu\u011fu kadar ba\u015fkalar\u0131n\u0131n hayatlar\u0131n\u0131 da nas\u0131l zenginle\u015ftirdi\u011fini g\u00f6steriyor\u2026 Bu y\u00f6n\u00fcyle \u00e7al\u0131\u015fma, bilim tarihine ilgi duyanlar i\u00e7in oldu\u011fu kadar \u0130sl\u00e2m\u2019\u0131n bilimler tarihindeki yarat\u0131c\u0131 rol\u00fcn\u00fc kavramak i\u00e7in de bir ba\u015fucu kitab\u0131 niteli\u011finde\u2026<\/p>","protected":false},"featured_media":23472,"template":"","meta":{"spay_email":""},"product_cat":[170],"product_tag":[],"item":[399],"acf":[],"_links":{"self":[{"href":"https:\/\/mgvpublications.com\/de\/wp-json\/wp\/v2\/product\/13953"}],"collection":[{"href":"https:\/\/mgvpublications.com\/de\/wp-json\/wp\/v2\/product"}],"about":[{"href":"https:\/\/mgvpublications.com\/de\/wp-json\/wp\/v2\/types\/product"}],"wp:featuredmedia":[{"embeddable":true,"href":"https:\/\/mgvpublications.com\/de\/wp-json\/wp\/v2\/media\/23472"}],"wp:attachment":[{"href":"https:\/\/mgvpublications.com\/de\/wp-json\/wp\/v2\/media?parent=13953"}],"wp:term":[{"taxonomy":"product_cat","embeddable":true,"href":"https:\/\/mgvpublications.com\/de\/wp-json\/wp\/v2\/product_cat?post=13953"},{"taxonomy":"product_tag","embeddable":true,"href":"https:\/\/mgvpublications.com\/de\/wp-json\/wp\/v2\/product_tag?post=13953"},{"taxonomy":"item","embeddable":true,"href":"https:\/\/mgvpublications.com\/de\/wp-json\/wp\/v2\/item?post=13953"}],"curies":[{"name":"wp","href":"https:\/\/api.w.org\/{rel}","templated":true}]}}