{"id":13949,"date":"2021-01-07T23:12:48","date_gmt":"2021-01-07T22:12:48","guid":{"rendered":"https:\/\/dev2.mgvpublications.com\/produkt\/yazarlarin-istanbulu\/"},"modified":"2022-03-08T22:47:32","modified_gmt":"2022-03-08T21:47:32","slug":"yazarlarin-istanbulu","status":"publish","type":"product","link":"https:\/\/mgvpublications.com\/de\/yazarlarin-istanbulu\/","title":{"rendered":"Yazarlar\u0131n \u0130stanbul&#8217;u"},"content":{"rendered":"<p>Yay\u0131n Tarihi: 16.07.2020<br \/>ISBN: 9786054726141<br \/>Bask\u0131 Say\u0131s\u0131: Ne\u015fe Mesuto\u011flu<br \/>Dil: T\u00dcRK\u00c7E<br \/>Sayfa Say\u0131s\u0131: 166<br \/>Cilt Tipi: Karton Kapak<br \/>Ka\u011f\u0131t Cinsi: Kitap Ka\u011f\u0131d\u0131<br \/>Boyut: 13.5 x 21 cm<br \/>Derleyici: Ne\u015fe Mesuto\u011flu<\/p>","protected":false},"excerpt":{"rendered":"<p>R\u00f6portajlar: Ne\u015fe Mesuto\u011flu \u2018\u2019\u0130stanbul hi\u00e7 bu kadar g\u00fczel anlat\u0131lmam\u0131\u015ft\u0131\u2019\u2019 Bu kitap, \u0130stanbul\u2019un d\u00fcn\u00fc, bug\u00fcn\u00fc ve yar\u0131n\u0131na dair ba\u015fka bir pencere a\u00e7\u0131yor. O pencereden i\u00e7eriyi seyrederken; \u0130lber Ortayl\u0131 ile \u0130stanbul&#8217;a \u201cdo\u011fru\u201d bakman\u0131n yolunu ke\u015ffedecek, Semavi Eyice ile bir zaman t\u00fcnelinden ge\u00e7erek tarih \u00f6ncesinden bug\u00fcne \u0130stanbul&#8217;u seyre dalaca\u011f\u0131z. Buket Uzuner ile ilham perisi \u0130stanbul\u2019u yakalamaya \u00e7al\u0131\u015facak, Ahmet \u00dcmit\u2019in \u0130stanbul&#8217;a dair hayallerinin pe\u015fine d\u00fc\u015fece\u011fiz. Sunay Ak\u0131n\u2019la oyundan m\u00fczeye kocaman bir d\u00fcnya olan \u0130stanbul&#8217;a bakarken, Muazzez \u0130lmiye \u00c7\u0131\u011f ile \u0130stanbul&#8217;u d\u0131\u015far\u0131dan gelenlerin g\u00f6z\u00fcyle g\u00f6rece\u011fiz. Ara G\u00fcler&#8217;in kendisini &#8220;\u0130stanbul&#8217;un simgesi&#8221; ilan etmesine tan\u0131kl\u0131k edecek, H\u0131fz\u0131 Topuz&#8217;un Naz\u0131m Hikmet\u2019li, Bedri Rahmi\u2019li, Abidin Dino\u2019lu, Fikret Mualla&#8217;l\u0131 sanat dolu y\u0131llar\u0131na g\u00f6z ataca\u011f\u0131z. Emre Kongar&#8217;dan \u0130stanbul&#8217;da ya\u015fama sanat\u0131na dair tavsiyeleri al\u0131rken, \u00c7etin Altan ile 2112&#8217;nin \u0130stanbul\u2019una yolculuk yapaca\u011f\u0131z. Ayd\u0131n Boysan ile bir \u0130stanbul sofras\u0131nda \u0130stanbul&#8217;un mimari ser\u00fcveninin sohbetine oturacak, Artun \u00dcnsal ile \u0130stanbul&#8217;un e\u015fsiz lezzetlerinin tad\u0131na varaca\u011f\u0131z. 12 b\u00fcy\u00fck ustan\u0131n anlat\u0131m\u0131yla \u0130stanbul\u2019u okurken, bu kenti tan\u0131man\u0131n ve anlaman\u0131n b\u00fcy\u00fcs\u00fcne kap\u0131lacak ve \u0130stanbul hi\u00e7 bu kadar g\u00fczel anlat\u0131lmad\u0131 diyeceksiniz&#8230; Yazarlar: \u0130lber ORTAYLI &#8211; Ahmet \u00dcM\u0130T &#8211; Sunay AKIN &#8211; Buket UZUNER &#8211; Semavi EY\u0130CE &#8211; Muazzez \u0130lmiye \u00c7I\u011e Emre KONGAR &#8211; H\u0131fz\u0131 TOPUZ &#8211; Ara G\u00dcLER &#8211; Ayd\u0131n BOYSAN &#8211; Artun \u00dcNSAL &#8211; \u00c7etin ALTAN<\/p>","protected":false},"featured_media":22533,"template":"","meta":{"spay_email":""},"product_cat":[168],"product_tag":[],"item":[1030],"acf":[],"_links":{"self":[{"href":"https:\/\/mgvpublications.com\/de\/wp-json\/wp\/v2\/product\/13949"}],"collection":[{"href":"https:\/\/mgvpublications.com\/de\/wp-json\/wp\/v2\/product"}],"about":[{"href":"https:\/\/mgvpublications.com\/de\/wp-json\/wp\/v2\/types\/product"}],"wp:featuredmedia":[{"embeddable":true,"href":"https:\/\/mgvpublications.com\/de\/wp-json\/wp\/v2\/media\/22533"}],"wp:attachment":[{"href":"https:\/\/mgvpublications.com\/de\/wp-json\/wp\/v2\/media?parent=13949"}],"wp:term":[{"taxonomy":"product_cat","embeddable":true,"href":"https:\/\/mgvpublications.com\/de\/wp-json\/wp\/v2\/product_cat?post=13949"},{"taxonomy":"product_tag","embeddable":true,"href":"https:\/\/mgvpublications.com\/de\/wp-json\/wp\/v2\/product_tag?post=13949"},{"taxonomy":"item","embeddable":true,"href":"https:\/\/mgvpublications.com\/de\/wp-json\/wp\/v2\/item?post=13949"}],"curies":[{"name":"wp","href":"https:\/\/api.w.org\/{rel}","templated":true}]}}