{"id":13945,"date":"2021-01-07T22:54:34","date_gmt":"2021-01-07T21:54:34","guid":{"rendered":"https:\/\/dev2.mgvpublications.com\/produkt\/gul-yetistiren-adam\/"},"modified":"2025-04-05T20:43:13","modified_gmt":"2025-04-05T18:43:13","slug":"gul-yetistiren-adam","status":"publish","type":"product","link":"https:\/\/mgvpublications.com\/de\/gul-yetistiren-adam\/","title":{"rendered":"G\u00fcl Yeti\u015ftiren Adam"},"content":{"rendered":"<p>Yay\u0131n Tarihi: 22.02.2021<br \/>ISBN: 9789753551663<br \/>Dil: T\u00dcRK\u00c7E<br \/>Sayfa Say\u0131s\u0131: 136<br \/>Cilt Tipi: Karton Kapak<br \/>Ka\u011f\u0131t Cinsi: Kitap Ka\u011f\u0131d\u0131<br \/>Boyut: 12.5 x 19.5 cm<\/p>","protected":false},"excerpt":{"rendered":"<p>Anadolu&#8217;nun bir ta\u015fra kentinden Yeni D\u00fcnya&#8217;n\u0131n metropollerine kadar uzanan bir co\u011frafyada kayna\u015fan insan\u0131m\u0131z&#8230; Modernle\u015fmi\u015f olanlarla ki\u015filiklerini koruma \u00e7abas\u0131yla bunun d\u0131\u015f\u0131nda kalanlar&#8230; Her iki kesitte ya\u015fayan insanlar\u0131n kendi kendileriyle gerek \u00e7evreleriyle olan \u00e7at\u0131\u015fmalar\u0131ndan do\u011fan dram&#8230; Eksik kalm\u0131\u015f a\u015fklar, eksik b\u0131rak\u0131lm\u0131\u015f eylemler&#8230; Bu kitab\u0131 okurken Bat\u0131 k\u00fclt\u00fcr\u00fcn\u00fcn bask\u0131s\u0131 ile \u00e7aresiz b\u0131rak\u0131lm\u0131\u015f insan\u0131m\u0131z\u0131n bocalay\u0131\u015f\u0131n\u0131, gizli protestolar\u0131n\u0131 ve gizli kabulleni\u015flerini g\u00f6receksiniz&#8230; Rasim \u00d6zden\u00f6ren&#8217;in \u00fcslubunu sevenler, bu kitapta onun ba\u015fl\u0131ca \u00f6zelliklerini birarada bulacaklar&#8230; MEB taraf\u0131ndan okullarda tavsiye edilen kitaplardan olan G\u00fcl Yeti\u015ftiren Adam, yeni bask\u0131s\u0131yla raflarda yerini ald\u0131.<\/p>","protected":false},"featured_media":21433,"template":"","meta":{"spay_email":""},"product_cat":[168],"product_tag":[],"item":[689],"acf":[],"_links":{"self":[{"href":"https:\/\/mgvpublications.com\/de\/wp-json\/wp\/v2\/product\/13945"}],"collection":[{"href":"https:\/\/mgvpublications.com\/de\/wp-json\/wp\/v2\/product"}],"about":[{"href":"https:\/\/mgvpublications.com\/de\/wp-json\/wp\/v2\/types\/product"}],"wp:featuredmedia":[{"embeddable":true,"href":"https:\/\/mgvpublications.com\/de\/wp-json\/wp\/v2\/media\/21433"}],"wp:attachment":[{"href":"https:\/\/mgvpublications.com\/de\/wp-json\/wp\/v2\/media?parent=13945"}],"wp:term":[{"taxonomy":"product_cat","embeddable":true,"href":"https:\/\/mgvpublications.com\/de\/wp-json\/wp\/v2\/product_cat?post=13945"},{"taxonomy":"product_tag","embeddable":true,"href":"https:\/\/mgvpublications.com\/de\/wp-json\/wp\/v2\/product_tag?post=13945"},{"taxonomy":"item","embeddable":true,"href":"https:\/\/mgvpublications.com\/de\/wp-json\/wp\/v2\/item?post=13945"}],"curies":[{"name":"wp","href":"https:\/\/api.w.org\/{rel}","templated":true}]}}