{"id":13889,"date":"2020-12-29T22:49:01","date_gmt":"2020-12-29T21:49:01","guid":{"rendered":"https:\/\/dev2.mgvpublications.com\/produkt\/hareketli-ucak-2\/"},"modified":"2022-03-08T22:47:30","modified_gmt":"2022-03-08T21:47:30","slug":"hareketli-ucak-2","status":"publish","type":"product","link":"https:\/\/mgvpublications.com\/de\/hareketli-ucak-2\/","title":{"rendered":"Hareketli U\u00e7ak"},"content":{"rendered":"<div>\u00c7evirmen: Nevin Avan \u00d6zdemir<\/div>\n<div>Yay\u0131n Tarihi: 20.07.2017<\/div>\n<div>ISBN: 9789944882651<\/div>\n<div>Dil: T\u00dcRK\u00c7E<\/div>\n<div>Sayfa Say\u0131s\u0131: 8<\/div>\n<div>Cilt Tipi: Karton Kapak<\/div>\n<div>Ka\u011f\u0131t Cinsi: 1. Hm. Ka\u011f\u0131t<\/div>\n<div>Boyut: 18 x 18 cm<\/div>","protected":false},"excerpt":{"rendered":"<p>Hareketli Kitaplar \u00e7ocuklar\u0131n boyat alg\u0131lar\u0131n\u0131, el g\u00f6z koordinasyonlar\u0131n\u0131<br \/>\nve \u00e7evreyle ba\u011flant\u0131 kurma yeteneklerini geli\u015ftirmek amac\u0131yla<br \/>\nhaz\u0131rlanm\u0131\u015ft\u0131r. \u00c7ocu\u011funuzun elinden d\u00fc\u015f\u00fcrmeyece\u011fi Hareketli Kitaplar<br \/>\nhem \u00e7ok e\u011flenceli, hem de \u00e7ok dayan\u0131kl\u0131.<\/p>","protected":false},"featured_media":14575,"template":"","meta":{"spay_email":""},"product_cat":[172],"product_tag":[],"item":[336],"acf":[],"_links":{"self":[{"href":"https:\/\/mgvpublications.com\/de\/wp-json\/wp\/v2\/product\/13889"}],"collection":[{"href":"https:\/\/mgvpublications.com\/de\/wp-json\/wp\/v2\/product"}],"about":[{"href":"https:\/\/mgvpublications.com\/de\/wp-json\/wp\/v2\/types\/product"}],"wp:featuredmedia":[{"embeddable":true,"href":"https:\/\/mgvpublications.com\/de\/wp-json\/wp\/v2\/media\/14575"}],"wp:attachment":[{"href":"https:\/\/mgvpublications.com\/de\/wp-json\/wp\/v2\/media?parent=13889"}],"wp:term":[{"taxonomy":"product_cat","embeddable":true,"href":"https:\/\/mgvpublications.com\/de\/wp-json\/wp\/v2\/product_cat?post=13889"},{"taxonomy":"product_tag","embeddable":true,"href":"https:\/\/mgvpublications.com\/de\/wp-json\/wp\/v2\/product_tag?post=13889"},{"taxonomy":"item","embeddable":true,"href":"https:\/\/mgvpublications.com\/de\/wp-json\/wp\/v2\/item?post=13889"}],"curies":[{"name":"wp","href":"https:\/\/api.w.org\/{rel}","templated":true}]}}