{"id":13885,"date":"2020-12-29T22:43:19","date_gmt":"2020-12-29T21:43:19","guid":{"rendered":"https:\/\/dev2.mgvpublications.com\/produkt\/bay-tavsanin-bir-fikri-var\/"},"modified":"2022-03-08T22:47:30","modified_gmt":"2022-03-08T21:47:30","slug":"bay-tavsanin-bir-fikri-var","status":"publish","type":"product","link":"https:\/\/mgvpublications.com\/de\/bay-tavsanin-bir-fikri-var\/","title":{"rendered":"Bay Tav\u015fan&#8217;\u0131n Bir Fikri Var"},"content":{"rendered":"<p>Yay\u0131n Tarihi: 15.02.2019<br \/>ISBN: 9789750823824<br \/>Dil: T\u00dcRK\u00c7E<br \/>Sayfa Say\u0131s\u0131: 28<br \/>Cilt Tipi: Ciltli<br \/>Ka\u011f\u0131t Cinsi: Kitap Ka\u011f\u0131d\u0131<br \/>Boyut: 20.5 x 28 cm<br \/>\u00c7izer: Feridun Oral<br \/>Di\u011fer \u00d6zellik: 3-8 Ya\u015f<\/p>","protected":false},"excerpt":{"rendered":"<p>Bay Tav\u015fan\u2019\u0131n tek istedi\u011fi, biraz otlar\u0131 kemirmek, \u00e7ay\u0131rda ko\u015fup oynamak, rahats\u0131z edilmeden g\u00fczel havan\u0131n keyfini \u00e7\u0131karmakt\u0131r. Ama o da ne? Kocaman bir k\u00f6pek pe\u015fine d\u00fc\u015fm\u00fc\u015ft\u00fcr bile. Hem de g\u00f6r\u00fcn\u00fcrde hi\u00e7bir neden yokken&#8230; Bay Tav\u015fan \u00e7ok korksa bile bu haks\u0131zl\u0131\u011fa bir \u00e7\u00f6z\u00fcm bulmaya kararl\u0131d\u0131r. Olup biteni \u00f6teki tav\u015fanlara anlat\u0131r ve birlik olup k\u00f6pe\u011fe \u00f6yle bir s\u00fcrpriz haz\u0131rlarlar ki&#8230; Birlikten her zaman kuvvet do\u011far. Bay Tav\u015fan bunu sizlere anlatacak, hem de \u00e7ok e\u011flenceli bir bi\u00e7imde&#8230;<\/p>","protected":false},"featured_media":20726,"template":"","meta":{"spay_email":""},"product_cat":[172],"product_tag":[],"item":[448],"acf":[],"_links":{"self":[{"href":"https:\/\/mgvpublications.com\/de\/wp-json\/wp\/v2\/product\/13885"}],"collection":[{"href":"https:\/\/mgvpublications.com\/de\/wp-json\/wp\/v2\/product"}],"about":[{"href":"https:\/\/mgvpublications.com\/de\/wp-json\/wp\/v2\/types\/product"}],"wp:featuredmedia":[{"embeddable":true,"href":"https:\/\/mgvpublications.com\/de\/wp-json\/wp\/v2\/media\/20726"}],"wp:attachment":[{"href":"https:\/\/mgvpublications.com\/de\/wp-json\/wp\/v2\/media?parent=13885"}],"wp:term":[{"taxonomy":"product_cat","embeddable":true,"href":"https:\/\/mgvpublications.com\/de\/wp-json\/wp\/v2\/product_cat?post=13885"},{"taxonomy":"product_tag","embeddable":true,"href":"https:\/\/mgvpublications.com\/de\/wp-json\/wp\/v2\/product_tag?post=13885"},{"taxonomy":"item","embeddable":true,"href":"https:\/\/mgvpublications.com\/de\/wp-json\/wp\/v2\/item?post=13885"}],"curies":[{"name":"wp","href":"https:\/\/api.w.org\/{rel}","templated":true}]}}