{"id":13881,"date":"2020-12-29T22:37:05","date_gmt":"2020-12-29T21:37:05","guid":{"rendered":"https:\/\/dev2.mgvpublications.com\/produkt\/kim-korkar-kirmizi-baslikli-kizdan-2\/"},"modified":"2022-03-08T22:47:29","modified_gmt":"2022-03-08T21:47:29","slug":"kim-korkar-kirmizi-baslikli-kizdan-2","status":"publish","type":"product","link":"https:\/\/mgvpublications.com\/de\/kim-korkar-kirmizi-baslikli-kizdan-2\/","title":{"rendered":"Kim Korkar K\u0131rm\u0131z\u0131 Ba\u015fl\u0131kl\u0131 K\u0131z&#8217;dan?"},"content":{"rendered":"<div>\u00c7izer: Ay\u015fe \u0130nan Alican<\/div>\n<div>Yay\u0131n Tarihi: 06.05.2019<\/div>\n<div>ISBN: 9789750830556<\/div>\n<div>Dil: T\u00dcRK\u00c7E<\/div>\n<div>Sayfa Say\u0131s\u0131: 28<\/div>\n<div>Cilt Tipi: Ciltli<\/div>\n<div>Ka\u011f\u0131t Cinsi: Ku\u015fe Ka\u011f\u0131t<\/div>\n<div>Boyut: 24 x 29.3 cm<\/div>\n<div>Di\u011fer \u00d6zellik: 3-8 Ya\u015f<\/div>","protected":false},"excerpt":{"rendered":"<p>Zamane Yavru Kurtlar\u0131 Bir Ba\u015fka!<br \/>\nAk\u0131ll\u0131 m\u0131 ak\u0131ll\u0131 yavru kurt, art\u0131k b\u00fcy\u00fcd\u00fc\u011f\u00fcn\u00fc ve ormanda tek ba\u015f\u0131na dola\u015fmaya \u00e7\u0131kabilece\u011fini d\u00fc\u015f\u00fcn\u00fcr. Ancak annesi onunla ayn\u0131 fikirde de\u011fildir. \u00d6nce yavrusuna sormas\u0131 gereken baz\u0131 sorular vard\u0131r. Yavru kurt, b\u00fct\u00fcn sorular\u0131 annesini \u015fa\u015f\u0131rtacak \u015fekilde cevaplar. \u00dcstelik gayet yarat\u0131c\u0131d\u0131r da&#8230;<\/p>\n<p>Sara \u015eahinkanat\u2019\u0131n yazd\u0131\u011f\u0131, Ay\u015fe \u0130nan Alican\u2019\u0131n resimledi\u011fi Kim Korkar K\u0131rm\u0131z\u0131 Ba\u015fl\u0131kl\u0131 K\u0131z\u2019dan? mizahi dili, hik\u00e2yeyi ele al\u0131\u015f\u0131ndaki tavr\u0131 ve bak\u0131\u015f a\u00e7\u0131s\u0131yla \u00e7ok g\u00fczel bir kitap olmas\u0131n\u0131n yan\u0131 s\u0131ra, \u00c7ocuk ve Gen\u00e7lik Yay\u0131nlar\u0131 Derne\u011fi taraf\u0131ndan 2009\u2019da Y\u0131l\u0131n En \u0130yi Resimli \u00d6yk\u00fc Kitab\u0131 \u00f6d\u00fcl\u00fcn\u00fc de alan, \u00e7ok ama \u00e7ok \u00f6zel bir kitap.<br \/>\ndevam\u0131n\u0131 oku<\/p>","protected":false},"featured_media":14572,"template":"","meta":{"spay_email":""},"product_cat":[172],"product_tag":[],"item":[448],"acf":[],"_links":{"self":[{"href":"https:\/\/mgvpublications.com\/de\/wp-json\/wp\/v2\/product\/13881"}],"collection":[{"href":"https:\/\/mgvpublications.com\/de\/wp-json\/wp\/v2\/product"}],"about":[{"href":"https:\/\/mgvpublications.com\/de\/wp-json\/wp\/v2\/types\/product"}],"wp:featuredmedia":[{"embeddable":true,"href":"https:\/\/mgvpublications.com\/de\/wp-json\/wp\/v2\/media\/14572"}],"wp:attachment":[{"href":"https:\/\/mgvpublications.com\/de\/wp-json\/wp\/v2\/media?parent=13881"}],"wp:term":[{"taxonomy":"product_cat","embeddable":true,"href":"https:\/\/mgvpublications.com\/de\/wp-json\/wp\/v2\/product_cat?post=13881"},{"taxonomy":"product_tag","embeddable":true,"href":"https:\/\/mgvpublications.com\/de\/wp-json\/wp\/v2\/product_tag?post=13881"},{"taxonomy":"item","embeddable":true,"href":"https:\/\/mgvpublications.com\/de\/wp-json\/wp\/v2\/item?post=13881"}],"curies":[{"name":"wp","href":"https:\/\/api.w.org\/{rel}","templated":true}]}}