{"id":13873,"date":"2020-12-29T22:22:59","date_gmt":"2020-12-29T21:22:59","guid":{"rendered":"https:\/\/dev2.mgvpublications.com\/produkt\/yitik-adanin-oykusu\/"},"modified":"2022-03-08T22:47:28","modified_gmt":"2022-03-08T21:47:28","slug":"yitik-adanin-oykusu","status":"publish","type":"product","link":"https:\/\/mgvpublications.com\/de\/yitik-adanin-oykusu\/","title":{"rendered":"Yitik Adan\u0131n \u00d6yk\u00fcs\u00fc"},"content":{"rendered":"<div>\u00c7evirmen: Dost K\u00f6rpe<\/div>\n<div>Yay\u0131n Tarihi: 20.11.2018<\/div>\n<div>ISBN: 9786054764174<\/div>\n<div>Dil: T\u00dcRK\u00c7E<\/div>\n<div>Sayfa Say\u0131s\u0131: 328<\/div>\n<div>Cilt Tipi: Karton Kapak<\/div>\n<div>Ka\u011f\u0131t Cinsi: Kitap Ka\u011f\u0131d\u0131<\/div>\n<div>Boyut: 13.5 x 19.5 cm<\/div>","protected":false},"excerpt":{"rendered":"<p>\u0130ber Yar\u0131madas\u0131 anla\u015f\u0131lmaz bir \u015fekilde anakaradan ayr\u0131lm\u0131\u015ft\u0131r. Du\u00a8nyan\u0131n her yerindeki gazeteler Yar\u0131mada\u2019n\u0131n o tarihi foto\u011fraf\u0131n\u0131 kocaman man\u015fetlerle yay\u0131nlarken birbirinden ilgin\u00e7 rastlant\u0131larla bir araya gelen be\u015f ki\u015finin her biri de bu kopu\u015fun kendi davran\u0131\u015flar\u0131n\u0131n sonucu oldu\u011funu du\u00a8\u015fu\u00a8nmektedir.<\/p>\n<p>\u0130ki atla bir k\u00f6pe\u011fi de yanlar\u0131na alarak koyulduklar\u0131 seru\u00a8vende, bir karaa\u011fa\u00e7 dal\u0131 ile topra\u011fa \u015fekiller \u00e7izen Joana Carda, yerin sars\u0131ld\u0131\u011f\u0131n\u0131 duyan Pedro Orce, su\u00a8rekli s\u0131\u011f\u0131rc\u0131klar taraf\u0131ndan takip edilen Jos\u00e9 Anai\u00e7o, \u00e7ok a\u011f\u0131r bir ta\u015f\u0131 denize att\u0131\u011f\u0131n\u0131n nas\u0131l<br \/>\ng\u00f6ru\u00a8ldu\u00a8\u011fu\u00a8ne bir tu\u00a8rlu\u00a8 ak\u0131l erdiremeyen Joaquim Sassa ve tavan aras\u0131nda buldu\u011fu bir \u00e7orapla u\u011fra\u015f\u0131p duran Maria Guavaira, bizi hayali bir du\u00a8nyaya do\u011fru yola \u00e7\u0131kart\u0131rken bir yandan da ya\u015famla ilgili pek \u00e7ok ger\u00e7ekle yu\u00a8zle\u015ftiriyor.<\/p>\n<p>Nobel Edebiyat \u00d6du\u00a8llu\u00a8 yazar Jos\u00e9 Saramago bu roman\u0131nda \u015fiirsel u\u00a8slubu ve ironik yakla\u015f\u0131m\u0131 ile siyaseti, kimlikleri, co\u011frafyay\u0131, s\u0131n\u0131rlar\u0131, insan ruhunu, varolu\u015fu, yeniden sorgulat\u0131yor. \u201cDon Quijote gelene\u011finden gelen Yitik Adan\u0131n \u00d6yku\u00a8su\u00a8,<\/p>\n<p>Saramago\u2019nun belki de en iyi kitab\u0131 . \u201d<br \/>\nLos Angeles Times<\/p>\n<p>\u201c\u0130nan\u0131lmaz e\u011flenceli \u2013 ara ara kar\u015f\u0131m\u0131za \u00e7\u0131kan metafizik dokundurmalar ve yazar\u0131n zekice anlat\u0131m\u0131yla \u00f6nu\u00a8mu\u00a8ze muhte\u015fem bir du\u00a8nya seriliyor.\u201d<br \/>\nPublishers Weekly<br \/>\ndevam\u0131n\u0131 oku<\/p>","protected":false},"featured_media":14568,"template":"","meta":{"spay_email":""},"product_cat":[168],"product_tag":[],"item":[697],"acf":[],"_links":{"self":[{"href":"https:\/\/mgvpublications.com\/de\/wp-json\/wp\/v2\/product\/13873"}],"collection":[{"href":"https:\/\/mgvpublications.com\/de\/wp-json\/wp\/v2\/product"}],"about":[{"href":"https:\/\/mgvpublications.com\/de\/wp-json\/wp\/v2\/types\/product"}],"wp:featuredmedia":[{"embeddable":true,"href":"https:\/\/mgvpublications.com\/de\/wp-json\/wp\/v2\/media\/14568"}],"wp:attachment":[{"href":"https:\/\/mgvpublications.com\/de\/wp-json\/wp\/v2\/media?parent=13873"}],"wp:term":[{"taxonomy":"product_cat","embeddable":true,"href":"https:\/\/mgvpublications.com\/de\/wp-json\/wp\/v2\/product_cat?post=13873"},{"taxonomy":"product_tag","embeddable":true,"href":"https:\/\/mgvpublications.com\/de\/wp-json\/wp\/v2\/product_tag?post=13873"},{"taxonomy":"item","embeddable":true,"href":"https:\/\/mgvpublications.com\/de\/wp-json\/wp\/v2\/item?post=13873"}],"curies":[{"name":"wp","href":"https:\/\/api.w.org\/{rel}","templated":true}]}}