{"id":13869,"date":"2020-12-29T22:18:39","date_gmt":"2020-12-29T21:18:39","guid":{"rendered":"https:\/\/dev2.mgvpublications.com\/produkt\/topragin-uyanisi\/"},"modified":"2025-04-27T08:01:52","modified_gmt":"2025-04-27T06:01:52","slug":"topragin-uyanisi","status":"publish","type":"product","link":"https:\/\/mgvpublications.com\/de\/topragin-uyanisi\/","title":{"rendered":"Topra\u011f\u0131n Uyan\u0131\u015f\u0131"},"content":{"rendered":"<div>\u00c7evirmen: Ba\u015fak \u00d6ztan<\/div>\n<div>Yay\u0131n Tarihi: 16.05.2018<\/div>\n<div>Orijinal Ad\u0131: Levantado do Ch\u00e3o<\/div>\n<div>ISBN: 9786052981825<\/div>\n<div>Dil: T\u00dcRK\u00c7E<\/div>\n<div>Sayfa Say\u0131s\u0131: 392<\/div>\n<div>Cilt Tipi: Karton Kapak<\/div>\n<div>Ka\u011f\u0131t Cinsi: Kitap Ka\u011f\u0131d\u0131<\/div>","protected":false},"excerpt":{"rendered":"<p>Jos\u00e9 Saramago\u2019nun \u00e7ocukluk deneyimlerinden ta\u015f\u0131d\u0131\u011f\u0131 izlerle tart\u0131\u015fmas\u0131z en ki\u015fisel, en mahrem yap\u0131t\u0131. Hayal d\u00fcnyas\u0131n\u0131n yata\u011f\u0131n\u0131 olu\u015fturan an\u0131lar\u0131n k\u00f6k tuttu\u011fu amans\u0131z bir co\u011frafyan\u0131n insanlar\u0131n\u0131 anlat\u0131yor. Yirminci y\u00fczy\u0131l\u0131n ba\u015f\u0131nda Portekiz\u2019in g\u00fcneyindeki Alentejo eyaletinde ya\u015fayan Mau-Tempo ailesinin \u00fc\u00e7 ku\u015fak s\u00fcren hik\u00e2yesi boyunca, hayat m\u00fccadelesi veren yoksul ve topraks\u0131z k\u00f6yl\u00fclerin maruz kald\u0131klar\u0131 s\u00f6m\u00fcr\u00fcye ve u\u011frad\u0131klar\u0131 onca zul\u00fcm ve i\u015fkenceye ra\u011fmen hi\u00e7 kaybetmedikleri isyan ve direni\u015f ruhuna tan\u0131kl\u0131k ediyoruz.<br \/>\nSaramago\u2019nun deyimiyle \u201cya\u015fam kar\u015f\u0131s\u0131nda tak\u0131n\u0131lan do\u011fal a\u011f\u0131rba\u015fl\u0131l\u0131k\u201d Alentejo\u2019nun u\u00e7suz bucaks\u0131z d\u00fczl\u00fcklerindeki \u00e7etin ko\u015fullar i\u00e7inde ba\u015fl\u0131 ba\u015f\u0131na bir erdeme d\u00f6n\u00fc\u015f\u00fcyor.<br \/>\ndevam\u0131n\u0131 oku<\/p>","protected":false},"featured_media":14567,"template":"","meta":{"spay_email":""},"product_cat":[168],"product_tag":[],"item":[697],"acf":[],"_links":{"self":[{"href":"https:\/\/mgvpublications.com\/de\/wp-json\/wp\/v2\/product\/13869"}],"collection":[{"href":"https:\/\/mgvpublications.com\/de\/wp-json\/wp\/v2\/product"}],"about":[{"href":"https:\/\/mgvpublications.com\/de\/wp-json\/wp\/v2\/types\/product"}],"wp:featuredmedia":[{"embeddable":true,"href":"https:\/\/mgvpublications.com\/de\/wp-json\/wp\/v2\/media\/14567"}],"wp:attachment":[{"href":"https:\/\/mgvpublications.com\/de\/wp-json\/wp\/v2\/media?parent=13869"}],"wp:term":[{"taxonomy":"product_cat","embeddable":true,"href":"https:\/\/mgvpublications.com\/de\/wp-json\/wp\/v2\/product_cat?post=13869"},{"taxonomy":"product_tag","embeddable":true,"href":"https:\/\/mgvpublications.com\/de\/wp-json\/wp\/v2\/product_tag?post=13869"},{"taxonomy":"item","embeddable":true,"href":"https:\/\/mgvpublications.com\/de\/wp-json\/wp\/v2\/item?post=13869"}],"curies":[{"name":"wp","href":"https:\/\/api.w.org\/{rel}","templated":true}]}}