{"id":13865,"date":"2020-12-29T22:13:34","date_gmt":"2020-12-29T21:13:34","guid":{"rendered":"https:\/\/dev2.mgvpublications.com\/produkt\/heykelden-tasa-ve-nobel-konusmasi\/"},"modified":"2025-04-26T18:59:23","modified_gmt":"2025-04-26T16:59:23","slug":"heykelden-tasa-ve-nobel-konusmasi","status":"publish","type":"product","link":"https:\/\/mgvpublications.com\/de\/heykelden-tasa-ve-nobel-konusmasi\/","title":{"rendered":"Heykelden Ta\u015fa ve Nobel Konu\u015fmas\u0131"},"content":{"rendered":"<div>\u00c7evirmen: Emrah \u0130mre<\/div>\n<div>Yay\u0131n Tarihi: 06.11.2018<\/div>\n<div>Orijinal Ad\u0131: Da Estatua a Pedra e Discursos de Estocolmo<\/div>\n<div>ISBN: 9786052983980<\/div>\n<div>Dil: T\u00dcRK\u00c7E<\/div>\n<div>Sayfa Say\u0131s\u0131: 128<\/div>\n<div>Cilt Tipi: Karton Kapak<\/div>\n<div>Ka\u011f\u0131t Cinsi: Kitap Ka\u011f\u0131d\u0131<\/div>\n<div>Boyut: 13.5 x 19.5 cm<\/div>","protected":false},"excerpt":{"rendered":"<p>Heykelden ta\u015fa. Saramago\u2019nun y\u0131llar sonra kendi yaz\u0131n\u0131 ve zanaat\u0131na d\u00f6n\u00fcp bakt\u0131\u011f\u0131nda g\u00f6rd\u00fc\u011f\u00fc seyrin veciz bir e\u011fretilemesi. Saramago severlerin, okuduklar\u0131 kitaplar\u0131 yerli yerine oturtabilece\u011fi bir \u00e7er\u00e7eve ya da bir izlek \u00f6nerisi de diyebiliriz.<br \/>\nBu kitap Saramago\u2019nun 1998\u2019de Torino \u00dcniversitesi\u2019nde yapt\u0131\u011f\u0131 \u201cHeykelden Ta\u015fa\u201d adl\u0131 konu\u015fmay\u0131 yine ayn\u0131 y\u0131l \u0130sve\u00e7 Akademisi \u00f6n\u00fcnde ger\u00e7ekle\u015ftirdi\u011fi Nobel Konu\u015fmas\u0131 ile birle\u015ftirirken, e\u015fi Pilar\u2019\u0131n ba\u015fl\u0131\u011f\u0131n \u00f6yk\u00fcs\u00fcn\u00fc anlatt\u0131\u011f\u0131 sunu\u015fu, Fernando G\u00f3mez Aguilera\u2019n\u0131n derinlikli analizi, yazar\u0131n kendi eliyle kaleme ald\u0131\u011f\u0131 otobiyografisi ve en sondaki alb\u00fcmle birlikte d\u00f6rt ba\u015f\u0131 mamur<br \/>\nbir Saramago haritas\u0131 \u00e7\u0131kar\u0131yor.<br \/>\ndevam\u0131n\u0131 oku<\/p>","protected":false},"featured_media":14565,"template":"","meta":{"spay_email":""},"product_cat":[168],"product_tag":[],"item":[697],"acf":[],"_links":{"self":[{"href":"https:\/\/mgvpublications.com\/de\/wp-json\/wp\/v2\/product\/13865"}],"collection":[{"href":"https:\/\/mgvpublications.com\/de\/wp-json\/wp\/v2\/product"}],"about":[{"href":"https:\/\/mgvpublications.com\/de\/wp-json\/wp\/v2\/types\/product"}],"wp:featuredmedia":[{"embeddable":true,"href":"https:\/\/mgvpublications.com\/de\/wp-json\/wp\/v2\/media\/14565"}],"wp:attachment":[{"href":"https:\/\/mgvpublications.com\/de\/wp-json\/wp\/v2\/media?parent=13865"}],"wp:term":[{"taxonomy":"product_cat","embeddable":true,"href":"https:\/\/mgvpublications.com\/de\/wp-json\/wp\/v2\/product_cat?post=13865"},{"taxonomy":"product_tag","embeddable":true,"href":"https:\/\/mgvpublications.com\/de\/wp-json\/wp\/v2\/product_tag?post=13865"},{"taxonomy":"item","embeddable":true,"href":"https:\/\/mgvpublications.com\/de\/wp-json\/wp\/v2\/item?post=13865"}],"curies":[{"name":"wp","href":"https:\/\/api.w.org\/{rel}","templated":true}]}}