{"id":13852,"date":"2020-12-29T21:28:25","date_gmt":"2020-12-29T20:28:25","guid":{"rendered":"https:\/\/dev2.mgvpublications.com\/produkt\/iste-onderimiz-hz-muhammed\/"},"modified":"2025-04-26T19:16:13","modified_gmt":"2025-04-26T17:16:13","slug":"iste-onderimiz-hz-muhammed","status":"publish","type":"product","link":"https:\/\/mgvpublications.com\/de\/iste-onderimiz-hz-muhammed\/","title":{"rendered":"\u0130\u015fte \u00d6nderimiz Hz. Muhammed"},"content":{"rendered":"<div>Yay\u0131n Tarihi: 18.12.2020<\/div>\n<div>ISBN: 9789754732375<\/div>\n<div>Dil: T\u00dcRK\u00c7E<\/div>\n<div>Sayfa Say\u0131s\u0131: 176<\/div>\n<div>Cilt Tipi: Karton Kapak<\/div>\n<div>Ka\u011f\u0131t Cinsi: Kitap Ka\u011f\u0131d\u0131<\/div>\n<div>Boyut: 13.5 x 21 cm<\/div>","protected":false},"excerpt":{"rendered":"<p>\u0130\u015fte \u00f6nderimiz Hz. Muhammed, Allah&#8217;\u0131n yaratm\u0131\u015f oldu\u011fu en g\u00fczel insan\u0131n hayat\u0131n\u0131 ve m\u00fccedelesini anlatmaktad\u0131r. Hz. Muhammed, kendisinden \u00f6nce gelip ge\u00e7mi\u015f olan b\u00fct\u00fcn peygamberler gibi, insanlar\u0131n, kendileri gibi insan olan varl\u0131klara de\u011fil, sadece Allah&#8217;\u0131n Kur&#8217;an&#8217;la bildirdi\u011fi ilahi kanunlara ba\u011flanmalar\u0131n\u0131 tebli\u011f ediyor, ezilmi\u015f insanlara h\u00fcrriyet m\u00fccaadelesini \u00f6\u011fretiyordu.<\/p>","protected":false},"featured_media":14560,"template":"","meta":{"spay_email":""},"product_cat":[174,170],"product_tag":[],"item":[389],"acf":[],"_links":{"self":[{"href":"https:\/\/mgvpublications.com\/de\/wp-json\/wp\/v2\/product\/13852"}],"collection":[{"href":"https:\/\/mgvpublications.com\/de\/wp-json\/wp\/v2\/product"}],"about":[{"href":"https:\/\/mgvpublications.com\/de\/wp-json\/wp\/v2\/types\/product"}],"wp:featuredmedia":[{"embeddable":true,"href":"https:\/\/mgvpublications.com\/de\/wp-json\/wp\/v2\/media\/14560"}],"wp:attachment":[{"href":"https:\/\/mgvpublications.com\/de\/wp-json\/wp\/v2\/media?parent=13852"}],"wp:term":[{"taxonomy":"product_cat","embeddable":true,"href":"https:\/\/mgvpublications.com\/de\/wp-json\/wp\/v2\/product_cat?post=13852"},{"taxonomy":"product_tag","embeddable":true,"href":"https:\/\/mgvpublications.com\/de\/wp-json\/wp\/v2\/product_tag?post=13852"},{"taxonomy":"item","embeddable":true,"href":"https:\/\/mgvpublications.com\/de\/wp-json\/wp\/v2\/item?post=13852"}],"curies":[{"name":"wp","href":"https:\/\/api.w.org\/{rel}","templated":true}]}}