{"id":13850,"date":"2020-12-29T21:26:11","date_gmt":"2020-12-29T20:26:11","guid":{"rendered":"https:\/\/dev2.mgvpublications.com\/produkt\/peygamberler-tarihi\/"},"modified":"2022-03-08T22:39:47","modified_gmt":"2022-03-08T21:39:47","slug":"peygamberler-tarihi","status":"publish","type":"product","link":"https:\/\/mgvpublications.com\/de\/peygamberler-tarihi\/","title":{"rendered":"Peygamberler Tarihi"},"content":{"rendered":"<p>Yay\u0131n Tarihi: 07.04.2021<br \/>ISBN: 9789754735482<br \/>Dil: T\u00dcRK\u00c7E<br \/>Sayfa Say\u0131s\u0131: 224<br \/>Cilt Tipi: Karton Kapak<br \/>Ka\u011f\u0131t Cinsi: Kitap Ka\u011f\u0131d\u0131<br \/>Boyut: 13.5 x 21 cm<\/p>","protected":false},"excerpt":{"rendered":"<p>Peygamberler tarihi, g\u00fcn tarihinden ayr\u0131lmas\u0131 m\u00fcmk\u00fcn olmayan, insan\u0131 do\u011fru yola y\u00f6nelten bir tarih bilgisidir. Bu tarihi bize Kur&#8217;an \u00f6\u011fretmekte, Hz. Muhammed (s.a.s) de yorumlamaktad\u0131r. Bu \u00f6zelliklere sahip bir tarih k\u00fclt\u00fcr\u00fc, insan\u0131n ya\u015fam rehberidir. Bu nedenle her seviyedeki insan, -ister y\u00f6neten ister y\u00f6netilen olsun-, bu tarihi iyi bilmelidir ki Allah&#8217;tan ba\u015fkas\u0131na kul olmas\u0131n! \u00c7\u00fcnk\u00fc kendilerine itaat edilen insanlar\u0131n \u00e7o\u011fu, insan\u0131 yanl\u0131\u015f yola g\u00f6t\u00fcr\u00fcr. Bu nedenle bizim rehberimiz ba\u015fta Peygamberimiz olmak \u00fczere t\u00fcm peygamberlerin g\u00f6sterdi\u011fi yol olmal\u0131d\u0131r.<\/p>","protected":false},"featured_media":18953,"template":"","meta":{"spay_email":""},"product_cat":[174],"product_tag":[],"item":[389],"acf":[],"_links":{"self":[{"href":"https:\/\/mgvpublications.com\/de\/wp-json\/wp\/v2\/product\/13850"}],"collection":[{"href":"https:\/\/mgvpublications.com\/de\/wp-json\/wp\/v2\/product"}],"about":[{"href":"https:\/\/mgvpublications.com\/de\/wp-json\/wp\/v2\/types\/product"}],"wp:featuredmedia":[{"embeddable":true,"href":"https:\/\/mgvpublications.com\/de\/wp-json\/wp\/v2\/media\/18953"}],"wp:attachment":[{"href":"https:\/\/mgvpublications.com\/de\/wp-json\/wp\/v2\/media?parent=13850"}],"wp:term":[{"taxonomy":"product_cat","embeddable":true,"href":"https:\/\/mgvpublications.com\/de\/wp-json\/wp\/v2\/product_cat?post=13850"},{"taxonomy":"product_tag","embeddable":true,"href":"https:\/\/mgvpublications.com\/de\/wp-json\/wp\/v2\/product_tag?post=13850"},{"taxonomy":"item","embeddable":true,"href":"https:\/\/mgvpublications.com\/de\/wp-json\/wp\/v2\/item?post=13850"}],"curies":[{"name":"wp","href":"https:\/\/api.w.org\/{rel}","templated":true}]}}