{"id":13848,"date":"2020-12-29T21:21:01","date_gmt":"2020-12-29T20:21:01","guid":{"rendered":"https:\/\/dev2.mgvpublications.com\/produkt\/osmanli-barisi\/"},"modified":"2022-03-08T22:39:47","modified_gmt":"2022-03-08T21:39:47","slug":"osmanli-barisi","status":"publish","type":"product","link":"https:\/\/mgvpublications.com\/de\/osmanli-barisi\/","title":{"rendered":"Osmanl\u0131 Bar\u0131\u015f\u0131"},"content":{"rendered":"<div>Yay\u0131n Tarihi: 07.06.2018<\/div>\n<div>ISBN: 9789752635166<\/div>\n<div>Dil: T\u00dcRK\u00c7E<\/div>\n<div>Sayfa Say\u0131s\u0131: 240<\/div>\n<div>Cilt Tipi: Karton Kapak<\/div>\n<div>Ka\u011f\u0131t Cinsi: Kitap Ka\u011f\u0131d\u0131<\/div>\n<div>Boyut: 13.5 x 21 cm<\/div>","protected":false},"excerpt":{"rendered":"<p>\u0130lber Ortayl\u0131\u2019n\u0131n Osmanl\u0131 ekseninde geli\u015ftirdi\u011fi tarih\u00e7ilik \u00e7izgisinden bir demet. Kitapta &#8220;Osmanl\u0131 Bar\u0131\u015f\u0131&#8221; merkezde olmak kayd\u0131yla Osmanl\u0131 ayd\u0131n\u0131ndan ho\u015fg\u00f6r\u00fcyle, T\u00fcrk aile yap\u0131s\u0131 ve son as\u0131rda u\u011frad\u0131\u011f\u0131 dejenerasyonun boyutlar\u0131ndan Osmanl\u0131 saraylar\u0131n\u0131n 19. y\u00fczy\u0131lda ge\u00e7irdi\u011fi de\u011fi\u015fimlere; medresenin son g\u00fcne\u015fi dedi\u011fi Cevdet Pa\u015fa\u2019n\u0131n Avrupa tarihini nas\u0131l okudu\u011fundan Tanzimat\u2019\u0131n tarikatlara bak\u0131\u015f\u0131na ve nihayet tarihten gelen marazi taraflar\u0131m\u0131z\u0131n yo\u011fun olarak analiz edildi\u011fi \u00e7ok y\u00f6nl\u00fc bir \u00e7aba ile kar\u015f\u0131la\u015facaks\u0131n\u0131z. Tarih\u00e7ili\u011fi s\u00fcrekli yap\u0131lan bir antrenmana benzeten Ortayl\u0131\u2019n\u0131n, tarihin \u015fa\u015f\u0131rt\u0131c\u0131 u\u00e7lar\u0131na a\u00e7t\u0131\u011f\u0131 yeni menfezleri olarak da g\u00f6rebilirsiniz Osmanl\u0131 Bar\u0131\u015f\u0131\u2019n\u0131.<\/p>\n<p>Osmanl\u0131 Bar\u0131\u015f\u0131 (Pax Ottomana) \u015f\u00fcphesiz bir sistemin ad\u0131d\u0131r ve son y\u0131llarda Roma bar\u0131\u015f\u0131 (Pax Romana) gibi \u00e7ok kullan\u0131lmaya ba\u015flanm\u0131\u015ft\u0131r. \u015eunu s\u00f6ylemek gerek ki bu bir abartma tabir de\u011fildir, yanl\u0131\u015f da de\u011fildir. Tarihin bir d\u00f6neminde, Osmanl\u0131 \u0130mparatorlu\u011fu&#8217;nun \u00f6zellikle Balkanlar ve Ortado\u011fu\u2019da kendini ortaya koymas\u0131d\u0131r. Bug\u00fcn Do\u011fu d\u00fcnyas\u0131nda uluslar sorunun k\u00f6kleri Osmanl\u0131 devrine gidiyor. \u00c7\u00f6z\u00fcms\u00fczl\u00fckler kadar \u00e7\u00f6z\u00fcm \u00fcmidi de Osmanl\u0131 devrine gidiyor.<\/p>\n<p>\u0130stanbul\u2019un fethi ve II. Mehmed\u2019in (Fatih) idaresi ile Osmanl\u0131 bar\u0131\u015f\u0131n\u0131n temelleri at\u0131lm\u0131\u015ft\u0131r. Osmanl\u0131 yeni d\u00fcnya \u015fartlar\u0131na intibak eden ve ulusla\u015fmaya ge\u00e7i\u015fi sa\u011flayan son imparatorluktur. Yerel k\u00fclt\u00fcrleri yok eden koloni imparatorluklar\u0131n\u0131n aksine (\u0130ngilizler Hind\u00ee s\u0131n\u0131f\u0131n\u0131, Frans\u0131zlar Ma\u011frib Arab medeniyetini yok ettiler) Osmanl\u0131 \u0130mparatorlu\u011fu yerel k\u00fclt\u00fcrleri ve k\u00fc\u00e7\u00fck haklar\u0131 da ulus \u00e7a\u011f\u0131na ta\u015f\u0131m\u0131\u015ft\u0131r.<\/p>\n<p>Bu kitapta de\u011fi\u015fik ba\u015fl\u0131klar alt\u0131nda Osmanl\u0131 Bar\u0131\u015f\u0131\u2019n\u0131n izlerini g\u00f6receksiniz.<br \/>\n\u0130lber Ortayl\u0131<br \/>\ndevam\u0131n\u0131 oku<\/p>","protected":false},"featured_media":14558,"template":"","meta":{"spay_email":""},"product_cat":[170],"product_tag":[],"item":[360],"acf":[],"_links":{"self":[{"href":"https:\/\/mgvpublications.com\/de\/wp-json\/wp\/v2\/product\/13848"}],"collection":[{"href":"https:\/\/mgvpublications.com\/de\/wp-json\/wp\/v2\/product"}],"about":[{"href":"https:\/\/mgvpublications.com\/de\/wp-json\/wp\/v2\/types\/product"}],"wp:featuredmedia":[{"embeddable":true,"href":"https:\/\/mgvpublications.com\/de\/wp-json\/wp\/v2\/media\/14558"}],"wp:attachment":[{"href":"https:\/\/mgvpublications.com\/de\/wp-json\/wp\/v2\/media?parent=13848"}],"wp:term":[{"taxonomy":"product_cat","embeddable":true,"href":"https:\/\/mgvpublications.com\/de\/wp-json\/wp\/v2\/product_cat?post=13848"},{"taxonomy":"product_tag","embeddable":true,"href":"https:\/\/mgvpublications.com\/de\/wp-json\/wp\/v2\/product_tag?post=13848"},{"taxonomy":"item","embeddable":true,"href":"https:\/\/mgvpublications.com\/de\/wp-json\/wp\/v2\/item?post=13848"}],"curies":[{"name":"wp","href":"https:\/\/api.w.org\/{rel}","templated":true}]}}