{"id":13842,"date":"2020-12-29T21:13:58","date_gmt":"2020-12-29T20:13:58","guid":{"rendered":"https:\/\/dev2.mgvpublications.com\/produkt\/son-yillarim\/"},"modified":"2022-03-08T22:39:46","modified_gmt":"2022-03-08T21:39:46","slug":"son-yillarim","status":"publish","type":"product","link":"https:\/\/mgvpublications.com\/de\/son-yillarim\/","title":{"rendered":"Son Y\u0131llar\u0131m"},"content":{"rendered":"<div><\/div>\n<div>\u00c7evirmen: Ferhat \u0130yido\u011fan<\/div>\n<div>Yay\u0131n Tarihi: 05.10.2017<\/div>\n<div>Orijinal Ad\u0131: Out of My Later Years: The Scientist Philosopher and Man Portrayed ThroughHis Own Word<\/div>\n<div>ISBN: 9786054764952<\/div>\n<div>Dil: T\u00dcRK\u00c7E<\/div>\n<div>Sayfa Say\u0131s\u0131: 280<\/div>\n<div>Cilt Tipi: Karton Kapak<\/div>\n<div>Ka\u011f\u0131t Cinsi: Kitap Ka\u011f\u0131d\u0131<\/div>\n<div>Boyut: 13.5 x 19.5 cm<\/div>","protected":false},"excerpt":{"rendered":"<p>Tarihin en b\u00fcy\u00fck ve en etkili beyinlerinden biri olan Albert Einstein\u2019\u0131n 1934-1950 y\u0131llar\u0131 aras\u0131ndaki yaz\u0131lar\u0131n\u0131 kapsayan bu kitap, g\u00fcn\u00fcm\u00fczde de tart\u0131\u015f\u0131lan ve \u00e7\u00f6z\u00fcme kavu\u015fturulamam\u0131\u015f konular\u0131 ele al\u0131yor. Sava\u015flar\u0131n s\u00fcrd\u00fc\u011f\u00fc, a\u00e7l\u0131\u011f\u0131n ve yoksullu\u011fun kol gezdi\u011fi d\u00fcnyam\u0131z, Einstein\u2019\u0131n d\u00fcnyas\u0131ndan pek de farkl\u0131 de\u011fil. Einstein\u2019\u0131n \u0131srarla \u00fczerinde durdu\u011fu devletleraras\u0131 rekabetin olumsuz etkileri h\u00e2l\u00e2 s\u00fcrmekte. Einstein, \u0131rk\u00e7\u0131l\u0131ktan d\u00fcnya bar\u0131\u015f\u0131na, bilim ile din ili\u015fkisinden e\u011fitime ve ahlaka, g\u00f6relilik ve kuantum fizi\u011finden sosyalizme kadar \u00e7a\u011f\u0131m\u0131z\u0131n en \u00f6nemli meseleleri \u00fczerine derinlemesine d\u00fc\u015f\u00fcnm\u00fc\u015f. Bu meseleleri bir bilim insan\u0131 titizli\u011fiyle masaya yat\u0131r\u0131yor ve a\u00e7\u0131k, duru \u00fcslubuyla arg\u00fcmanlar\u0131n\u0131 kuruyor. \u201cNeden Sosyalizm\u201d ba\u015fl\u0131kl\u0131 yaz\u0131s\u0131nda politik d\u00fcnya g\u00f6r\u00fc\u015f\u00fcn\u00fc ortaya koyarken, sosyalizmin ger\u00e7ek amac\u0131n\u0131, insani geli\u015fmenin ya\u011fmac\u0131 d\u00f6nemini a\u015farak bunun kesinlikle \u00f6tesine ilerlemek olarak tarif ediyor.<\/p>\n<p>Son Y\u0131llar\u0131m\u2019da Einstein\u2019\u0131n ele ald\u0131\u011f\u0131 konular sadece toplumsal ve felsefi konularla da s\u0131n\u0131rl\u0131 kalm\u0131yor. Ayn\u0131 zamanda klasik mekanik, Newton fizi\u011fi, g\u00f6relilik ve kuantum fizi\u011fi hakk\u0131nda \u00e7ok de\u011ferli tart\u0131\u015fmalar var.<br \/>\ndevam\u0131n\u0131 oku<\/p>","protected":false},"featured_media":14555,"template":"","meta":{"spay_email":""},"product_cat":[180],"product_tag":[],"item":[697],"acf":[],"_links":{"self":[{"href":"https:\/\/mgvpublications.com\/de\/wp-json\/wp\/v2\/product\/13842"}],"collection":[{"href":"https:\/\/mgvpublications.com\/de\/wp-json\/wp\/v2\/product"}],"about":[{"href":"https:\/\/mgvpublications.com\/de\/wp-json\/wp\/v2\/types\/product"}],"wp:featuredmedia":[{"embeddable":true,"href":"https:\/\/mgvpublications.com\/de\/wp-json\/wp\/v2\/media\/14555"}],"wp:attachment":[{"href":"https:\/\/mgvpublications.com\/de\/wp-json\/wp\/v2\/media?parent=13842"}],"wp:term":[{"taxonomy":"product_cat","embeddable":true,"href":"https:\/\/mgvpublications.com\/de\/wp-json\/wp\/v2\/product_cat?post=13842"},{"taxonomy":"product_tag","embeddable":true,"href":"https:\/\/mgvpublications.com\/de\/wp-json\/wp\/v2\/product_tag?post=13842"},{"taxonomy":"item","embeddable":true,"href":"https:\/\/mgvpublications.com\/de\/wp-json\/wp\/v2\/item?post=13842"}],"curies":[{"name":"wp","href":"https:\/\/api.w.org\/{rel}","templated":true}]}}