{"id":13835,"date":"2020-12-29T21:05:33","date_gmt":"2020-12-29T20:05:33","guid":{"rendered":"https:\/\/dev2.mgvpublications.com\/produkt\/osmanlida-devlet-hukuk-ve-adalet\/"},"modified":"2022-03-08T22:39:46","modified_gmt":"2022-03-08T21:39:46","slug":"osmanlida-devlet-hukuk-ve-adalet","status":"publish","type":"product","link":"https:\/\/mgvpublications.com\/de\/osmanlida-devlet-hukuk-ve-adalet\/","title":{"rendered":"Osmanl\u0131\u2019da Devlet, Hukuk ve Adalet"},"content":{"rendered":"<div>Yay\u0131n Tarihi: 18.02.2020<\/div>\n<div>ISBN: 9786058301122<\/div>\n<div>Dil: T\u00dcRK\u00c7E<\/div>\n<div>Sayfa Say\u0131s\u0131: 288<\/div>\n<div>Cilt Tipi: Karton Kapak<\/div>\n<div>Ka\u011f\u0131t Cinsi: Kitap Ka\u011f\u0131d\u0131<\/div>\n<div>Boyut: 13.5 x 21 cm<\/div>","protected":false},"excerpt":{"rendered":"<p>\u201cMilletleri millet yapan tarihleri ve k\u00fclt\u00fcrleridir. Tarihsiz bir millet, ki\u015fili\u011fini kaybetmi\u015f bireye benzer. Bu kitab\u0131 okuyanlar umuyoruz ki, Osmanl\u0131 Devlet-i \u2018Aliyye\u2019sinin (\u0130mparatorlu\u011funun) bir\u00e7ok millet ve dini, alt\u0131 y\u00fcz y\u0131l nas\u0131l bir arada tuttu\u011funu ve nas\u0131l idare etti\u011fini \u00f6\u011frenmi\u015f olacaklar.\u201d<br \/>\nHalil \u0130nalc\u0131k<\/p>\n<p>Alt\u0131 as\u0131r boyunca egemenli\u011fini devlet, hukuk, adalet anlay\u0131\u015f\u0131yla sa\u011flayan Osmanl\u0131lar, iktidarlar\u0131n\u0131 ise kanun ile ahlak dengesiyle ayakta tutmu\u015flard\u0131r. Bat\u0131 kaynaklar\u0131nda Osmanl\u0131 halk\u0131ndan herhangi bir kimsenin h\u00fck\u00fcmdar\u0131 bile dava edebilece\u011finden \u00f6vg\u00fcyle bahsedilmi\u015ftir. \u00d6te yandan b\u00fcrokratlar ise h\u00fck\u00fcmdar\u0131n asli prensipleri ezip ge\u00e7mesi kar\u015f\u0131s\u0131nda onu taht\u0131ndan edebilmi\u015flerdir. Hem Osmanl\u0131lar\u0131 &#8220;Devlet-i Aliyye-i Osm\u00e2niyye&#8221; yapan hem de &#8220;Devlet-i Ebed-m\u00fcddet&#8221; s\u00f6z\u00fcn\u00fc slogan olmaktan kal\u0131c\u0131 bir mekanizma haline getiren d\u00fc\u015f\u00fcnce, din ve devletin selameti ad\u0131na devlet-hukuk-adalet g\u00fc\u00e7lerinin bir diren\u00e7 unsuru olarak daima bir arada ya\u015fam\u0131\u015f ve ya\u015fat\u0131lm\u0131\u015f olmas\u0131d\u0131r.<br \/>\nTarih yaz\u0131c\u0131l\u0131\u011f\u0131nda \u00e7\u0131\u011f\u0131r a\u00e7m\u0131\u015f olan Halil \u0130nalc\u0131k, Osmanl\u0131\u2019da Devlet, Hukuk ve Ad\u00e2let kitab\u0131nda devlet anlay\u0131\u015f\u0131, kanun rejimi, kanunlar\u0131n uygulan\u0131\u015f bi\u00e7imi ve adalet y\u00f6ntemleri \u00fczerine ara\u015ft\u0131rmalar\u0131n\u0131 bir araya getiriyor. Okuyucular kitab\u0131 bitirdiklerinde, Osmanl\u0131 Devleti\u2019nin bir\u00e7ok millet ve dini alt\u0131 as\u0131r nas\u0131l bir arada tutup idare etti\u011fini en orijinal bilgiler e\u015fli\u011finde \u00f6\u011frenmi\u015f olacaklar.<\/p>\n<p>devam\u0131n\u0131 oku<\/p>","protected":false},"featured_media":14552,"template":"","meta":{"spay_email":""},"product_cat":[170],"product_tag":[],"item":[729],"acf":[],"_links":{"self":[{"href":"https:\/\/mgvpublications.com\/de\/wp-json\/wp\/v2\/product\/13835"}],"collection":[{"href":"https:\/\/mgvpublications.com\/de\/wp-json\/wp\/v2\/product"}],"about":[{"href":"https:\/\/mgvpublications.com\/de\/wp-json\/wp\/v2\/types\/product"}],"wp:featuredmedia":[{"embeddable":true,"href":"https:\/\/mgvpublications.com\/de\/wp-json\/wp\/v2\/media\/14552"}],"wp:attachment":[{"href":"https:\/\/mgvpublications.com\/de\/wp-json\/wp\/v2\/media?parent=13835"}],"wp:term":[{"taxonomy":"product_cat","embeddable":true,"href":"https:\/\/mgvpublications.com\/de\/wp-json\/wp\/v2\/product_cat?post=13835"},{"taxonomy":"product_tag","embeddable":true,"href":"https:\/\/mgvpublications.com\/de\/wp-json\/wp\/v2\/product_tag?post=13835"},{"taxonomy":"item","embeddable":true,"href":"https:\/\/mgvpublications.com\/de\/wp-json\/wp\/v2\/item?post=13835"}],"curies":[{"name":"wp","href":"https:\/\/api.w.org\/{rel}","templated":true}]}}