{"id":13833,"date":"2020-12-29T21:03:44","date_gmt":"2020-12-29T20:03:44","guid":{"rendered":"https:\/\/dev2.mgvpublications.com\/produkt\/sultanin-korsanlari-osmanli-akdenizinde-gaza-yagma-ve-esaret-1500-1700\/"},"modified":"2022-03-08T22:39:45","modified_gmt":"2022-03-08T21:39:45","slug":"sultanin-korsanlari-osmanli-akdenizinde-gaza-yagma-ve-esaret-1500-1700","status":"publish","type":"product","link":"https:\/\/mgvpublications.com\/de\/sultanin-korsanlari-osmanli-akdenizinde-gaza-yagma-ve-esaret-1500-1700\/","title":{"rendered":"Sultan\u0131n Korsanlar\u0131 Osmanl\u0131 Akdenizi\u2019nde Gaza, Ya\u011fma ve Esaret, 1500-1700"},"content":{"rendered":"<div>Yay\u0131n Tarihi: 14.02.2020<\/div>\n<div>ISBN: 9789752430792<\/div>\n<div>Dil: T\u00dcRK\u00c7E<\/div>\n<div>Sayfa Say\u0131s\u0131: 592<\/div>\n<div>Cilt Tipi: Karton Kapak<\/div>\n<div>Ka\u011f\u0131t Cinsi: Kitap Ka\u011f\u0131d\u0131<\/div>\n<div>Boyut: 13.5 x 21 cm<\/div>","protected":false},"excerpt":{"rendered":"<p>\u201cOsmanl\u0131\u201d ad\u0131n\u0131 verdi\u011fimiz korsanlar hangi etnik k\u00f6kenlerden gelmektedir? Bunlar f\u0131rsat\u00e7\u0131 ya\u011fmac\u0131lar m\u0131, yoksa \u0130slam\u2019\u0131n bayra\u011f\u0131n\u0131 ta\u015f\u0131yan nusret-karin din sava\u015f\u00e7\u0131lar\u0131 m\u0131d\u0131r? M\u00fchtedi ve H\u0131ristiyan denizciler M\u00fcsl\u00fcman d\u00fcnyaya ne kadar adapte olmu\u015f; aileleri, vatanlar\u0131 ve reddettikleri inan\u00e7lar\u0131n\u0131 ne dereceye kadar arkalar\u0131nda b\u0131rakabilmi\u015flerdir? Gemilerde korsanlar\u0131m\u0131z ne yiyip i\u00e7mekte, do\u011fal ihtiya\u00e7lar\u0131n\u0131 nas\u0131l kar\u015f\u0131lamakta ve denizin belirsizliklerine hangi ibadet ve rit\u00fcellerle kar\u015f\u0131 koymaktad\u0131r? Hastal\u0131klarla nas\u0131l m\u00fccadele edilmekte, hijyen ve disiplin nas\u0131l sa\u011flanmaktad\u0131r? Bir korsan ak\u0131n\u0131nda kullan\u0131lan asker\u00ee taktikler nelerdir? Gazilerimiz avlar\u0131n\u0131 nas\u0131l aldatmaktad\u0131r? Korsan ak\u0131nlar\u0131na uygun gemi tipleri nelerdir? Bunlar ate\u015fli silahlar\u0131n yayg\u0131nla\u015fmas\u0131ndan nas\u0131l etkilenmi\u015ftir? Topo\u011frafik fakt\u00f6rler hangi limanlar\u0131 korsanl\u0131\u011fa mahk\u00fbm etmi\u015ftir? Elde edilen ganimetin korsan limanlar\u0131na katk\u0131s\u0131 ve Avrupa ekonomisine zarar\u0131 ne boyuttad\u0131r? Bu ganimet nas\u0131l elden \u00e7\u0131kar\u0131lmakta ve payla\u015f\u0131lmaktad\u0131r? \u0130nsanlar\u0131 korsanl\u0131\u011fa iten sosyo-ekonomik etkenler nelerdir? Korsanlar\u0131m\u0131z\u0131n yava\u015f yava\u015f geli\u015fmeye ba\u015flayan uluslararas\u0131 hukuktaki yeri nedir? Korsanl\u0131k, ticaret ve ka\u00e7ak\u00e7\u0131l\u0131k aras\u0131nda nas\u0131l bir ili\u015fki vard\u0131r?<br \/>\n\u0130\u015fte daha \u00f6nce sorulmayan t\u00fcm bu suallerin cevab\u0131 Osmanl\u0131ca, Frans\u0131zca, \u0130talyanca, \u0130spanyolca, \u0130ngilizce, Portekizce, Katalanca, Latince ve Almanca kaynaklar\u0131 harmanlayan Sultan\u0131n Korsanlar\u0131: Osmanl\u0131 Akdenizi\u2019nde Gaz\u00e2, Ya\u011fma ve Esaret, 1500-1700\u2019de. Y\u0131llar s\u00fcren ar\u015fiv \u00e7al\u0131\u015fmas\u0131yla bir araya getirilmi\u015f \u0130zlanda\u2019dan Adriyatik\u2019e, Korsika\u2019dan Azorlar\u2019a uzanan tarih\u00ee \u00f6rnekler; okuyucuyu din de\u011fi\u015ftiren f\u0131rsat\u00e7\u0131 m\u00fchtedilerin, firar etmek i\u00e7in binbir yolu deneyen Cervantes gibi esirlerin, ayn\u0131 gemide yolda\u015fl\u0131k yapan ve beraber yiyip i\u00e7en H\u0131ristiyan ve M\u00fcsl\u00fcmanlar\u0131n, s\u0131rt\u0131nda k\u0131rba\u00e7 g\u00fcne\u015fin alt\u0131nda terleyen k\u00fcrek\u00e7ilerin, yeni\u00e7erilere fark ettirmeden korsan gemisini bir H\u0131ristiyan liman\u0131na yana\u015ft\u0131r\u0131p \u00f6zg\u00fcrl\u00fc\u011f\u00fcne kavu\u015fan esir denizcilerin, H\u0131ristiyan d\u00fcnyas\u0131nda b\u0131rakt\u0131\u011f\u0131 ailesini ziyaret eden gazilerin, hakarete u\u011frad\u0131\u011f\u0131, sevdi\u011fi k\u0131z\u0131 alamad\u0131\u011f\u0131 ya da doland\u0131r\u0131ld\u0131\u011f\u0131 i\u00e7in intikam h\u0131rs\u0131yla Ma\u011frib\u2019e gidip korsanlar\u0131 H\u0131ristiyan k\u0131y\u0131lar\u0131na getiren m\u00fcntakim m\u00fcrtedlerin, halk\u0131n veli mertebesine \u00e7\u0131kard\u0131\u011f\u0131 H\u0131ristiyan do\u011fumlu nev-m\u00fcslimlerin d\u00fcnyas\u0131na davet ediyor.<br \/>\nYak\u0131n\u00e7a\u011f Akdeniz\u2019inde istihbarat, korsanl\u0131k, k\u00f6lelik, ihtida ve dinler \u00f6tesi diplomasi gibi alanlarda ara\u015ft\u0131rmalar yapan Do\u00e7. Dr. Emrah Safa G\u00fcrkan&#8217;\u0131n tarihsel kategorileri alt\u00fcst eden serhad kahramanlar\u0131n\u0131 inceledi\u011fi bu ikinci eseri, Osmanl\u0131 bahriye tarihinin en gizemli sayfalar\u0131n\u0131 aralamakla kalm\u0131yor; Osmanl\u0131 korsanlar\u0131n\u0131 Akdeniz ve d\u00fcnya tarihindeki iktisad\u00ee, siyas\u00ee ve teknolojik geli\u015fmelerin \u0131\u015f\u0131\u011f\u0131nda analiz ediyor.<br \/>\ndevam\u0131n\u0131 oku<\/p>","protected":false},"featured_media":14551,"template":"","meta":{"spay_email":""},"product_cat":[170],"product_tag":[],"item":[729],"acf":[],"_links":{"self":[{"href":"https:\/\/mgvpublications.com\/de\/wp-json\/wp\/v2\/product\/13833"}],"collection":[{"href":"https:\/\/mgvpublications.com\/de\/wp-json\/wp\/v2\/product"}],"about":[{"href":"https:\/\/mgvpublications.com\/de\/wp-json\/wp\/v2\/types\/product"}],"wp:featuredmedia":[{"embeddable":true,"href":"https:\/\/mgvpublications.com\/de\/wp-json\/wp\/v2\/media\/14551"}],"wp:attachment":[{"href":"https:\/\/mgvpublications.com\/de\/wp-json\/wp\/v2\/media?parent=13833"}],"wp:term":[{"taxonomy":"product_cat","embeddable":true,"href":"https:\/\/mgvpublications.com\/de\/wp-json\/wp\/v2\/product_cat?post=13833"},{"taxonomy":"product_tag","embeddable":true,"href":"https:\/\/mgvpublications.com\/de\/wp-json\/wp\/v2\/product_tag?post=13833"},{"taxonomy":"item","embeddable":true,"href":"https:\/\/mgvpublications.com\/de\/wp-json\/wp\/v2\/item?post=13833"}],"curies":[{"name":"wp","href":"https:\/\/api.w.org\/{rel}","templated":true}]}}