{"id":13808,"date":"2020-12-24T15:50:49","date_gmt":"2020-12-24T14:50:49","guid":{"rendered":"https:\/\/dev2.mgvpublications.com\/produkt\/evlilik-kader-midir-2\/"},"modified":"2022-03-08T22:39:42","modified_gmt":"2022-03-08T21:39:42","slug":"evlilik-kader-midir-2","status":"publish","type":"product","link":"https:\/\/mgvpublications.com\/de\/evlilik-kader-midir-2\/","title":{"rendered":"Evlilik Kader midir?"},"content":{"rendered":"<div>Yay\u0131n Tarihi: 14.03.2020<\/div>\n<div>ISBN: 9786057674692<\/div>\n<div>Dil: T\u00dcRK\u00c7E<\/div>\n<div>Sayfa Say\u0131s\u0131: 160<\/div>\n<div>Cilt Tipi: Karton Kapak<\/div>\n<div>Ka\u011f\u0131t Cinsi: Kitap Ka\u011f\u0131d\u0131<\/div>\n<div>Boyut: 13.5 x 21 cm<\/div>","protected":false},"excerpt":{"rendered":"<p>Evlilik namaz gibidir, niyet edince sa\u011fa sola bak\u0131lmaz!<br \/>\nSoruyorum sizlere,<br \/>\nMadem evlilik kaderse ve kaderimde evlenece\u011fim ki\u015fi yaz\u0131l\u0131 ise ben neden bunca zahmete giriyorum?<br \/>\nBen sevdi\u011fim i\u00e7in dua ediyorsam.<br \/>\nSevdi\u011fim ki\u015fi de kendi sevdi\u011fi i\u00e7in dua ediyorsa.<br \/>\nBu durumda kim kime y\u00e2r olacak?<\/p>\n<p>Biliyorum \u00fczg\u00fcn g\u00f6nl\u00fcn \u201csana etti\u011fim muhabbeti ta\u015fa sunsayd\u0131m ta\u015f bile \u00e7i\u00e7ek a\u00e7ard\u0131\u201d diyor hayaller akl\u0131na geldik\u00e7e.<\/p>\n<p>Sizi \u00fczen \u00fczs\u00fcn, a\u011flatan a\u011flats\u0131n.<br \/>\nTebess\u00fcm\u00fcn en manal\u0131 oldu\u011fu yer mah\u015fer alan\u0131 olacakt\u0131r.<\/p>\n<p>E\u011fer bir g\u00fcn \u00fcmidini kaybedersen, Allah\u2019\u0131n senin i\u00e7in yazd\u0131\u011f\u0131 kaderin hayallerinden daha iyi oldu\u011funu hat\u0131rla.<\/p>","protected":false},"featured_media":14543,"template":"","meta":{"spay_email":""},"product_cat":[174],"product_tag":[],"item":[685],"acf":[],"_links":{"self":[{"href":"https:\/\/mgvpublications.com\/de\/wp-json\/wp\/v2\/product\/13808"}],"collection":[{"href":"https:\/\/mgvpublications.com\/de\/wp-json\/wp\/v2\/product"}],"about":[{"href":"https:\/\/mgvpublications.com\/de\/wp-json\/wp\/v2\/types\/product"}],"wp:featuredmedia":[{"embeddable":true,"href":"https:\/\/mgvpublications.com\/de\/wp-json\/wp\/v2\/media\/14543"}],"wp:attachment":[{"href":"https:\/\/mgvpublications.com\/de\/wp-json\/wp\/v2\/media?parent=13808"}],"wp:term":[{"taxonomy":"product_cat","embeddable":true,"href":"https:\/\/mgvpublications.com\/de\/wp-json\/wp\/v2\/product_cat?post=13808"},{"taxonomy":"product_tag","embeddable":true,"href":"https:\/\/mgvpublications.com\/de\/wp-json\/wp\/v2\/product_tag?post=13808"},{"taxonomy":"item","embeddable":true,"href":"https:\/\/mgvpublications.com\/de\/wp-json\/wp\/v2\/item?post=13808"}],"curies":[{"name":"wp","href":"https:\/\/api.w.org\/{rel}","templated":true}]}}