{"id":13806,"date":"2020-12-24T15:48:05","date_gmt":"2020-12-24T14:48:05","guid":{"rendered":"https:\/\/dev2.mgvpublications.com\/produkt\/bebegimle-oynuyorum-0-6-ay-icin-101-oyun\/"},"modified":"2022-04-08T06:17:39","modified_gmt":"2022-04-08T04:17:39","slug":"bebegimle-oynuyorum-0-6-ay-icin-101-oyun","status":"publish","type":"product","link":"https:\/\/mgvpublications.com\/de\/bebegimle-oynuyorum-0-6-ay-icin-101-oyun\/","title":{"rendered":"Bebe\u011fimle Oynuyorum 0-6 Ay \u0130\u00e7in 101 Oyun"},"content":{"rendered":"<p>Yay\u0131n Tarihi: 08.11.2018<br \/>ISBN: 9786055181857<br \/>Dil: T\u00dcRK\u00c7E<br \/>Sayfa Say\u0131s\u0131: 152<br \/>Cilt Tipi: Karton Kapak<br \/>Ka\u011f\u0131t Cinsi: Kitap Ka\u011f\u0131d\u0131<br \/>Boyut: 20 x 23 cm<\/p>","protected":false},"excerpt":{"rendered":"<p>\u0130lk aylarda at\u0131lan ilk ad\u0131mlar, ebeveyn ile bebek aras\u0131nda kurulan ba\u011f, bebekle ileti\u015fim ve bebe\u011fin geli\u015fimini desteklemek, onun geri kalan t\u00fcm hayat\u0131n\u0131 etkileyecek \u00f6neme sahip. Bebe\u011fi ile aras\u0131ndaki ba\u011f\u0131 oyun arac\u0131l\u0131\u011f\u0131 ile g\u00fc\u00e7lendiren ebeveyn, bebe\u011finin ihtiya\u00e7lar\u0131n\u0131 daha kolay kavrayabiliyor, dolay\u0131s\u0131yla g\u00fcvenli bir ba\u011f geli\u015fmesine, yani bebe\u011finin ileride kendine g\u00fcvenen, insanlarla rahat ili\u015fkiye girebilen ve girdi\u011fi ili\u015fkileri s\u00fcrd\u00fcrebilen, hayata ve kendisine pozitif bakan bir birey olmas\u0131na olanak sa\u011fl\u0131yor. Bebe\u011fimle Oynuyorum, bebeklerin sa\u011fl\u0131kl\u0131 geli\u015fimini desteklemek ve takip etmek ad\u0131na T\u00fcrkiye\u2019de bir ilke imza at\u0131yor, erken bebeklik d\u00f6neminde oyunun \u00f6nemini kapsayan bir bilincin uyanmas\u0131na katk\u0131da bulunuyor! Sinem \u00d6zen Canbolat bebeklerin, \u00f6zellikle yenido\u011fan bebeklerin geli\u015fimine odaklanm\u0131\u015f bir Geli\u015fim Psikolo\u011fu. Bebek ve \u00e7ocuklar\u0131n geli\u015fim d\u00fczeylerinin testlerle takip edilmesi, geli\u015fim d\u00fczeylerine uygun oyun, oyuncak ve ortamlar\u0131n sunulmas\u0131, geli\u015fimlerini destekleyecek farkl\u0131 \u00e7\u00f6z\u00fcmler bulunmas\u0131 konular\u0131nda uzman. T\u00fcrkiye\u2019de ilk kez ebeveynlik rehberli\u011finin ve 0-6 ay oyun grubunun bir arada sunuldu\u011fu \u2018Bebe\u011fimle Oynuyorum\/Ailem ve Ben\u2019 at\u00f6lye \u00e7al\u0131\u015fmalar\u0131n\u0131 d\u00fczenledi. Canbolat, \u00e7al\u0131\u015fmalar\u0131ndan elde etti\u011fi birikimleri bu kitapta bizlerle payla\u015f\u0131yor. \u00c7e\u015fitli bilimsel ara\u015ft\u0131rmalarla ge\u00e7erlili\u011fi kan\u0131tlanm\u0131\u015f, t\u00fcm d\u00fcnyada kabul g\u00f6r\u00fcp uygulanm\u0131\u015f bebek geli\u015fimi ve yeti\u015ftirilmesi ile ilgili konular\u0131 siz anne babalara aktar\u0131yor. Bebe\u011finizle \u2018neden\u2019, \u2018nas\u0131l\u2019, \u2018ne zaman\u2019, \u2018nerede\u2019 ve \u2018ne\u2019 oynayabilece\u011finiz hakk\u0131nda bilgi veriyor. Bebe\u011fimle Oynuyorum asl\u0131nda 0-6 ay aras\u0131 bebekler i\u00e7in yaz\u0131lm\u0131\u015f bir ilk kitap! Bebekle oynaman\u0131n \u00f6nemini, oyun oynama bi\u00e7imlerini, oynama zaman\u0131n\u0131, oyun mek\u00e2nlar\u0131n\u0131 ve 0-6 ay aras\u0131 bebeklerin geli\u015fimini destekleyecek oyun ve oyuncaklar\u0131 anlat\u0131yor. Sa\u011fl\u0131kl\u0131 bir bebek-oyun ili\u015fkisinin faydalar\u0131n\u0131 s\u0131ral\u0131yor.<\/p>","protected":false},"featured_media":23121,"template":"","meta":{"spay_email":""},"product_cat":[171],"product_tag":[],"item":[685],"acf":[],"_links":{"self":[{"href":"https:\/\/mgvpublications.com\/de\/wp-json\/wp\/v2\/product\/13806"}],"collection":[{"href":"https:\/\/mgvpublications.com\/de\/wp-json\/wp\/v2\/product"}],"about":[{"href":"https:\/\/mgvpublications.com\/de\/wp-json\/wp\/v2\/types\/product"}],"wp:featuredmedia":[{"embeddable":true,"href":"https:\/\/mgvpublications.com\/de\/wp-json\/wp\/v2\/media\/23121"}],"wp:attachment":[{"href":"https:\/\/mgvpublications.com\/de\/wp-json\/wp\/v2\/media?parent=13806"}],"wp:term":[{"taxonomy":"product_cat","embeddable":true,"href":"https:\/\/mgvpublications.com\/de\/wp-json\/wp\/v2\/product_cat?post=13806"},{"taxonomy":"product_tag","embeddable":true,"href":"https:\/\/mgvpublications.com\/de\/wp-json\/wp\/v2\/product_tag?post=13806"},{"taxonomy":"item","embeddable":true,"href":"https:\/\/mgvpublications.com\/de\/wp-json\/wp\/v2\/item?post=13806"}],"curies":[{"name":"wp","href":"https:\/\/api.w.org\/{rel}","templated":true}]}}