{"id":13802,"date":"2020-12-24T15:42:13","date_gmt":"2020-12-24T14:42:13","guid":{"rendered":"https:\/\/dev2.mgvpublications.com\/produkt\/bu-kitabi-sakin-okuma\/"},"modified":"2022-03-08T22:39:42","modified_gmt":"2022-03-08T21:39:42","slug":"bu-kitabi-sakin-okuma","status":"publish","type":"product","link":"https:\/\/mgvpublications.com\/de\/bu-kitabi-sakin-okuma\/","title":{"rendered":"Bu Kitab\u0131 Sak\u0131n Okuma!"},"content":{"rendered":"<p>Yay\u0131n Tarihi: 08.10.2019<br \/>ISBN: 9786057674111<br \/>Dil: T\u00dcRK\u00c7E<br \/>Sayfa Say\u0131s\u0131: 144<br \/>Cilt Tipi: Karton Kapak<br \/>Ka\u011f\u0131t Cinsi: Kitap Ka\u011f\u0131d\u0131<br \/>Boyut: 13.5 x 21 cm<\/p>","protected":false},"excerpt":{"rendered":"<p>\u015eimdi sana son uyar\u0131m\u0131z\u0131 yap\u0131p \u201cbak yol yak\u0131nken d\u00f6n, durduk yere keyfini ka\u00e7\u0131rma, hayat\u0131n\u0131n ak\u0131\u015f\u0131n\u0131 de\u011fi\u015ftirme, kapat kitab\u0131 koy rafa\u201d derdik ama belli ki dinlemiyorsun, eh o zaman kolay gelsin.<\/p>","protected":false},"featured_media":19605,"template":"","meta":{"spay_email":""},"product_cat":[168],"product_tag":[],"item":[685],"acf":[],"_links":{"self":[{"href":"https:\/\/mgvpublications.com\/de\/wp-json\/wp\/v2\/product\/13802"}],"collection":[{"href":"https:\/\/mgvpublications.com\/de\/wp-json\/wp\/v2\/product"}],"about":[{"href":"https:\/\/mgvpublications.com\/de\/wp-json\/wp\/v2\/types\/product"}],"wp:featuredmedia":[{"embeddable":true,"href":"https:\/\/mgvpublications.com\/de\/wp-json\/wp\/v2\/media\/19605"}],"wp:attachment":[{"href":"https:\/\/mgvpublications.com\/de\/wp-json\/wp\/v2\/media?parent=13802"}],"wp:term":[{"taxonomy":"product_cat","embeddable":true,"href":"https:\/\/mgvpublications.com\/de\/wp-json\/wp\/v2\/product_cat?post=13802"},{"taxonomy":"product_tag","embeddable":true,"href":"https:\/\/mgvpublications.com\/de\/wp-json\/wp\/v2\/product_tag?post=13802"},{"taxonomy":"item","embeddable":true,"href":"https:\/\/mgvpublications.com\/de\/wp-json\/wp\/v2\/item?post=13802"}],"curies":[{"name":"wp","href":"https:\/\/api.w.org\/{rel}","templated":true}]}}